{"id":3245,"date":"2024-02-21T09:51:04","date_gmt":"2024-02-21T08:51:04","guid":{"rendered":"https:\/\/jb-cosmetics.fr\/wordpress\/?post_type=product&#038;p=3245"},"modified":"2025-01-11T09:58:26","modified_gmt":"2025-01-11T08:58:26","slug":"gel-apres-soleil","status":"publish","type":"product","link":"https:\/\/jb-cosmetics.fr\/wordpress\/product\/gel-apres-soleil\/","title":{"rendered":"Gel apr\u00e8s-soleil"},"content":{"rendered":"<p>Le Gel Apr\u00e8s-Soleil de JB Cosmetics est un soin r\u00e9parateur et apaisant. Ce dernier a \u00e9t\u00e9 con\u00e7u pour offrir \u00e0 votre peau un r\u00e9confort optimal apr\u00e8s l&rsquo;exposition au soleil. Sa texture fra\u00eeche et l\u00e9g\u00e8re p\u00e9n\u00e8tre rapidement, apportant une sensation de douceur et de bien-\u00eatre. Formul\u00e9 \u00e0 base de <strong>Gel d&rsquo;Aloe Vera<\/strong> et d\u2019<strong>Huiles V\u00e9g\u00e9tales de Carotte et d&rsquo;Avocat<\/strong>, ce gel est un v\u00e9ritable soin de la peau qui hydrate, apaise et nourrit intens\u00e9ment apr\u00e8s une exposition au soleil.<\/p>\n<p>Le <strong>Gel d&rsquo;Aloe Vera<\/strong>, reconnu pour ses vertus hydratantes et cicatrisantes, est l\u2019ingr\u00e9dient phare de ce soin. Il apporte imm\u00e9diatement une sensation de fra\u00eecheur en soulageant les sensations d&rsquo;irritations dues au soleil. L&rsquo;Aloe Vera est \u00e9galement un puissant r\u00e9parateur qui aide \u00e0 r\u00e9g\u00e9n\u00e9rer la peau en profondeur. Ce qui permet de stimuler la production de collag\u00e8ne pour maintenir l&rsquo;\u00e9lasticit\u00e9 de la peau. Son action hydratante permet de r\u00e9tablir l&rsquo;\u00e9quilibre en eau de la peau, dess\u00e9ch\u00e9e apr\u00e8s une exposition prolong\u00e9e au soleil.<\/p>\n<p>Les <strong>Huiles V\u00e9g\u00e9tales de Carotte et d&rsquo;Avocat<\/strong> compl\u00e8tent parfaitement cette formule en offrant \u00e0 la peau une nutrition intense. L&rsquo;<strong>huile de carotte<\/strong>, riche en provitamine A, est id\u00e9ale pour r\u00e9parer et revitaliser les peaux ab\u00eem\u00e9es par les rayons UV. Elle favorise un teint lumineux et uniforme tout en apportant des bienfaits qui aident \u00e0 att\u00e9nuer les coups de soleil. L&rsquo;<strong>huile d\u2019avocat<\/strong>, quant \u00e0 elle, a des vertus nourrissantes et r\u00e9g\u00e9n\u00e9rantes. Gr\u00e2ce \u00e0 sa richesse en vitamines A, D et E, elle nourrit la peau en profondeur et lui redonne douceur et souplesse, tout en cr\u00e9ant une barri\u00e8re protectrice contre les agressions ext\u00e9rieures.<\/p>\n<p>Ce Gel Apr\u00e8s-Soleil est une solution id\u00e9ale pour restaurer l&rsquo;hydratation et l&rsquo;\u00e9clat de votre peau apr\u00e8s chaque exposition au soleil. Sa texture non grasse et rapidement absorb\u00e9e permet de l&rsquo;appliquer facilement sur tout le corps, apportant un apaisement instantan\u00e9. De plus, il peut \u00e9galement \u00eatre utilis\u00e9 quotidiennement pour maintenir l&rsquo;hydratation et la sant\u00e9 de la peau apr\u00e8s l&rsquo;\u00e9t\u00e9.<\/p>\n<p>Formul\u00e9 sans parab\u00e8nes, ce gel apr\u00e8s-soleil s&rsquo;adapte \u00e0 tous les types de peau, m\u00eame les plus sensibles. Pour une peau rafra\u00eechie, r\u00e9par\u00e9e et nourrie, le Gel Apr\u00e8s-Soleil JB Cosmetics est le soin incontournable \u00e0 int\u00e9grer dans votre routine estivale.<\/p>\n","protected":false},"excerpt":{"rendered":"<p>Le gel apr\u00e8s-soleil JB Cosmetics combine l&rsquo;Aloe Vera apaisant aux Huiles de Carotte et d&rsquo;Avocat r\u00e9g\u00e9n\u00e9rantes. Un soin essentiel pour une r\u00e9cup\u00e9ration en douceur apr\u00e8s le soleil.<\/p>\n","protected":false},"featured_media":4564,"comment_status":"open","ping_status":"closed","template":"elementor_header_footer","meta":[],"product_brand":[],"product_cat":[26],"product_tag":[105,97],"class_list":{"0":"post-3245","1":"product","2":"type-product","3":"status-publish","4":"has-post-thumbnail","6":"product_cat-soins-pour-le-corps","7":"product_tag-bronzage-et-apres-bronzage","8":"product_tag-soins-pour-le-corps","10":"entry","11":"has-media","13":"first","14":"instock","15":"taxable","16":"shipping-taxable","17":"purchasable","18":"product-type-simple","19":"has-product-nav","20":"col","21":"span_1_of_3","22":"owp-content-center","23":"owp-thumbs-layout-horizontal","24":"owp-btn-normal","25":"owp-tabs-layout-horizontal","26":"has-no-thumbnails"},"yoast_head":"<!-- This site is optimized with the Yoast SEO plugin v27.3 - https:\/\/yoast.com\/product\/yoast-seo-wordpress\/ -->\n<title>Gel apr\u00e8s-soleil - JB Cosmetics<\/title>\n<meta name=\"description\" content=\"Apaisez votre peau avec le gel apr\u00e8s-soleil JB Cosmetics : Aloe Vera, Huiles de Carotte et d&#039;Avocat pour une r\u00e9cup\u00e9ration apr\u00e8s l&#039;exposition au soleil.\" \/>\n<meta name=\"robots\" content=\"noindex, follow, max-snippet:-1, max-image-preview:large, max-video-preview:-1\" \/>\n<meta property=\"og:locale\" content=\"fr_FR\" \/>\n<meta property=\"og:type\" content=\"article\" \/>\n<meta property=\"og:title\" content=\"Gel apr\u00e8s-soleil - JB Cosmetics\" \/>\n<meta property=\"og:description\" content=\"Apaisez votre peau avec le gel apr\u00e8s-soleil JB Cosmetics : Aloe Vera, Huiles de Carotte et d&#039;Avocat pour une r\u00e9cup\u00e9ration apr\u00e8s l&#039;exposition au soleil.\" \/>\n<meta property=\"og:url\" content=\"https:\/\/jb-cosmetics.fr\/wordpress\/product\/gel-apres-soleil\/\" \/>\n<meta property=\"og:site_name\" content=\"JB Cosmetics\" \/>\n<meta property=\"article:modified_time\" content=\"2025-01-11T08:58:26+00:00\" \/>\n<meta property=\"og:image\" content=\"https:\/\/jb-cosmetics.fr\/wordpress\/wp-content\/uploads\/2025\/01\/Gel-apres-soleil-1.png\" \/>\n\t<meta property=\"og:image:width\" content=\"1000\" \/>\n\t<meta property=\"og:image:height\" content=\"666\" \/>\n\t<meta property=\"og:image:type\" content=\"image\/png\" \/>\n<meta name=\"twitter:card\" content=\"summary_large_image\" \/>\n<meta name=\"twitter:label1\" content=\"Dur\u00e9e de lecture estim\u00e9e\" \/>\n\t<meta name=\"twitter:data1\" content=\"2 minutes\" \/>\n<script type=\"application\/ld+json\" class=\"yoast-schema-graph\">{\"@context\":\"https:\\\/\\\/schema.org\",\"@graph\":[{\"@type\":\"WebPage\",\"@id\":\"https:\\\/\\\/jb-cosmetics.fr\\\/wordpress\\\/product\\\/gel-apres-soleil\\\/\",\"url\":\"https:\\\/\\\/jb-cosmetics.fr\\\/wordpress\\\/product\\\/gel-apres-soleil\\\/\",\"name\":\"Gel apr\u00e8s-soleil - JB Cosmetics\",\"isPartOf\":{\"@id\":\"https:\\\/\\\/jb-cosmetics.fr\\\/wordpress\\\/#website\"},\"primaryImageOfPage\":{\"@id\":\"https:\\\/\\\/jb-cosmetics.fr\\\/wordpress\\\/product\\\/gel-apres-soleil\\\/#primaryimage\"},\"image\":{\"@id\":\"https:\\\/\\\/jb-cosmetics.fr\\\/wordpress\\\/product\\\/gel-apres-soleil\\\/#primaryimage\"},\"thumbnailUrl\":\"https:\\\/\\\/jb-cosmetics.fr\\\/wordpress\\\/wp-content\\\/uploads\\\/2025\\\/01\\\/Gel-apres-soleil-1.png\",\"datePublished\":\"2024-02-21T08:51:04+00:00\",\"dateModified\":\"2025-01-11T08:58:26+00:00\",\"description\":\"Apaisez votre peau avec le gel apr\u00e8s-soleil JB Cosmetics : Aloe Vera, Huiles de Carotte et d'Avocat pour une r\u00e9cup\u00e9ration apr\u00e8s l'exposition au soleil.\",\"breadcrumb\":{\"@id\":\"https:\\\/\\\/jb-cosmetics.fr\\\/wordpress\\\/product\\\/gel-apres-soleil\\\/#breadcrumb\"},\"inLanguage\":\"fr-FR\",\"potentialAction\":[{\"@type\":\"ReadAction\",\"target\":[\"https:\\\/\\\/jb-cosmetics.fr\\\/wordpress\\\/product\\\/gel-apres-soleil\\\/\"]}]},{\"@type\":\"ImageObject\",\"inLanguage\":\"fr-FR\",\"@id\":\"https:\\\/\\\/jb-cosmetics.fr\\\/wordpress\\\/product\\\/gel-apres-soleil\\\/#primaryimage\",\"url\":\"https:\\\/\\\/jb-cosmetics.fr\\\/wordpress\\\/wp-content\\\/uploads\\\/2025\\\/01\\\/Gel-apres-soleil-1.png\",\"contentUrl\":\"https:\\\/\\\/jb-cosmetics.fr\\\/wordpress\\\/wp-content\\\/uploads\\\/2025\\\/01\\\/Gel-apres-soleil-1.png\",\"width\":1000,\"height\":666},{\"@type\":\"BreadcrumbList\",\"@id\":\"https:\\\/\\\/jb-cosmetics.fr\\\/wordpress\\\/product\\\/gel-apres-soleil\\\/#breadcrumb\",\"itemListElement\":[{\"@type\":\"ListItem\",\"position\":1,\"name\":\"Accueil\",\"item\":\"https:\\\/\\\/jb-cosmetics.fr\\\/wordpress\\\/\"},{\"@type\":\"ListItem\",\"position\":2,\"name\":\"Produits\",\"item\":\"https:\\\/\\\/jb-cosmetics.fr\\\/wordpress\\\/shop\\\/\"},{\"@type\":\"ListItem\",\"position\":3,\"name\":\"Gel apr\u00e8s-soleil\"}]},{\"@type\":\"WebSite\",\"@id\":\"https:\\\/\\\/jb-cosmetics.fr\\\/wordpress\\\/#website\",\"url\":\"https:\\\/\\\/jb-cosmetics.fr\\\/wordpress\\\/\",\"name\":\"JB Cosmetics\",\"description\":\"\",\"publisher\":{\"@id\":\"https:\\\/\\\/jb-cosmetics.fr\\\/wordpress\\\/#organization\"},\"potentialAction\":[{\"@type\":\"SearchAction\",\"target\":{\"@type\":\"EntryPoint\",\"urlTemplate\":\"https:\\\/\\\/jb-cosmetics.fr\\\/wordpress\\\/?s={search_term_string}\"},\"query-input\":{\"@type\":\"PropertyValueSpecification\",\"valueRequired\":true,\"valueName\":\"search_term_string\"}}],\"inLanguage\":\"fr-FR\"},{\"@type\":\"Organization\",\"@id\":\"https:\\\/\\\/jb-cosmetics.fr\\\/wordpress\\\/#organization\",\"name\":\"JB Cosmetics\",\"url\":\"https:\\\/\\\/jb-cosmetics.fr\\\/wordpress\\\/\",\"logo\":{\"@type\":\"ImageObject\",\"inLanguage\":\"fr-FR\",\"@id\":\"https:\\\/\\\/jb-cosmetics.fr\\\/wordpress\\\/#\\\/schema\\\/logo\\\/image\\\/\",\"url\":\"https:\\\/\\\/jb-cosmetics.fr\\\/wordpress\\\/wp-content\\\/uploads\\\/2024\\\/02\\\/Logo.png\",\"contentUrl\":\"https:\\\/\\\/jb-cosmetics.fr\\\/wordpress\\\/wp-content\\\/uploads\\\/2024\\\/02\\\/Logo.png\",\"width\":225,\"height\":220,\"caption\":\"JB Cosmetics\"},\"image\":{\"@id\":\"https:\\\/\\\/jb-cosmetics.fr\\\/wordpress\\\/#\\\/schema\\\/logo\\\/image\\\/\"}}]}<\/script>\n<!-- \/ Yoast SEO plugin. -->","yoast_head_json":{"title":"Gel apr\u00e8s-soleil - JB Cosmetics","description":"Apaisez votre peau avec le gel apr\u00e8s-soleil JB Cosmetics : Aloe Vera, Huiles de Carotte et d'Avocat pour une r\u00e9cup\u00e9ration apr\u00e8s l'exposition au soleil.","robots":{"index":"noindex","follow":"follow","max-snippet":"max-snippet:-1","max-image-preview":"max-image-preview:large","max-video-preview":"max-video-preview:-1"},"og_locale":"fr_FR","og_type":"article","og_title":"Gel apr\u00e8s-soleil - JB Cosmetics","og_description":"Apaisez votre peau avec le gel apr\u00e8s-soleil JB Cosmetics : Aloe Vera, Huiles de Carotte et d'Avocat pour une r\u00e9cup\u00e9ration apr\u00e8s l'exposition au soleil.","og_url":"https:\/\/jb-cosmetics.fr\/wordpress\/product\/gel-apres-soleil\/","og_site_name":"JB Cosmetics","article_modified_time":"2025-01-11T08:58:26+00:00","og_image":[{"width":1000,"height":666,"url":"https:\/\/jb-cosmetics.fr\/wordpress\/wp-content\/uploads\/2025\/01\/Gel-apres-soleil-1.png","type":"image\/png"}],"twitter_card":"summary_large_image","twitter_misc":{"Dur\u00e9e de lecture estim\u00e9e":"2 minutes"},"schema":{"@context":"https:\/\/schema.org","@graph":[{"@type":"WebPage","@id":"https:\/\/jb-cosmetics.fr\/wordpress\/product\/gel-apres-soleil\/","url":"https:\/\/jb-cosmetics.fr\/wordpress\/product\/gel-apres-soleil\/","name":"Gel apr\u00e8s-soleil - JB Cosmetics","isPartOf":{"@id":"https:\/\/jb-cosmetics.fr\/wordpress\/#website"},"primaryImageOfPage":{"@id":"https:\/\/jb-cosmetics.fr\/wordpress\/product\/gel-apres-soleil\/#primaryimage"},"image":{"@id":"https:\/\/jb-cosmetics.fr\/wordpress\/product\/gel-apres-soleil\/#primaryimage"},"thumbnailUrl":"https:\/\/jb-cosmetics.fr\/wordpress\/wp-content\/uploads\/2025\/01\/Gel-apres-soleil-1.png","datePublished":"2024-02-21T08:51:04+00:00","dateModified":"2025-01-11T08:58:26+00:00","description":"Apaisez votre peau avec le gel apr\u00e8s-soleil JB Cosmetics : Aloe Vera, Huiles de Carotte et d'Avocat pour une r\u00e9cup\u00e9ration apr\u00e8s l'exposition au soleil.","breadcrumb":{"@id":"https:\/\/jb-cosmetics.fr\/wordpress\/product\/gel-apres-soleil\/#breadcrumb"},"inLanguage":"fr-FR","potentialAction":[{"@type":"ReadAction","target":["https:\/\/jb-cosmetics.fr\/wordpress\/product\/gel-apres-soleil\/"]}]},{"@type":"ImageObject","inLanguage":"fr-FR","@id":"https:\/\/jb-cosmetics.fr\/wordpress\/product\/gel-apres-soleil\/#primaryimage","url":"https:\/\/jb-cosmetics.fr\/wordpress\/wp-content\/uploads\/2025\/01\/Gel-apres-soleil-1.png","contentUrl":"https:\/\/jb-cosmetics.fr\/wordpress\/wp-content\/uploads\/2025\/01\/Gel-apres-soleil-1.png","width":1000,"height":666},{"@type":"BreadcrumbList","@id":"https:\/\/jb-cosmetics.fr\/wordpress\/product\/gel-apres-soleil\/#breadcrumb","itemListElement":[{"@type":"ListItem","position":1,"name":"Accueil","item":"https:\/\/jb-cosmetics.fr\/wordpress\/"},{"@type":"ListItem","position":2,"name":"Produits","item":"https:\/\/jb-cosmetics.fr\/wordpress\/shop\/"},{"@type":"ListItem","position":3,"name":"Gel apr\u00e8s-soleil"}]},{"@type":"WebSite","@id":"https:\/\/jb-cosmetics.fr\/wordpress\/#website","url":"https:\/\/jb-cosmetics.fr\/wordpress\/","name":"JB Cosmetics","description":"","publisher":{"@id":"https:\/\/jb-cosmetics.fr\/wordpress\/#organization"},"potentialAction":[{"@type":"SearchAction","target":{"@type":"EntryPoint","urlTemplate":"https:\/\/jb-cosmetics.fr\/wordpress\/?s={search_term_string}"},"query-input":{"@type":"PropertyValueSpecification","valueRequired":true,"valueName":"search_term_string"}}],"inLanguage":"fr-FR"},{"@type":"Organization","@id":"https:\/\/jb-cosmetics.fr\/wordpress\/#organization","name":"JB Cosmetics","url":"https:\/\/jb-cosmetics.fr\/wordpress\/","logo":{"@type":"ImageObject","inLanguage":"fr-FR","@id":"https:\/\/jb-cosmetics.fr\/wordpress\/#\/schema\/logo\/image\/","url":"https:\/\/jb-cosmetics.fr\/wordpress\/wp-content\/uploads\/2024\/02\/Logo.png","contentUrl":"https:\/\/jb-cosmetics.fr\/wordpress\/wp-content\/uploads\/2024\/02\/Logo.png","width":225,"height":220,"caption":"JB Cosmetics"},"image":{"@id":"https:\/\/jb-cosmetics.fr\/wordpress\/#\/schema\/logo\/image\/"}}]}},"_links":{"self":[{"href":"https:\/\/jb-cosmetics.fr\/wordpress\/wp-json\/wp\/v2\/product\/3245","targetHints":{"allow":["GET"]}}],"collection":[{"href":"https:\/\/jb-cosmetics.fr\/wordpress\/wp-json\/wp\/v2\/product"}],"about":[{"href":"https:\/\/jb-cosmetics.fr\/wordpress\/wp-json\/wp\/v2\/types\/product"}],"replies":[{"embeddable":true,"href":"https:\/\/jb-cosmetics.fr\/wordpress\/wp-json\/wp\/v2\/comments?post=3245"}],"version-history":[{"count":3,"href":"https:\/\/jb-cosmetics.fr\/wordpress\/wp-json\/wp\/v2\/product\/3245\/revisions"}],"predecessor-version":[{"id":4204,"href":"https:\/\/jb-cosmetics.fr\/wordpress\/wp-json\/wp\/v2\/product\/3245\/revisions\/4204"}],"wp:featuredmedia":[{"embeddable":true,"href":"https:\/\/jb-cosmetics.fr\/wordpress\/wp-json\/wp\/v2\/media\/4564"}],"wp:attachment":[{"href":"https:\/\/jb-cosmetics.fr\/wordpress\/wp-json\/wp\/v2\/media?parent=3245"}],"wp:term":[{"taxonomy":"product_brand","embeddable":true,"href":"https:\/\/jb-cosmetics.fr\/wordpress\/wp-json\/wp\/v2\/product_brand?post=3245"},{"taxonomy":"product_cat","embeddable":true,"href":"https:\/\/jb-cosmetics.fr\/wordpress\/wp-json\/wp\/v2\/product_cat?post=3245"},{"taxonomy":"product_tag","embeddable":true,"href":"https:\/\/jb-cosmetics.fr\/wordpress\/wp-json\/wp\/v2\/product_tag?post=3245"}],"curies":[{"name":"wp","href":"https:\/\/api.w.org\/{rel}","templated":true}]}}