{"id":3225,"date":"2024-02-21T09:08:08","date_gmt":"2024-02-21T08:08:08","guid":{"rendered":"https:\/\/jb-cosmetics.fr\/wordpress\/?post_type=product&#038;p=3225"},"modified":"2025-01-11T10:01:51","modified_gmt":"2025-01-11T09:01:51","slug":"lait-apres-soleil","status":"publish","type":"product","link":"https:\/\/jb-cosmetics.fr\/wordpress\/product\/lait-apres-soleil\/","title":{"rendered":"Lait apr\u00e8s-soleil"},"content":{"rendered":"<p>Le Lait Apr\u00e8s-Soleil de JB Cosmetics est con\u00e7u pour apaiser, hydrater et nourrir la peau apr\u00e8s l&rsquo;exposition au soleil. Sa formule unique, enrichie en <strong>Mac\u00e9r\u00e2t Huileux de Carotte<\/strong> et en <strong>Hydrolat de Menthe Poivr\u00e9e<\/strong>, offre \u00e0 la peau un confort imm\u00e9diat et une sensation de fra\u00eecheur.<\/p>\n<p>Le <strong>Mac\u00e9r\u00e2t Huileux de Carotte<\/strong> est reconnu pour ses propri\u00e9t\u00e9s r\u00e9paratrices et r\u00e9g\u00e9n\u00e9rantes. Il aide \u00e0 revitaliser la peau apr\u00e8s une exposition au soleil. Ce mac\u00e9rat nourrit en profondeur et favorise un teint lumineux et uniforme. \u00c9galement connu pour ses vertus antioxydantes, aidant \u00e0 lutter contre les signes de vieillissement pr\u00e9matur\u00e9. Gr\u00e2ce \u00e0 sa richesse en b\u00eata-carot\u00e8ne, il offre \u00e0 la peau une texture douce et soyeuse, tout en apaisant les \u00e9ventuelles rougeurs.<\/p>\n<p>L&rsquo;<strong>Hydrolat de Menthe Poivr\u00e9e<\/strong> procure une sensation imm\u00e9diate de fra\u00eecheur et de bien-\u00eatre. Il apaise les peaux \u00e9chauff\u00e9es et hydrate en profondeur. L\u2019hydrolat de menthe poivr\u00e9e est \u00e9galement tonifiant et rafra\u00eechissant, id\u00e9al pour calmer les sensations de chaleur sur la peau. Sa propri\u00e9t\u00e9 purifiante permet de maintenir la peau nette et apais\u00e9e, tandis que son parfum agr\u00e9able cr\u00e9e une sensation de relaxation apr\u00e8s le soleil.<\/p>\n<p>La texture l\u00e9g\u00e8re et fluide du lait p\u00e9n\u00e8tre rapidement sans laisser de film gras. Il hydrate intens\u00e9ment et r\u00e9pare la peau en profondeur. Ce lait est con\u00e7u pour tous les types de peau, m\u00eame les plus sensibles. Il peut \u00eatre appliqu\u00e9 quotidiennement pour prolonger le bronzage tout en apportant confort et protection.<\/p>\n<p>Le Lait Apr\u00e8s-Soleil de JB Cosmetics est le soin id\u00e9al pour choyer votre peau apr\u00e8s une exposition au soleil. Gr\u00e2ce \u00e0 sa formulation enrichie, il laisse votre peau douce, nourrie et rafra\u00eechie.<\/p>\n","protected":false},"excerpt":{"rendered":"<p>Le Lait Apr\u00e8s-Soleil de JB Cosmetics apaise et r\u00e9g\u00e9n\u00e8re avec le Mac\u00e9r\u00e2t Huileux de Carotte et l&rsquo;Hydrolat de Menthe Poivr\u00e9e. Un soin r\u00e9parateur pour une peau resplendissante.<\/p>\n","protected":false},"featured_media":4561,"comment_status":"open","ping_status":"closed","template":"elementor_header_footer","meta":[],"product_brand":[],"product_cat":[26],"product_tag":[104,103,97],"class_list":{"0":"post-3225","1":"product","2":"type-product","3":"status-publish","4":"has-post-thumbnail","6":"product_cat-soins-pour-le-corps","7":"product_tag-apres-soleil","8":"product_tag-soins-apaisants","9":"product_tag-soins-pour-le-corps","11":"entry","12":"has-media","14":"first","15":"instock","16":"taxable","17":"shipping-taxable","18":"purchasable","19":"product-type-simple","20":"has-product-nav","21":"col","22":"span_1_of_3","23":"owp-content-center","24":"owp-thumbs-layout-horizontal","25":"owp-btn-normal","26":"owp-tabs-layout-horizontal","27":"has-no-thumbnails"},"yoast_head":"<!-- This site is optimized with the Yoast SEO plugin v27.3 - https:\/\/yoast.com\/product\/yoast-seo-wordpress\/ -->\n<title>Lait apr\u00e8s-soleil - JB Cosmetics<\/title>\n<meta name=\"description\" content=\"Lait apr\u00e8s-soleil JB Cosmetics : Mac\u00e9r\u00e2t de Carotte et Menthe Poivr\u00e9e apaisent, hydratent et prolongent le bronzage. L&#039;\u00e9clat estival en un geste.\" \/>\n<meta name=\"robots\" content=\"noindex, follow, max-snippet:-1, max-image-preview:large, max-video-preview:-1\" \/>\n<meta property=\"og:locale\" content=\"fr_FR\" \/>\n<meta property=\"og:type\" content=\"article\" \/>\n<meta property=\"og:title\" content=\"Lait apr\u00e8s-soleil - JB Cosmetics\" \/>\n<meta property=\"og:description\" content=\"Lait apr\u00e8s-soleil JB Cosmetics : Mac\u00e9r\u00e2t de Carotte et Menthe Poivr\u00e9e apaisent, hydratent et prolongent le bronzage. L&#039;\u00e9clat estival en un geste.\" \/>\n<meta property=\"og:url\" content=\"https:\/\/jb-cosmetics.fr\/wordpress\/product\/lait-apres-soleil\/\" \/>\n<meta property=\"og:site_name\" content=\"JB Cosmetics\" \/>\n<meta property=\"article:modified_time\" content=\"2025-01-11T09:01:51+00:00\" \/>\n<meta property=\"og:image\" content=\"https:\/\/jb-cosmetics.fr\/wordpress\/wp-content\/uploads\/2025\/01\/lait-apres-soleil.jpg\" \/>\n\t<meta property=\"og:image:width\" content=\"1000\" \/>\n\t<meta property=\"og:image:height\" content=\"667\" \/>\n\t<meta property=\"og:image:type\" content=\"image\/jpeg\" \/>\n<meta name=\"twitter:card\" content=\"summary_large_image\" \/>\n<meta name=\"twitter:label1\" content=\"Dur\u00e9e de lecture estim\u00e9e\" \/>\n\t<meta name=\"twitter:data1\" content=\"2 minutes\" \/>\n<script type=\"application\/ld+json\" class=\"yoast-schema-graph\">{\"@context\":\"https:\\\/\\\/schema.org\",\"@graph\":[{\"@type\":\"WebPage\",\"@id\":\"https:\\\/\\\/jb-cosmetics.fr\\\/wordpress\\\/product\\\/lait-apres-soleil\\\/\",\"url\":\"https:\\\/\\\/jb-cosmetics.fr\\\/wordpress\\\/product\\\/lait-apres-soleil\\\/\",\"name\":\"Lait apr\u00e8s-soleil - JB Cosmetics\",\"isPartOf\":{\"@id\":\"https:\\\/\\\/jb-cosmetics.fr\\\/wordpress\\\/#website\"},\"primaryImageOfPage\":{\"@id\":\"https:\\\/\\\/jb-cosmetics.fr\\\/wordpress\\\/product\\\/lait-apres-soleil\\\/#primaryimage\"},\"image\":{\"@id\":\"https:\\\/\\\/jb-cosmetics.fr\\\/wordpress\\\/product\\\/lait-apres-soleil\\\/#primaryimage\"},\"thumbnailUrl\":\"https:\\\/\\\/jb-cosmetics.fr\\\/wordpress\\\/wp-content\\\/uploads\\\/2025\\\/01\\\/lait-apres-soleil.jpg\",\"datePublished\":\"2024-02-21T08:08:08+00:00\",\"dateModified\":\"2025-01-11T09:01:51+00:00\",\"description\":\"Lait apr\u00e8s-soleil JB Cosmetics : Mac\u00e9r\u00e2t de Carotte et Menthe Poivr\u00e9e apaisent, hydratent et prolongent le bronzage. L'\u00e9clat estival en un geste.\",\"breadcrumb\":{\"@id\":\"https:\\\/\\\/jb-cosmetics.fr\\\/wordpress\\\/product\\\/lait-apres-soleil\\\/#breadcrumb\"},\"inLanguage\":\"fr-FR\",\"potentialAction\":[{\"@type\":\"ReadAction\",\"target\":[\"https:\\\/\\\/jb-cosmetics.fr\\\/wordpress\\\/product\\\/lait-apres-soleil\\\/\"]}]},{\"@type\":\"ImageObject\",\"inLanguage\":\"fr-FR\",\"@id\":\"https:\\\/\\\/jb-cosmetics.fr\\\/wordpress\\\/product\\\/lait-apres-soleil\\\/#primaryimage\",\"url\":\"https:\\\/\\\/jb-cosmetics.fr\\\/wordpress\\\/wp-content\\\/uploads\\\/2025\\\/01\\\/lait-apres-soleil.jpg\",\"contentUrl\":\"https:\\\/\\\/jb-cosmetics.fr\\\/wordpress\\\/wp-content\\\/uploads\\\/2025\\\/01\\\/lait-apres-soleil.jpg\",\"width\":1000,\"height\":667},{\"@type\":\"BreadcrumbList\",\"@id\":\"https:\\\/\\\/jb-cosmetics.fr\\\/wordpress\\\/product\\\/lait-apres-soleil\\\/#breadcrumb\",\"itemListElement\":[{\"@type\":\"ListItem\",\"position\":1,\"name\":\"Accueil\",\"item\":\"https:\\\/\\\/jb-cosmetics.fr\\\/wordpress\\\/\"},{\"@type\":\"ListItem\",\"position\":2,\"name\":\"Produits\",\"item\":\"https:\\\/\\\/jb-cosmetics.fr\\\/wordpress\\\/shop\\\/\"},{\"@type\":\"ListItem\",\"position\":3,\"name\":\"Lait apr\u00e8s-soleil\"}]},{\"@type\":\"WebSite\",\"@id\":\"https:\\\/\\\/jb-cosmetics.fr\\\/wordpress\\\/#website\",\"url\":\"https:\\\/\\\/jb-cosmetics.fr\\\/wordpress\\\/\",\"name\":\"JB Cosmetics\",\"description\":\"\",\"publisher\":{\"@id\":\"https:\\\/\\\/jb-cosmetics.fr\\\/wordpress\\\/#organization\"},\"potentialAction\":[{\"@type\":\"SearchAction\",\"target\":{\"@type\":\"EntryPoint\",\"urlTemplate\":\"https:\\\/\\\/jb-cosmetics.fr\\\/wordpress\\\/?s={search_term_string}\"},\"query-input\":{\"@type\":\"PropertyValueSpecification\",\"valueRequired\":true,\"valueName\":\"search_term_string\"}}],\"inLanguage\":\"fr-FR\"},{\"@type\":\"Organization\",\"@id\":\"https:\\\/\\\/jb-cosmetics.fr\\\/wordpress\\\/#organization\",\"name\":\"JB Cosmetics\",\"url\":\"https:\\\/\\\/jb-cosmetics.fr\\\/wordpress\\\/\",\"logo\":{\"@type\":\"ImageObject\",\"inLanguage\":\"fr-FR\",\"@id\":\"https:\\\/\\\/jb-cosmetics.fr\\\/wordpress\\\/#\\\/schema\\\/logo\\\/image\\\/\",\"url\":\"https:\\\/\\\/jb-cosmetics.fr\\\/wordpress\\\/wp-content\\\/uploads\\\/2024\\\/02\\\/Logo.png\",\"contentUrl\":\"https:\\\/\\\/jb-cosmetics.fr\\\/wordpress\\\/wp-content\\\/uploads\\\/2024\\\/02\\\/Logo.png\",\"width\":225,\"height\":220,\"caption\":\"JB Cosmetics\"},\"image\":{\"@id\":\"https:\\\/\\\/jb-cosmetics.fr\\\/wordpress\\\/#\\\/schema\\\/logo\\\/image\\\/\"}}]}<\/script>\n<!-- \/ Yoast SEO plugin. -->","yoast_head_json":{"title":"Lait apr\u00e8s-soleil - JB Cosmetics","description":"Lait apr\u00e8s-soleil JB Cosmetics : Mac\u00e9r\u00e2t de Carotte et Menthe Poivr\u00e9e apaisent, hydratent et prolongent le bronzage. L'\u00e9clat estival en un geste.","robots":{"index":"noindex","follow":"follow","max-snippet":"max-snippet:-1","max-image-preview":"max-image-preview:large","max-video-preview":"max-video-preview:-1"},"og_locale":"fr_FR","og_type":"article","og_title":"Lait apr\u00e8s-soleil - JB Cosmetics","og_description":"Lait apr\u00e8s-soleil JB Cosmetics : Mac\u00e9r\u00e2t de Carotte et Menthe Poivr\u00e9e apaisent, hydratent et prolongent le bronzage. L'\u00e9clat estival en un geste.","og_url":"https:\/\/jb-cosmetics.fr\/wordpress\/product\/lait-apres-soleil\/","og_site_name":"JB Cosmetics","article_modified_time":"2025-01-11T09:01:51+00:00","og_image":[{"width":1000,"height":667,"url":"https:\/\/jb-cosmetics.fr\/wordpress\/wp-content\/uploads\/2025\/01\/lait-apres-soleil.jpg","type":"image\/jpeg"}],"twitter_card":"summary_large_image","twitter_misc":{"Dur\u00e9e de lecture estim\u00e9e":"2 minutes"},"schema":{"@context":"https:\/\/schema.org","@graph":[{"@type":"WebPage","@id":"https:\/\/jb-cosmetics.fr\/wordpress\/product\/lait-apres-soleil\/","url":"https:\/\/jb-cosmetics.fr\/wordpress\/product\/lait-apres-soleil\/","name":"Lait apr\u00e8s-soleil - JB Cosmetics","isPartOf":{"@id":"https:\/\/jb-cosmetics.fr\/wordpress\/#website"},"primaryImageOfPage":{"@id":"https:\/\/jb-cosmetics.fr\/wordpress\/product\/lait-apres-soleil\/#primaryimage"},"image":{"@id":"https:\/\/jb-cosmetics.fr\/wordpress\/product\/lait-apres-soleil\/#primaryimage"},"thumbnailUrl":"https:\/\/jb-cosmetics.fr\/wordpress\/wp-content\/uploads\/2025\/01\/lait-apres-soleil.jpg","datePublished":"2024-02-21T08:08:08+00:00","dateModified":"2025-01-11T09:01:51+00:00","description":"Lait apr\u00e8s-soleil JB Cosmetics : Mac\u00e9r\u00e2t de Carotte et Menthe Poivr\u00e9e apaisent, hydratent et prolongent le bronzage. L'\u00e9clat estival en un geste.","breadcrumb":{"@id":"https:\/\/jb-cosmetics.fr\/wordpress\/product\/lait-apres-soleil\/#breadcrumb"},"inLanguage":"fr-FR","potentialAction":[{"@type":"ReadAction","target":["https:\/\/jb-cosmetics.fr\/wordpress\/product\/lait-apres-soleil\/"]}]},{"@type":"ImageObject","inLanguage":"fr-FR","@id":"https:\/\/jb-cosmetics.fr\/wordpress\/product\/lait-apres-soleil\/#primaryimage","url":"https:\/\/jb-cosmetics.fr\/wordpress\/wp-content\/uploads\/2025\/01\/lait-apres-soleil.jpg","contentUrl":"https:\/\/jb-cosmetics.fr\/wordpress\/wp-content\/uploads\/2025\/01\/lait-apres-soleil.jpg","width":1000,"height":667},{"@type":"BreadcrumbList","@id":"https:\/\/jb-cosmetics.fr\/wordpress\/product\/lait-apres-soleil\/#breadcrumb","itemListElement":[{"@type":"ListItem","position":1,"name":"Accueil","item":"https:\/\/jb-cosmetics.fr\/wordpress\/"},{"@type":"ListItem","position":2,"name":"Produits","item":"https:\/\/jb-cosmetics.fr\/wordpress\/shop\/"},{"@type":"ListItem","position":3,"name":"Lait apr\u00e8s-soleil"}]},{"@type":"WebSite","@id":"https:\/\/jb-cosmetics.fr\/wordpress\/#website","url":"https:\/\/jb-cosmetics.fr\/wordpress\/","name":"JB Cosmetics","description":"","publisher":{"@id":"https:\/\/jb-cosmetics.fr\/wordpress\/#organization"},"potentialAction":[{"@type":"SearchAction","target":{"@type":"EntryPoint","urlTemplate":"https:\/\/jb-cosmetics.fr\/wordpress\/?s={search_term_string}"},"query-input":{"@type":"PropertyValueSpecification","valueRequired":true,"valueName":"search_term_string"}}],"inLanguage":"fr-FR"},{"@type":"Organization","@id":"https:\/\/jb-cosmetics.fr\/wordpress\/#organization","name":"JB Cosmetics","url":"https:\/\/jb-cosmetics.fr\/wordpress\/","logo":{"@type":"ImageObject","inLanguage":"fr-FR","@id":"https:\/\/jb-cosmetics.fr\/wordpress\/#\/schema\/logo\/image\/","url":"https:\/\/jb-cosmetics.fr\/wordpress\/wp-content\/uploads\/2024\/02\/Logo.png","contentUrl":"https:\/\/jb-cosmetics.fr\/wordpress\/wp-content\/uploads\/2024\/02\/Logo.png","width":225,"height":220,"caption":"JB Cosmetics"},"image":{"@id":"https:\/\/jb-cosmetics.fr\/wordpress\/#\/schema\/logo\/image\/"}}]}},"_links":{"self":[{"href":"https:\/\/jb-cosmetics.fr\/wordpress\/wp-json\/wp\/v2\/product\/3225","targetHints":{"allow":["GET"]}}],"collection":[{"href":"https:\/\/jb-cosmetics.fr\/wordpress\/wp-json\/wp\/v2\/product"}],"about":[{"href":"https:\/\/jb-cosmetics.fr\/wordpress\/wp-json\/wp\/v2\/types\/product"}],"replies":[{"embeddable":true,"href":"https:\/\/jb-cosmetics.fr\/wordpress\/wp-json\/wp\/v2\/comments?post=3225"}],"version-history":[{"count":4,"href":"https:\/\/jb-cosmetics.fr\/wordpress\/wp-json\/wp\/v2\/product\/3225\/revisions"}],"predecessor-version":[{"id":4216,"href":"https:\/\/jb-cosmetics.fr\/wordpress\/wp-json\/wp\/v2\/product\/3225\/revisions\/4216"}],"wp:featuredmedia":[{"embeddable":true,"href":"https:\/\/jb-cosmetics.fr\/wordpress\/wp-json\/wp\/v2\/media\/4561"}],"wp:attachment":[{"href":"https:\/\/jb-cosmetics.fr\/wordpress\/wp-json\/wp\/v2\/media?parent=3225"}],"wp:term":[{"taxonomy":"product_brand","embeddable":true,"href":"https:\/\/jb-cosmetics.fr\/wordpress\/wp-json\/wp\/v2\/product_brand?post=3225"},{"taxonomy":"product_cat","embeddable":true,"href":"https:\/\/jb-cosmetics.fr\/wordpress\/wp-json\/wp\/v2\/product_cat?post=3225"},{"taxonomy":"product_tag","embeddable":true,"href":"https:\/\/jb-cosmetics.fr\/wordpress\/wp-json\/wp\/v2\/product_tag?post=3225"}],"curies":[{"name":"wp","href":"https:\/\/api.w.org\/{rel}","templated":true}]}}