{"id":2891,"date":"2024-02-20T09:41:50","date_gmt":"2024-02-20T08:41:50","guid":{"rendered":"https:\/\/jb-cosmetics.fr\/wordpress\/?post_type=product&#038;p=2891"},"modified":"2025-01-11T09:54:45","modified_gmt":"2025-01-11T08:54:45","slug":"spray-coiffant-wavy-look","status":"publish","type":"product","link":"https:\/\/jb-cosmetics.fr\/wordpress\/product\/spray-coiffant-wavy-look\/","title":{"rendered":"Spray coiffant \u00ab\u00a0Wavy Look\u00a0\u00bb"},"content":{"rendered":"<p>Le \u00ab\u00a0Spray coiffant Wavy Look\u00a0\u00bb de JB Cosmetics incarne l&rsquo;art de cr\u00e9er des vagues naturelles et \u00e9l\u00e9gantes dans vos cheveux. Enrichi d&rsquo;ingr\u00e9dients exclusifs, ce spray est une v\u00e9ritable r\u00e9volution dans le domaine des coiffures d\u00e9contract\u00e9es et ondul\u00e9es.<\/p>\n<p>La formule innovante de JB Cosmetics int\u00e8gre les bienfaits des Sels de la Mer Morte pour apporter texture et volume aux cheveux, tout en pr\u00e9servant leur vitalit\u00e9 naturelle. Ces sels, riches en min\u00e9raux b\u00e9n\u00e9fiques, offrent un soutien optimal pour des vagues bien d\u00e9finies qui durent toute la journ\u00e9e.<\/p>\n<p>L&rsquo;extrait de Bourgeons de H\u00eatre, autre ingr\u00e9dient cl\u00e9 de ce spray, ajoute une dimension nourrissante \u00e0 la coiffure. Ces bourgeons sont reconnus pour leurs propri\u00e9t\u00e9s revitalisantes et renfor\u00e7antes, laissant vos cheveux non seulement styl\u00e9s mais \u00e9galement soign\u00e9s et pleins de vie.<\/p>\n<p>Ce spray se distingue par sa polyvalence, convenant \u00e0 tous les types de cheveux. Que vous cherchiez \u00e0 obtenir des ondulations d\u00e9contract\u00e9es pour une journ\u00e9e ensoleill\u00e9e ou un look de plage irr\u00e9sistible, ce spray offre une tenue durable sans alourdir les cheveux.<\/p>\n<p>Con\u00e7u avec l&rsquo;engagement in\u00e9branlable de JB Cosmetics envers la qualit\u00e9, le \u00ab\u00a0Spray coiffant Wavy Look\u00a0\u00bb offre une exp\u00e9rience capillaire exceptionnelle. Chaque vaporisation lib\u00e8re une fusion parfaite d&rsquo;ingr\u00e9dients pr\u00e9cieux, cr\u00e9ant des vagues naturelles, soyeuses et irr\u00e9sistiblement belles.<\/p>\n<p>Transformez votre routine capillaire avec le \u00ab\u00a0Spray coiffant Wavy Look\u00a0\u00bb de JB Cosmetics, o\u00f9 les Sels de la Mer Morte et l&rsquo;extrait de Bourgeons de H\u00eatre s&rsquo;unissent pour vous offrir des vagues impeccables et une allure naturellement \u00e9l\u00e9gante<\/p>\n","protected":false},"excerpt":{"rendered":"<p>Le \u00ab\u00a0Spray coiffant Wavy Look\u00a0\u00bb de JB Cosmetics offre des vagues naturelles avec les bienfaits des Sels de la Mer Morte et de l&rsquo;extrait de Bourgeons de H\u00eatre. Une coiffure d\u00e9contract\u00e9e, soign\u00e9e et irr\u00e9sistible.<\/p>\n","protected":false},"featured_media":4527,"comment_status":"open","ping_status":"closed","template":"elementor_header_footer","meta":[],"product_brand":[],"product_cat":[27],"product_tag":[70,69,72,71,73],"class_list":{"0":"post-2891","1":"product","2":"type-product","3":"status-publish","4":"has-post-thumbnail","6":"product_cat-soins-pour-les-cheveux","7":"product_tag-lotions-capillaires","8":"product_tag-soins-pour-les-cheveux","9":"product_tag-spray-coiffant","10":"product_tag-tous-types-de-cheveux","11":"product_tag-wavy","13":"entry","14":"has-media","16":"first","17":"instock","18":"taxable","19":"shipping-taxable","20":"purchasable","21":"product-type-simple","22":"has-product-nav","23":"col","24":"span_1_of_3","25":"owp-content-center","26":"owp-thumbs-layout-horizontal","27":"owp-btn-normal","28":"owp-tabs-layout-horizontal","29":"has-no-thumbnails"},"yoast_head":"<!-- This site is optimized with the Yoast SEO plugin v27.3 - https:\/\/yoast.com\/product\/yoast-seo-wordpress\/ -->\n<title>Spray coiffant &quot;Wavy Look&quot; - JB Cosmetics<\/title>\n<meta name=\"description\" content=\"Cr\u00e9ez des vagues naturelles avec le &quot;Spray coiffant Wavy Look&quot; JB Cosmetics. Sels de la Mer Morte et Bourgeons de H\u00eatre pour une coiffure irr\u00e9sistible.\" \/>\n<meta name=\"robots\" content=\"noindex, follow, max-snippet:-1, max-image-preview:large, max-video-preview:-1\" \/>\n<meta property=\"og:locale\" content=\"fr_FR\" \/>\n<meta property=\"og:type\" content=\"article\" \/>\n<meta property=\"og:title\" content=\"Spray coiffant &quot;Wavy Look&quot; - JB Cosmetics\" \/>\n<meta property=\"og:description\" content=\"Cr\u00e9ez des vagues naturelles avec le &quot;Spray coiffant Wavy Look&quot; JB Cosmetics. Sels de la Mer Morte et Bourgeons de H\u00eatre pour une coiffure irr\u00e9sistible.\" \/>\n<meta property=\"og:url\" content=\"https:\/\/jb-cosmetics.fr\/wordpress\/product\/spray-coiffant-wavy-look\/\" \/>\n<meta property=\"og:site_name\" content=\"JB Cosmetics\" \/>\n<meta property=\"article:modified_time\" content=\"2025-01-11T08:54:45+00:00\" \/>\n<meta property=\"og:image\" content=\"https:\/\/jb-cosmetics.fr\/wordpress\/wp-content\/uploads\/2025\/01\/spray-coiffant-wavy-look.png\" \/>\n\t<meta property=\"og:image:width\" content=\"1000\" \/>\n\t<meta property=\"og:image:height\" content=\"667\" \/>\n\t<meta property=\"og:image:type\" content=\"image\/png\" \/>\n<meta name=\"twitter:card\" content=\"summary_large_image\" \/>\n<meta name=\"twitter:label1\" content=\"Dur\u00e9e de lecture estim\u00e9e\" \/>\n\t<meta name=\"twitter:data1\" content=\"2 minutes\" \/>\n<script type=\"application\/ld+json\" class=\"yoast-schema-graph\">{\"@context\":\"https:\\\/\\\/schema.org\",\"@graph\":[{\"@type\":\"WebPage\",\"@id\":\"https:\\\/\\\/jb-cosmetics.fr\\\/wordpress\\\/product\\\/spray-coiffant-wavy-look\\\/\",\"url\":\"https:\\\/\\\/jb-cosmetics.fr\\\/wordpress\\\/product\\\/spray-coiffant-wavy-look\\\/\",\"name\":\"Spray coiffant \\\"Wavy Look\\\" - JB Cosmetics\",\"isPartOf\":{\"@id\":\"https:\\\/\\\/jb-cosmetics.fr\\\/wordpress\\\/#website\"},\"primaryImageOfPage\":{\"@id\":\"https:\\\/\\\/jb-cosmetics.fr\\\/wordpress\\\/product\\\/spray-coiffant-wavy-look\\\/#primaryimage\"},\"image\":{\"@id\":\"https:\\\/\\\/jb-cosmetics.fr\\\/wordpress\\\/product\\\/spray-coiffant-wavy-look\\\/#primaryimage\"},\"thumbnailUrl\":\"https:\\\/\\\/jb-cosmetics.fr\\\/wordpress\\\/wp-content\\\/uploads\\\/2025\\\/01\\\/spray-coiffant-wavy-look.png\",\"datePublished\":\"2024-02-20T08:41:50+00:00\",\"dateModified\":\"2025-01-11T08:54:45+00:00\",\"description\":\"Cr\u00e9ez des vagues naturelles avec le \\\"Spray coiffant Wavy Look\\\" JB Cosmetics. Sels de la Mer Morte et Bourgeons de H\u00eatre pour une coiffure irr\u00e9sistible.\",\"breadcrumb\":{\"@id\":\"https:\\\/\\\/jb-cosmetics.fr\\\/wordpress\\\/product\\\/spray-coiffant-wavy-look\\\/#breadcrumb\"},\"inLanguage\":\"fr-FR\",\"potentialAction\":[{\"@type\":\"ReadAction\",\"target\":[\"https:\\\/\\\/jb-cosmetics.fr\\\/wordpress\\\/product\\\/spray-coiffant-wavy-look\\\/\"]}]},{\"@type\":\"ImageObject\",\"inLanguage\":\"fr-FR\",\"@id\":\"https:\\\/\\\/jb-cosmetics.fr\\\/wordpress\\\/product\\\/spray-coiffant-wavy-look\\\/#primaryimage\",\"url\":\"https:\\\/\\\/jb-cosmetics.fr\\\/wordpress\\\/wp-content\\\/uploads\\\/2025\\\/01\\\/spray-coiffant-wavy-look.png\",\"contentUrl\":\"https:\\\/\\\/jb-cosmetics.fr\\\/wordpress\\\/wp-content\\\/uploads\\\/2025\\\/01\\\/spray-coiffant-wavy-look.png\",\"width\":1000,\"height\":667},{\"@type\":\"BreadcrumbList\",\"@id\":\"https:\\\/\\\/jb-cosmetics.fr\\\/wordpress\\\/product\\\/spray-coiffant-wavy-look\\\/#breadcrumb\",\"itemListElement\":[{\"@type\":\"ListItem\",\"position\":1,\"name\":\"Accueil\",\"item\":\"https:\\\/\\\/jb-cosmetics.fr\\\/wordpress\\\/\"},{\"@type\":\"ListItem\",\"position\":2,\"name\":\"Produits\",\"item\":\"https:\\\/\\\/jb-cosmetics.fr\\\/wordpress\\\/shop\\\/\"},{\"@type\":\"ListItem\",\"position\":3,\"name\":\"Spray coiffant &#8220;Wavy Look&#8221;\"}]},{\"@type\":\"WebSite\",\"@id\":\"https:\\\/\\\/jb-cosmetics.fr\\\/wordpress\\\/#website\",\"url\":\"https:\\\/\\\/jb-cosmetics.fr\\\/wordpress\\\/\",\"name\":\"JB Cosmetics\",\"description\":\"\",\"publisher\":{\"@id\":\"https:\\\/\\\/jb-cosmetics.fr\\\/wordpress\\\/#organization\"},\"potentialAction\":[{\"@type\":\"SearchAction\",\"target\":{\"@type\":\"EntryPoint\",\"urlTemplate\":\"https:\\\/\\\/jb-cosmetics.fr\\\/wordpress\\\/?s={search_term_string}\"},\"query-input\":{\"@type\":\"PropertyValueSpecification\",\"valueRequired\":true,\"valueName\":\"search_term_string\"}}],\"inLanguage\":\"fr-FR\"},{\"@type\":\"Organization\",\"@id\":\"https:\\\/\\\/jb-cosmetics.fr\\\/wordpress\\\/#organization\",\"name\":\"JB Cosmetics\",\"url\":\"https:\\\/\\\/jb-cosmetics.fr\\\/wordpress\\\/\",\"logo\":{\"@type\":\"ImageObject\",\"inLanguage\":\"fr-FR\",\"@id\":\"https:\\\/\\\/jb-cosmetics.fr\\\/wordpress\\\/#\\\/schema\\\/logo\\\/image\\\/\",\"url\":\"https:\\\/\\\/jb-cosmetics.fr\\\/wordpress\\\/wp-content\\\/uploads\\\/2024\\\/02\\\/Logo.png\",\"contentUrl\":\"https:\\\/\\\/jb-cosmetics.fr\\\/wordpress\\\/wp-content\\\/uploads\\\/2024\\\/02\\\/Logo.png\",\"width\":225,\"height\":220,\"caption\":\"JB Cosmetics\"},\"image\":{\"@id\":\"https:\\\/\\\/jb-cosmetics.fr\\\/wordpress\\\/#\\\/schema\\\/logo\\\/image\\\/\"}}]}<\/script>\n<!-- \/ Yoast SEO plugin. -->","yoast_head_json":{"title":"Spray coiffant \"Wavy Look\" - JB Cosmetics","description":"Cr\u00e9ez des vagues naturelles avec le \"Spray coiffant Wavy Look\" JB Cosmetics. Sels de la Mer Morte et Bourgeons de H\u00eatre pour une coiffure irr\u00e9sistible.","robots":{"index":"noindex","follow":"follow","max-snippet":"max-snippet:-1","max-image-preview":"max-image-preview:large","max-video-preview":"max-video-preview:-1"},"og_locale":"fr_FR","og_type":"article","og_title":"Spray coiffant \"Wavy Look\" - JB Cosmetics","og_description":"Cr\u00e9ez des vagues naturelles avec le \"Spray coiffant Wavy Look\" JB Cosmetics. Sels de la Mer Morte et Bourgeons de H\u00eatre pour une coiffure irr\u00e9sistible.","og_url":"https:\/\/jb-cosmetics.fr\/wordpress\/product\/spray-coiffant-wavy-look\/","og_site_name":"JB Cosmetics","article_modified_time":"2025-01-11T08:54:45+00:00","og_image":[{"width":1000,"height":667,"url":"https:\/\/jb-cosmetics.fr\/wordpress\/wp-content\/uploads\/2025\/01\/spray-coiffant-wavy-look.png","type":"image\/png"}],"twitter_card":"summary_large_image","twitter_misc":{"Dur\u00e9e de lecture estim\u00e9e":"2 minutes"},"schema":{"@context":"https:\/\/schema.org","@graph":[{"@type":"WebPage","@id":"https:\/\/jb-cosmetics.fr\/wordpress\/product\/spray-coiffant-wavy-look\/","url":"https:\/\/jb-cosmetics.fr\/wordpress\/product\/spray-coiffant-wavy-look\/","name":"Spray coiffant \"Wavy Look\" - JB Cosmetics","isPartOf":{"@id":"https:\/\/jb-cosmetics.fr\/wordpress\/#website"},"primaryImageOfPage":{"@id":"https:\/\/jb-cosmetics.fr\/wordpress\/product\/spray-coiffant-wavy-look\/#primaryimage"},"image":{"@id":"https:\/\/jb-cosmetics.fr\/wordpress\/product\/spray-coiffant-wavy-look\/#primaryimage"},"thumbnailUrl":"https:\/\/jb-cosmetics.fr\/wordpress\/wp-content\/uploads\/2025\/01\/spray-coiffant-wavy-look.png","datePublished":"2024-02-20T08:41:50+00:00","dateModified":"2025-01-11T08:54:45+00:00","description":"Cr\u00e9ez des vagues naturelles avec le \"Spray coiffant Wavy Look\" JB Cosmetics. Sels de la Mer Morte et Bourgeons de H\u00eatre pour une coiffure irr\u00e9sistible.","breadcrumb":{"@id":"https:\/\/jb-cosmetics.fr\/wordpress\/product\/spray-coiffant-wavy-look\/#breadcrumb"},"inLanguage":"fr-FR","potentialAction":[{"@type":"ReadAction","target":["https:\/\/jb-cosmetics.fr\/wordpress\/product\/spray-coiffant-wavy-look\/"]}]},{"@type":"ImageObject","inLanguage":"fr-FR","@id":"https:\/\/jb-cosmetics.fr\/wordpress\/product\/spray-coiffant-wavy-look\/#primaryimage","url":"https:\/\/jb-cosmetics.fr\/wordpress\/wp-content\/uploads\/2025\/01\/spray-coiffant-wavy-look.png","contentUrl":"https:\/\/jb-cosmetics.fr\/wordpress\/wp-content\/uploads\/2025\/01\/spray-coiffant-wavy-look.png","width":1000,"height":667},{"@type":"BreadcrumbList","@id":"https:\/\/jb-cosmetics.fr\/wordpress\/product\/spray-coiffant-wavy-look\/#breadcrumb","itemListElement":[{"@type":"ListItem","position":1,"name":"Accueil","item":"https:\/\/jb-cosmetics.fr\/wordpress\/"},{"@type":"ListItem","position":2,"name":"Produits","item":"https:\/\/jb-cosmetics.fr\/wordpress\/shop\/"},{"@type":"ListItem","position":3,"name":"Spray coiffant &#8220;Wavy Look&#8221;"}]},{"@type":"WebSite","@id":"https:\/\/jb-cosmetics.fr\/wordpress\/#website","url":"https:\/\/jb-cosmetics.fr\/wordpress\/","name":"JB Cosmetics","description":"","publisher":{"@id":"https:\/\/jb-cosmetics.fr\/wordpress\/#organization"},"potentialAction":[{"@type":"SearchAction","target":{"@type":"EntryPoint","urlTemplate":"https:\/\/jb-cosmetics.fr\/wordpress\/?s={search_term_string}"},"query-input":{"@type":"PropertyValueSpecification","valueRequired":true,"valueName":"search_term_string"}}],"inLanguage":"fr-FR"},{"@type":"Organization","@id":"https:\/\/jb-cosmetics.fr\/wordpress\/#organization","name":"JB Cosmetics","url":"https:\/\/jb-cosmetics.fr\/wordpress\/","logo":{"@type":"ImageObject","inLanguage":"fr-FR","@id":"https:\/\/jb-cosmetics.fr\/wordpress\/#\/schema\/logo\/image\/","url":"https:\/\/jb-cosmetics.fr\/wordpress\/wp-content\/uploads\/2024\/02\/Logo.png","contentUrl":"https:\/\/jb-cosmetics.fr\/wordpress\/wp-content\/uploads\/2024\/02\/Logo.png","width":225,"height":220,"caption":"JB Cosmetics"},"image":{"@id":"https:\/\/jb-cosmetics.fr\/wordpress\/#\/schema\/logo\/image\/"}}]}},"_links":{"self":[{"href":"https:\/\/jb-cosmetics.fr\/wordpress\/wp-json\/wp\/v2\/product\/2891","targetHints":{"allow":["GET"]}}],"collection":[{"href":"https:\/\/jb-cosmetics.fr\/wordpress\/wp-json\/wp\/v2\/product"}],"about":[{"href":"https:\/\/jb-cosmetics.fr\/wordpress\/wp-json\/wp\/v2\/types\/product"}],"replies":[{"embeddable":true,"href":"https:\/\/jb-cosmetics.fr\/wordpress\/wp-json\/wp\/v2\/comments?post=2891"}],"version-history":[{"count":2,"href":"https:\/\/jb-cosmetics.fr\/wordpress\/wp-json\/wp\/v2\/product\/2891\/revisions"}],"predecessor-version":[{"id":3131,"href":"https:\/\/jb-cosmetics.fr\/wordpress\/wp-json\/wp\/v2\/product\/2891\/revisions\/3131"}],"wp:featuredmedia":[{"embeddable":true,"href":"https:\/\/jb-cosmetics.fr\/wordpress\/wp-json\/wp\/v2\/media\/4527"}],"wp:attachment":[{"href":"https:\/\/jb-cosmetics.fr\/wordpress\/wp-json\/wp\/v2\/media?parent=2891"}],"wp:term":[{"taxonomy":"product_brand","embeddable":true,"href":"https:\/\/jb-cosmetics.fr\/wordpress\/wp-json\/wp\/v2\/product_brand?post=2891"},{"taxonomy":"product_cat","embeddable":true,"href":"https:\/\/jb-cosmetics.fr\/wordpress\/wp-json\/wp\/v2\/product_cat?post=2891"},{"taxonomy":"product_tag","embeddable":true,"href":"https:\/\/jb-cosmetics.fr\/wordpress\/wp-json\/wp\/v2\/product_tag?post=2891"}],"curies":[{"name":"wp","href":"https:\/\/api.w.org\/{rel}","templated":true}]}}