{"id":2865,"date":"2024-02-19T12:54:26","date_gmt":"2024-02-19T11:54:26","guid":{"rendered":"https:\/\/jb-cosmetics.fr\/wordpress\/?post_type=product&#038;p=2865"},"modified":"2025-01-10T23:23:37","modified_gmt":"2025-01-10T22:23:37","slug":"mascara-noir-intense","status":"publish","type":"product","link":"https:\/\/jb-cosmetics.fr\/wordpress\/product\/mascara-noir-intense\/","title":{"rendered":"Mascara noir intense"},"content":{"rendered":"<p>D\u00e9couvrez l&rsquo;\u00e9l\u00e9gance ultime avec le mascara noir intense de JB Cosmetics. Sublimez vos cils avec notre formule unique, rehaussant le regard pour une beaut\u00e9 inoubliable. Optez pour l&rsquo;excellence avec JB Cosmetics, o\u00f9 l&rsquo;intensit\u00e9 rencontre l&rsquo;innovation.<\/p>\n","protected":false},"excerpt":{"rendered":"<p>Un essentiel : le mascara-soin noir intense pour un regard hypnotique et des cils sublim\u00e9s.\u00a0Appliquez ce mascara\u00a0de la racine des cils vers la pointe avec un mouvement de zigzag ou en tournant la brosse sur elle-m\u00eame. Appliquez deux couches pour un effet plus intense.<\/p>\n","protected":false},"featured_media":4514,"comment_status":"open","ping_status":"closed","template":"elementor_header_footer","meta":[],"product_brand":[],"product_cat":[28],"product_tag":[41,39,40],"class_list":{"0":"post-2865","1":"product","2":"type-product","3":"status-publish","4":"has-post-thumbnail","6":"product_cat-maquillage","7":"product_tag-maquillage","8":"product_tag-mascara","9":"product_tag-noir-intense","11":"entry","12":"has-media","14":"first","15":"instock","16":"taxable","17":"shipping-taxable","18":"purchasable","19":"product-type-simple","20":"has-product-nav","21":"col","22":"span_1_of_3","23":"owp-content-center","24":"owp-thumbs-layout-horizontal","25":"owp-btn-normal","26":"owp-tabs-layout-horizontal","27":"has-no-thumbnails"},"yoast_head":"<!-- This site is optimized with the Yoast SEO plugin v27.3 - https:\/\/yoast.com\/product\/yoast-seo-wordpress\/ -->\n<title>Mascara noir intense - JB Cosmetics<\/title>\n<meta name=\"description\" content=\"JB Cosmetics r\u00e9invente la beaut\u00e9 avec son mascara noir intense. Cils sublim\u00e9s, regard captivant, l&#039;excellence \u00e0 chaque application.\" \/>\n<meta name=\"robots\" content=\"noindex, follow, max-snippet:-1, max-image-preview:large, max-video-preview:-1\" \/>\n<meta property=\"og:locale\" content=\"fr_FR\" \/>\n<meta property=\"og:type\" content=\"article\" \/>\n<meta property=\"og:title\" content=\"Mascara noir intense - JB Cosmetics\" \/>\n<meta property=\"og:description\" content=\"JB Cosmetics r\u00e9invente la beaut\u00e9 avec son mascara noir intense. Cils sublim\u00e9s, regard captivant, l&#039;excellence \u00e0 chaque application.\" \/>\n<meta property=\"og:url\" content=\"https:\/\/jb-cosmetics.fr\/wordpress\/product\/mascara-noir-intense\/\" \/>\n<meta property=\"og:site_name\" content=\"JB Cosmetics\" \/>\n<meta property=\"article:modified_time\" content=\"2025-01-10T22:23:37+00:00\" \/>\n<meta property=\"og:image\" content=\"https:\/\/jb-cosmetics.fr\/wordpress\/wp-content\/uploads\/2025\/01\/mascara-noir-intense.png\" \/>\n\t<meta property=\"og:image:width\" content=\"1000\" \/>\n\t<meta property=\"og:image:height\" content=\"700\" \/>\n\t<meta property=\"og:image:type\" content=\"image\/png\" \/>\n<meta name=\"twitter:card\" content=\"summary_large_image\" \/>\n<meta name=\"twitter:label1\" content=\"Dur\u00e9e de lecture estim\u00e9e\" \/>\n\t<meta name=\"twitter:data1\" content=\"1 minute\" \/>\n<script type=\"application\/ld+json\" class=\"yoast-schema-graph\">{\"@context\":\"https:\\\/\\\/schema.org\",\"@graph\":[{\"@type\":\"WebPage\",\"@id\":\"https:\\\/\\\/jb-cosmetics.fr\\\/wordpress\\\/product\\\/mascara-noir-intense\\\/\",\"url\":\"https:\\\/\\\/jb-cosmetics.fr\\\/wordpress\\\/product\\\/mascara-noir-intense\\\/\",\"name\":\"Mascara noir intense - JB Cosmetics\",\"isPartOf\":{\"@id\":\"https:\\\/\\\/jb-cosmetics.fr\\\/wordpress\\\/#website\"},\"primaryImageOfPage\":{\"@id\":\"https:\\\/\\\/jb-cosmetics.fr\\\/wordpress\\\/product\\\/mascara-noir-intense\\\/#primaryimage\"},\"image\":{\"@id\":\"https:\\\/\\\/jb-cosmetics.fr\\\/wordpress\\\/product\\\/mascara-noir-intense\\\/#primaryimage\"},\"thumbnailUrl\":\"https:\\\/\\\/jb-cosmetics.fr\\\/wordpress\\\/wp-content\\\/uploads\\\/2025\\\/01\\\/mascara-noir-intense.png\",\"datePublished\":\"2024-02-19T11:54:26+00:00\",\"dateModified\":\"2025-01-10T22:23:37+00:00\",\"description\":\"JB Cosmetics r\u00e9invente la beaut\u00e9 avec son mascara noir intense. Cils sublim\u00e9s, regard captivant, l'excellence \u00e0 chaque application.\",\"breadcrumb\":{\"@id\":\"https:\\\/\\\/jb-cosmetics.fr\\\/wordpress\\\/product\\\/mascara-noir-intense\\\/#breadcrumb\"},\"inLanguage\":\"fr-FR\",\"potentialAction\":[{\"@type\":\"ReadAction\",\"target\":[\"https:\\\/\\\/jb-cosmetics.fr\\\/wordpress\\\/product\\\/mascara-noir-intense\\\/\"]}]},{\"@type\":\"ImageObject\",\"inLanguage\":\"fr-FR\",\"@id\":\"https:\\\/\\\/jb-cosmetics.fr\\\/wordpress\\\/product\\\/mascara-noir-intense\\\/#primaryimage\",\"url\":\"https:\\\/\\\/jb-cosmetics.fr\\\/wordpress\\\/wp-content\\\/uploads\\\/2025\\\/01\\\/mascara-noir-intense.png\",\"contentUrl\":\"https:\\\/\\\/jb-cosmetics.fr\\\/wordpress\\\/wp-content\\\/uploads\\\/2025\\\/01\\\/mascara-noir-intense.png\",\"width\":1000,\"height\":700},{\"@type\":\"BreadcrumbList\",\"@id\":\"https:\\\/\\\/jb-cosmetics.fr\\\/wordpress\\\/product\\\/mascara-noir-intense\\\/#breadcrumb\",\"itemListElement\":[{\"@type\":\"ListItem\",\"position\":1,\"name\":\"Accueil\",\"item\":\"https:\\\/\\\/jb-cosmetics.fr\\\/wordpress\\\/\"},{\"@type\":\"ListItem\",\"position\":2,\"name\":\"Produits\",\"item\":\"https:\\\/\\\/jb-cosmetics.fr\\\/wordpress\\\/shop\\\/\"},{\"@type\":\"ListItem\",\"position\":3,\"name\":\"Mascara noir intense\"}]},{\"@type\":\"WebSite\",\"@id\":\"https:\\\/\\\/jb-cosmetics.fr\\\/wordpress\\\/#website\",\"url\":\"https:\\\/\\\/jb-cosmetics.fr\\\/wordpress\\\/\",\"name\":\"JB Cosmetics\",\"description\":\"\",\"publisher\":{\"@id\":\"https:\\\/\\\/jb-cosmetics.fr\\\/wordpress\\\/#organization\"},\"potentialAction\":[{\"@type\":\"SearchAction\",\"target\":{\"@type\":\"EntryPoint\",\"urlTemplate\":\"https:\\\/\\\/jb-cosmetics.fr\\\/wordpress\\\/?s={search_term_string}\"},\"query-input\":{\"@type\":\"PropertyValueSpecification\",\"valueRequired\":true,\"valueName\":\"search_term_string\"}}],\"inLanguage\":\"fr-FR\"},{\"@type\":\"Organization\",\"@id\":\"https:\\\/\\\/jb-cosmetics.fr\\\/wordpress\\\/#organization\",\"name\":\"JB Cosmetics\",\"url\":\"https:\\\/\\\/jb-cosmetics.fr\\\/wordpress\\\/\",\"logo\":{\"@type\":\"ImageObject\",\"inLanguage\":\"fr-FR\",\"@id\":\"https:\\\/\\\/jb-cosmetics.fr\\\/wordpress\\\/#\\\/schema\\\/logo\\\/image\\\/\",\"url\":\"https:\\\/\\\/jb-cosmetics.fr\\\/wordpress\\\/wp-content\\\/uploads\\\/2024\\\/02\\\/Logo.png\",\"contentUrl\":\"https:\\\/\\\/jb-cosmetics.fr\\\/wordpress\\\/wp-content\\\/uploads\\\/2024\\\/02\\\/Logo.png\",\"width\":225,\"height\":220,\"caption\":\"JB Cosmetics\"},\"image\":{\"@id\":\"https:\\\/\\\/jb-cosmetics.fr\\\/wordpress\\\/#\\\/schema\\\/logo\\\/image\\\/\"}}]}<\/script>\n<!-- \/ Yoast SEO plugin. -->","yoast_head_json":{"title":"Mascara noir intense - JB Cosmetics","description":"JB Cosmetics r\u00e9invente la beaut\u00e9 avec son mascara noir intense. Cils sublim\u00e9s, regard captivant, l'excellence \u00e0 chaque application.","robots":{"index":"noindex","follow":"follow","max-snippet":"max-snippet:-1","max-image-preview":"max-image-preview:large","max-video-preview":"max-video-preview:-1"},"og_locale":"fr_FR","og_type":"article","og_title":"Mascara noir intense - JB Cosmetics","og_description":"JB Cosmetics r\u00e9invente la beaut\u00e9 avec son mascara noir intense. Cils sublim\u00e9s, regard captivant, l'excellence \u00e0 chaque application.","og_url":"https:\/\/jb-cosmetics.fr\/wordpress\/product\/mascara-noir-intense\/","og_site_name":"JB Cosmetics","article_modified_time":"2025-01-10T22:23:37+00:00","og_image":[{"width":1000,"height":700,"url":"https:\/\/jb-cosmetics.fr\/wordpress\/wp-content\/uploads\/2025\/01\/mascara-noir-intense.png","type":"image\/png"}],"twitter_card":"summary_large_image","twitter_misc":{"Dur\u00e9e de lecture estim\u00e9e":"1 minute"},"schema":{"@context":"https:\/\/schema.org","@graph":[{"@type":"WebPage","@id":"https:\/\/jb-cosmetics.fr\/wordpress\/product\/mascara-noir-intense\/","url":"https:\/\/jb-cosmetics.fr\/wordpress\/product\/mascara-noir-intense\/","name":"Mascara noir intense - JB Cosmetics","isPartOf":{"@id":"https:\/\/jb-cosmetics.fr\/wordpress\/#website"},"primaryImageOfPage":{"@id":"https:\/\/jb-cosmetics.fr\/wordpress\/product\/mascara-noir-intense\/#primaryimage"},"image":{"@id":"https:\/\/jb-cosmetics.fr\/wordpress\/product\/mascara-noir-intense\/#primaryimage"},"thumbnailUrl":"https:\/\/jb-cosmetics.fr\/wordpress\/wp-content\/uploads\/2025\/01\/mascara-noir-intense.png","datePublished":"2024-02-19T11:54:26+00:00","dateModified":"2025-01-10T22:23:37+00:00","description":"JB Cosmetics r\u00e9invente la beaut\u00e9 avec son mascara noir intense. Cils sublim\u00e9s, regard captivant, l'excellence \u00e0 chaque application.","breadcrumb":{"@id":"https:\/\/jb-cosmetics.fr\/wordpress\/product\/mascara-noir-intense\/#breadcrumb"},"inLanguage":"fr-FR","potentialAction":[{"@type":"ReadAction","target":["https:\/\/jb-cosmetics.fr\/wordpress\/product\/mascara-noir-intense\/"]}]},{"@type":"ImageObject","inLanguage":"fr-FR","@id":"https:\/\/jb-cosmetics.fr\/wordpress\/product\/mascara-noir-intense\/#primaryimage","url":"https:\/\/jb-cosmetics.fr\/wordpress\/wp-content\/uploads\/2025\/01\/mascara-noir-intense.png","contentUrl":"https:\/\/jb-cosmetics.fr\/wordpress\/wp-content\/uploads\/2025\/01\/mascara-noir-intense.png","width":1000,"height":700},{"@type":"BreadcrumbList","@id":"https:\/\/jb-cosmetics.fr\/wordpress\/product\/mascara-noir-intense\/#breadcrumb","itemListElement":[{"@type":"ListItem","position":1,"name":"Accueil","item":"https:\/\/jb-cosmetics.fr\/wordpress\/"},{"@type":"ListItem","position":2,"name":"Produits","item":"https:\/\/jb-cosmetics.fr\/wordpress\/shop\/"},{"@type":"ListItem","position":3,"name":"Mascara noir intense"}]},{"@type":"WebSite","@id":"https:\/\/jb-cosmetics.fr\/wordpress\/#website","url":"https:\/\/jb-cosmetics.fr\/wordpress\/","name":"JB Cosmetics","description":"","publisher":{"@id":"https:\/\/jb-cosmetics.fr\/wordpress\/#organization"},"potentialAction":[{"@type":"SearchAction","target":{"@type":"EntryPoint","urlTemplate":"https:\/\/jb-cosmetics.fr\/wordpress\/?s={search_term_string}"},"query-input":{"@type":"PropertyValueSpecification","valueRequired":true,"valueName":"search_term_string"}}],"inLanguage":"fr-FR"},{"@type":"Organization","@id":"https:\/\/jb-cosmetics.fr\/wordpress\/#organization","name":"JB Cosmetics","url":"https:\/\/jb-cosmetics.fr\/wordpress\/","logo":{"@type":"ImageObject","inLanguage":"fr-FR","@id":"https:\/\/jb-cosmetics.fr\/wordpress\/#\/schema\/logo\/image\/","url":"https:\/\/jb-cosmetics.fr\/wordpress\/wp-content\/uploads\/2024\/02\/Logo.png","contentUrl":"https:\/\/jb-cosmetics.fr\/wordpress\/wp-content\/uploads\/2024\/02\/Logo.png","width":225,"height":220,"caption":"JB Cosmetics"},"image":{"@id":"https:\/\/jb-cosmetics.fr\/wordpress\/#\/schema\/logo\/image\/"}}]}},"_links":{"self":[{"href":"https:\/\/jb-cosmetics.fr\/wordpress\/wp-json\/wp\/v2\/product\/2865","targetHints":{"allow":["GET"]}}],"collection":[{"href":"https:\/\/jb-cosmetics.fr\/wordpress\/wp-json\/wp\/v2\/product"}],"about":[{"href":"https:\/\/jb-cosmetics.fr\/wordpress\/wp-json\/wp\/v2\/types\/product"}],"replies":[{"embeddable":true,"href":"https:\/\/jb-cosmetics.fr\/wordpress\/wp-json\/wp\/v2\/comments?post=2865"}],"version-history":[{"count":2,"href":"https:\/\/jb-cosmetics.fr\/wordpress\/wp-json\/wp\/v2\/product\/2865\/revisions"}],"predecessor-version":[{"id":3585,"href":"https:\/\/jb-cosmetics.fr\/wordpress\/wp-json\/wp\/v2\/product\/2865\/revisions\/3585"}],"wp:featuredmedia":[{"embeddable":true,"href":"https:\/\/jb-cosmetics.fr\/wordpress\/wp-json\/wp\/v2\/media\/4514"}],"wp:attachment":[{"href":"https:\/\/jb-cosmetics.fr\/wordpress\/wp-json\/wp\/v2\/media?parent=2865"}],"wp:term":[{"taxonomy":"product_brand","embeddable":true,"href":"https:\/\/jb-cosmetics.fr\/wordpress\/wp-json\/wp\/v2\/product_brand?post=2865"},{"taxonomy":"product_cat","embeddable":true,"href":"https:\/\/jb-cosmetics.fr\/wordpress\/wp-json\/wp\/v2\/product_cat?post=2865"},{"taxonomy":"product_tag","embeddable":true,"href":"https:\/\/jb-cosmetics.fr\/wordpress\/wp-json\/wp\/v2\/product_tag?post=2865"}],"curies":[{"name":"wp","href":"https:\/\/api.w.org\/{rel}","templated":true}]}}