{"id":3947,"date":"2024-02-24T16:41:05","date_gmt":"2024-02-24T15:41:05","guid":{"rendered":"https:\/\/jb-cosmetics.fr\/wordpress\/?page_id=3947"},"modified":"2024-02-26T19:46:35","modified_gmt":"2024-02-26T18:46:35","slug":"panier","status":"publish","type":"page","link":"https:\/\/jb-cosmetics.fr\/wordpress\/panier\/","title":{"rendered":"Panier"},"content":{"rendered":"\t\t<div data-elementor-type=\"wp-page\" data-elementor-id=\"3947\" class=\"elementor elementor-3947\">\n\t\t\t\t<div class=\"elementor-element elementor-element-7eff327 e-flex e-con-boxed wpr-particle-no wpr-jarallax-no wpr-parallax-no wpr-sticky-section-no e-con e-parent\" data-id=\"7eff327\" data-element_type=\"container\" data-e-type=\"container\">\n\t\t\t\t\t<div class=\"e-con-inner\">\n\t\t\t\t<div class=\"elementor-element elementor-element-7f106c9 elementor-widget elementor-widget-heading\" data-id=\"7f106c9\" data-element_type=\"widget\" data-e-type=\"widget\" data-widget_type=\"heading.default\">\n\t\t\t\t<div class=\"elementor-widget-container\">\n\t\t\t\t\t<h1 class=\"elementor-heading-title elementor-size-default\">Votre panier<\/h1>\t\t\t\t<\/div>\n\t\t\t\t<\/div>\n\t\t\t\t\t<\/div>\n\t\t\t\t<\/div>\n\t\t<div class=\"elementor-element elementor-element-89b4854 e-flex e-con-boxed wpr-particle-no wpr-jarallax-no wpr-parallax-no wpr-sticky-section-no e-con e-parent\" data-id=\"89b4854\" data-element_type=\"container\" data-e-type=\"container\">\n\t\t\t\t\t<div class=\"e-con-inner\">\n\t\t\t\t<div class=\"elementor-element elementor-element-44b53a7 elementor-widget elementor-widget-woocommerce-cart\" data-id=\"44b53a7\" data-element_type=\"widget\" data-e-type=\"widget\" data-widget_type=\"woocommerce-cart.default\">\n\t\t\t\t<div class=\"elementor-widget-container\">\n\t\t\t\t\t \t\t\t\t<\/div>\n\t\t\t\t<\/div>\n\t\t\t\t\t<\/div>\n\t\t\t\t<\/div>\n\t\t\t\t<\/div>\n\t\t","protected":false},"excerpt":{"rendered":"<p>Votre panier &nbsp; Produit &nbsp; Prix Quantit\u00e9 Sous-total &times; Lotion Tonique et Apaisante pour lui au Santal 8,00&nbsp;&euro; quantit\u00e9 de Lotion Tonique et Apaisante pour lui au Santal 8,00&nbsp;&euro; TOTAL DE VOTRE PANIER Sous-total 8,00&nbsp;&euro; Exp\u00e9dition Forfait: 3,95&nbsp;&euro; Les options de livraison seront mises \u00e0 jour lors de la commande. Calculer les frais d\u2019exp\u00e9dition Pays\/r\u00e9gion\u00a0: S\u00e9lectionner un pays\/r\u00e9gion\u2026AfghanistanAfrique du Sud\u00c5land IslandsAlbanieAlg\u00e9rieAllemagneAmerican SamoaAndorreAngolaAnguillaAntarctiqueAntigua-et-BarbudaArabie SaouditeArgentineArm\u00e9nieArubaAustralieAutricheAzerbaijanBahamasBahrainBangladeshBarbadesBelauBelgiqueBelizeBeninBermudesBhutanBi\u00e9lorussieBolivieBosnie-Herz\u00e9govineBotswanaBr\u00e9silBruneiBulgarieBurkina FasoBurundiCambodgeCamerounCanadaCap VertChiliChineChristmas IslandChypreColombieComoresCongo (Brazzaville)Congo (Kinshasa)Cor\u00e9e du NordCor\u00e9e du SudCosta RicaC\u00f4te-d\u2019IvoireCroatieCubaCura\u00e7aoDanemarkDjiboutiDominique\u00c9gypte\u00c9mirats Arabes Unis\u00c9quateurErythr\u00e9eEspagneEstonieEswatiniEtats-Unis (USA)\u00c9thiopieFidjiFinlandeFranceGabonGambieG\u00e9orgieG\u00e9orgie du Sud \/ \u00eeles SandwichGhanaGibraltarGr\u00e8ceGrenadeGroenlandGuadeloupeGuamGuatemalaGuerneseyGuin\u00e9eGuin\u00e9e \u00e9quatorialeGuin\u00e9e-BissauGuyaneGuyane Fran\u00e7aiseHa\u00eftiHondurasHong KongHongrie\u00cele Bouvet\u00cele de Man\u00cele Norfolk\u00celes Ca\u00efmans\u00celes Cocos\u00celes Cook\u00celes Falkland\u00celes F\u00e9ro\u00e9\u00celes Heard-et-MacDonald\u00celes Marshall\u00celes Mineures \u00e9loign\u00e9es des \u00c9tats-Unis\u00celes Salomon\u00celes Turques et Ca\u00efquesIndeIndon\u00e9sieIranIraqIrlandeIslandeIsra\u00eblItalieJama\u00efqueJaponJerseyJordanieKazakhstanKenyaKiribatiKowe\u00eftKyrgyzstanLa R\u00e9unionLaosLesothoLettonieLibanLiberiaLibyeLiechtensteinLituanieLuxembourgMacaoMac\u00e9doine du NordMadagascarMalaisieMalawiMaldivesMaliMalteMarocMartiniqueMauriceMauritanieMayotteMexiqueMicron\u00e9sieMoldavieMonacoMongolieMontenegroMontserratMozambiqueMyanmarNamibieNauruN\u00e9palNicaraguaNigerNigeriaNiueNorthern Mariana IslandsNorv\u00e8geNouvelle-Cal\u00e9donieNouvelle-Z\u00e9landeOmanPakistanPanamaPapouasie-Nouvelle-Guin\u00e9eParaguayPays-BasP\u00e9rouPhilippinesPitcairnPolognePolyn\u00e9sie Fran\u00e7aisePortugalPuerto RicoQatarR\u00e9publique CentrafricaineR\u00e9publique DominicaineR\u00e9publique Tch\u00e8queRoumanieRoyaume-Uni (UK)RussieRwandaSaba, Saint-Eustache et BonaireSahara occidentalSaint Barth\u00e9lemySaint Pierre et MiquelonSaint-Kitts-et-NevisSaint-Martin (partie fran\u00e7aise)Saint-Martin (partie n\u00e9erlandaise)Saint-Vincent-et-les-GrenadinesSainte-H\u00e9l\u00e8neSainte-LucieSalvadorSamoaSan MarinoSao Tom\u00e9-et-PrincipeS\u00e9n\u00e9galSerbieSeychellesSierra LeoneSingapourSlovaquieSlov\u00e9nieSomalieSoudanSoudan du SudSri LankaSu\u00e8deSuisseSurinameSvalbard et Jan MayenSyrieTaiwanTajikistanTanzanieTchadTerres Australes Fran\u00e7aisesTerritoire britannique de l\u2019oc\u00e9an IndienTerritoire PalestinienThailandeTimor-LesteTogoTokelauTongaTrinit\u00e9-et-TobagoTunisieTurkm\u00e9nistanTurquieTuvaluUgandaUkraineUruguayUzbekistanVanuatuVaticanVenezuelaVietnamVirgin Islands (British)Virgin Islands (US)Wallis et FutunaYemenZambieZimbabwe Ville\u00a0: Code postal ENREGISTRE TVA 2,39&nbsp;&euro; Total 14,34&nbsp;&euro; PROC\u00c9DER AU PAIEMENT<\/p>\n","protected":false},"author":1,"featured_media":0,"parent":0,"menu_order":0,"comment_status":"closed","ping_status":"closed","template":"elementor_header_footer","meta":{"footnotes":""},"class_list":["post-3947","page","type-page","status-publish","hentry","entry","owp-thumbs-layout-horizontal","owp-btn-normal","owp-tabs-layout-horizontal","has-no-thumbnails","has-product-nav"],"yoast_head":"<!-- This site is optimized with the Yoast SEO plugin v27.3 - https:\/\/yoast.com\/product\/yoast-seo-wordpress\/ -->\n<title>Panier - JB Cosmetics<\/title>\n<meta name=\"description\" content=\"Vous trouverez sur cette page, le r\u00e9capitulatif de votre panier que vous avez aupr\u00e8s de la marque JB Cosmetics.\" \/>\n<meta name=\"robots\" content=\"noindex, follow, max-snippet:-1, max-image-preview:large, max-video-preview:-1\" \/>\n<meta property=\"og:locale\" content=\"fr_FR\" \/>\n<meta property=\"og:type\" content=\"article\" \/>\n<meta property=\"og:title\" content=\"Panier - JB Cosmetics\" \/>\n<meta property=\"og:description\" content=\"Vous trouverez sur cette page, le r\u00e9capitulatif de votre panier que vous avez aupr\u00e8s de la marque JB Cosmetics.\" \/>\n<meta property=\"og:url\" content=\"https:\/\/jb-cosmetics.fr\/wordpress\/panier\/\" \/>\n<meta property=\"og:site_name\" content=\"JB Cosmetics\" \/>\n<meta property=\"article:modified_time\" content=\"2024-02-26T18:46:35+00:00\" \/>\n<meta property=\"og:image\" content=\"https:\/\/jb-cosmetics.fr\/wordpress\/wp-content\/uploads\/2024\/02\/lotion-tonique-et-apaisante-pour-lui-au-Santal-1-300x225.jpg\" \/>\n<meta name=\"twitter:card\" content=\"summary_large_image\" \/>\n<meta name=\"twitter:label1\" content=\"Dur\u00e9e de lecture estim\u00e9e\" \/>\n\t<meta name=\"twitter:data1\" content=\"3 minutes\" \/>\n<script type=\"application\/ld+json\" class=\"yoast-schema-graph\">{\"@context\":\"https:\\\/\\\/schema.org\",\"@graph\":[{\"@type\":\"WebPage\",\"@id\":\"https:\\\/\\\/jb-cosmetics.fr\\\/wordpress\\\/panier\\\/\",\"url\":\"https:\\\/\\\/jb-cosmetics.fr\\\/wordpress\\\/panier\\\/\",\"name\":\"Panier - JB Cosmetics\",\"isPartOf\":{\"@id\":\"https:\\\/\\\/jb-cosmetics.fr\\\/wordpress\\\/#website\"},\"primaryImageOfPage\":{\"@id\":\"https:\\\/\\\/jb-cosmetics.fr\\\/wordpress\\\/panier\\\/#primaryimage\"},\"image\":{\"@id\":\"https:\\\/\\\/jb-cosmetics.fr\\\/wordpress\\\/panier\\\/#primaryimage\"},\"thumbnailUrl\":\"https:\\\/\\\/jb-cosmetics.fr\\\/wordpress\\\/wp-content\\\/uploads\\\/2024\\\/02\\\/lotion-tonique-et-apaisante-pour-lui-au-Santal-1-300x225.jpg\",\"datePublished\":\"2024-02-24T15:41:05+00:00\",\"dateModified\":\"2024-02-26T18:46:35+00:00\",\"description\":\"Vous trouverez sur cette page, le r\u00e9capitulatif de votre panier que vous avez aupr\u00e8s de la marque JB Cosmetics.\",\"breadcrumb\":{\"@id\":\"https:\\\/\\\/jb-cosmetics.fr\\\/wordpress\\\/panier\\\/#breadcrumb\"},\"inLanguage\":\"fr-FR\",\"potentialAction\":[{\"@type\":\"ReadAction\",\"target\":[\"https:\\\/\\\/jb-cosmetics.fr\\\/wordpress\\\/panier\\\/\"]}]},{\"@type\":\"ImageObject\",\"inLanguage\":\"fr-FR\",\"@id\":\"https:\\\/\\\/jb-cosmetics.fr\\\/wordpress\\\/panier\\\/#primaryimage\",\"url\":\"\",\"contentUrl\":\"\"},{\"@type\":\"BreadcrumbList\",\"@id\":\"https:\\\/\\\/jb-cosmetics.fr\\\/wordpress\\\/panier\\\/#breadcrumb\",\"itemListElement\":[{\"@type\":\"ListItem\",\"position\":1,\"name\":\"Accueil\",\"item\":\"https:\\\/\\\/jb-cosmetics.fr\\\/wordpress\\\/\"},{\"@type\":\"ListItem\",\"position\":2,\"name\":\"Panier\"}]},{\"@type\":\"WebSite\",\"@id\":\"https:\\\/\\\/jb-cosmetics.fr\\\/wordpress\\\/#website\",\"url\":\"https:\\\/\\\/jb-cosmetics.fr\\\/wordpress\\\/\",\"name\":\"JB Cosmetics\",\"description\":\"\",\"publisher\":{\"@id\":\"https:\\\/\\\/jb-cosmetics.fr\\\/wordpress\\\/#organization\"},\"potentialAction\":[{\"@type\":\"SearchAction\",\"target\":{\"@type\":\"EntryPoint\",\"urlTemplate\":\"https:\\\/\\\/jb-cosmetics.fr\\\/wordpress\\\/?s={search_term_string}\"},\"query-input\":{\"@type\":\"PropertyValueSpecification\",\"valueRequired\":true,\"valueName\":\"search_term_string\"}}],\"inLanguage\":\"fr-FR\"},{\"@type\":\"Organization\",\"@id\":\"https:\\\/\\\/jb-cosmetics.fr\\\/wordpress\\\/#organization\",\"name\":\"JB Cosmetics\",\"url\":\"https:\\\/\\\/jb-cosmetics.fr\\\/wordpress\\\/\",\"logo\":{\"@type\":\"ImageObject\",\"inLanguage\":\"fr-FR\",\"@id\":\"https:\\\/\\\/jb-cosmetics.fr\\\/wordpress\\\/#\\\/schema\\\/logo\\\/image\\\/\",\"url\":\"https:\\\/\\\/jb-cosmetics.fr\\\/wordpress\\\/wp-content\\\/uploads\\\/2024\\\/02\\\/Logo.png\",\"contentUrl\":\"https:\\\/\\\/jb-cosmetics.fr\\\/wordpress\\\/wp-content\\\/uploads\\\/2024\\\/02\\\/Logo.png\",\"width\":225,\"height\":220,\"caption\":\"JB Cosmetics\"},\"image\":{\"@id\":\"https:\\\/\\\/jb-cosmetics.fr\\\/wordpress\\\/#\\\/schema\\\/logo\\\/image\\\/\"}}]}<\/script>\n<!-- \/ Yoast SEO plugin. -->","yoast_head_json":{"title":"Panier - JB Cosmetics","description":"Vous trouverez sur cette page, le r\u00e9capitulatif de votre panier que vous avez aupr\u00e8s de la marque JB Cosmetics.","robots":{"index":"noindex","follow":"follow","max-snippet":"max-snippet:-1","max-image-preview":"max-image-preview:large","max-video-preview":"max-video-preview:-1"},"og_locale":"fr_FR","og_type":"article","og_title":"Panier - JB Cosmetics","og_description":"Vous trouverez sur cette page, le r\u00e9capitulatif de votre panier que vous avez aupr\u00e8s de la marque JB Cosmetics.","og_url":"https:\/\/jb-cosmetics.fr\/wordpress\/panier\/","og_site_name":"JB Cosmetics","article_modified_time":"2024-02-26T18:46:35+00:00","og_image":[{"url":"https:\/\/jb-cosmetics.fr\/wordpress\/wp-content\/uploads\/2024\/02\/lotion-tonique-et-apaisante-pour-lui-au-Santal-1-300x225.jpg","type":"","width":"","height":""}],"twitter_card":"summary_large_image","twitter_misc":{"Dur\u00e9e de lecture estim\u00e9e":"3 minutes"},"schema":{"@context":"https:\/\/schema.org","@graph":[{"@type":"WebPage","@id":"https:\/\/jb-cosmetics.fr\/wordpress\/panier\/","url":"https:\/\/jb-cosmetics.fr\/wordpress\/panier\/","name":"Panier - JB Cosmetics","isPartOf":{"@id":"https:\/\/jb-cosmetics.fr\/wordpress\/#website"},"primaryImageOfPage":{"@id":"https:\/\/jb-cosmetics.fr\/wordpress\/panier\/#primaryimage"},"image":{"@id":"https:\/\/jb-cosmetics.fr\/wordpress\/panier\/#primaryimage"},"thumbnailUrl":"https:\/\/jb-cosmetics.fr\/wordpress\/wp-content\/uploads\/2024\/02\/lotion-tonique-et-apaisante-pour-lui-au-Santal-1-300x225.jpg","datePublished":"2024-02-24T15:41:05+00:00","dateModified":"2024-02-26T18:46:35+00:00","description":"Vous trouverez sur cette page, le r\u00e9capitulatif de votre panier que vous avez aupr\u00e8s de la marque JB Cosmetics.","breadcrumb":{"@id":"https:\/\/jb-cosmetics.fr\/wordpress\/panier\/#breadcrumb"},"inLanguage":"fr-FR","potentialAction":[{"@type":"ReadAction","target":["https:\/\/jb-cosmetics.fr\/wordpress\/panier\/"]}]},{"@type":"ImageObject","inLanguage":"fr-FR","@id":"https:\/\/jb-cosmetics.fr\/wordpress\/panier\/#primaryimage","url":"","contentUrl":""},{"@type":"BreadcrumbList","@id":"https:\/\/jb-cosmetics.fr\/wordpress\/panier\/#breadcrumb","itemListElement":[{"@type":"ListItem","position":1,"name":"Accueil","item":"https:\/\/jb-cosmetics.fr\/wordpress\/"},{"@type":"ListItem","position":2,"name":"Panier"}]},{"@type":"WebSite","@id":"https:\/\/jb-cosmetics.fr\/wordpress\/#website","url":"https:\/\/jb-cosmetics.fr\/wordpress\/","name":"JB Cosmetics","description":"","publisher":{"@id":"https:\/\/jb-cosmetics.fr\/wordpress\/#organization"},"potentialAction":[{"@type":"SearchAction","target":{"@type":"EntryPoint","urlTemplate":"https:\/\/jb-cosmetics.fr\/wordpress\/?s={search_term_string}"},"query-input":{"@type":"PropertyValueSpecification","valueRequired":true,"valueName":"search_term_string"}}],"inLanguage":"fr-FR"},{"@type":"Organization","@id":"https:\/\/jb-cosmetics.fr\/wordpress\/#organization","name":"JB Cosmetics","url":"https:\/\/jb-cosmetics.fr\/wordpress\/","logo":{"@type":"ImageObject","inLanguage":"fr-FR","@id":"https:\/\/jb-cosmetics.fr\/wordpress\/#\/schema\/logo\/image\/","url":"https:\/\/jb-cosmetics.fr\/wordpress\/wp-content\/uploads\/2024\/02\/Logo.png","contentUrl":"https:\/\/jb-cosmetics.fr\/wordpress\/wp-content\/uploads\/2024\/02\/Logo.png","width":225,"height":220,"caption":"JB Cosmetics"},"image":{"@id":"https:\/\/jb-cosmetics.fr\/wordpress\/#\/schema\/logo\/image\/"}}]}},"_links":{"self":[{"href":"https:\/\/jb-cosmetics.fr\/wordpress\/wp-json\/wp\/v2\/pages\/3947","targetHints":{"allow":["GET"]}}],"collection":[{"href":"https:\/\/jb-cosmetics.fr\/wordpress\/wp-json\/wp\/v2\/pages"}],"about":[{"href":"https:\/\/jb-cosmetics.fr\/wordpress\/wp-json\/wp\/v2\/types\/page"}],"author":[{"embeddable":true,"href":"https:\/\/jb-cosmetics.fr\/wordpress\/wp-json\/wp\/v2\/users\/1"}],"replies":[{"embeddable":true,"href":"https:\/\/jb-cosmetics.fr\/wordpress\/wp-json\/wp\/v2\/comments?post=3947"}],"version-history":[{"count":8,"href":"https:\/\/jb-cosmetics.fr\/wordpress\/wp-json\/wp\/v2\/pages\/3947\/revisions"}],"predecessor-version":[{"id":3985,"href":"https:\/\/jb-cosmetics.fr\/wordpress\/wp-json\/wp\/v2\/pages\/3947\/revisions\/3985"}],"wp:attachment":[{"href":"https:\/\/jb-cosmetics.fr\/wordpress\/wp-json\/wp\/v2\/media?parent=3947"}],"curies":[{"name":"wp","href":"https:\/\/api.w.org\/{rel}","templated":true}]}}