{"id":2469,"date":"2024-02-15T22:28:45","date_gmt":"2024-02-15T21:28:45","guid":{"rendered":"https:\/\/jb-cosmetics.fr\/wordpress\/?page_id=2469"},"modified":"2025-01-11T10:31:41","modified_gmt":"2025-01-11T09:31:41","slug":"maquillage","status":"publish","type":"page","link":"https:\/\/jb-cosmetics.fr\/wordpress\/les-produits-jb-cosmetics\/maquillage\/","title":{"rendered":"Maquillage"},"content":{"rendered":"\t\t<div data-elementor-type=\"wp-page\" data-elementor-id=\"2469\" class=\"elementor elementor-2469\">\n\t\t\t\t<div class=\"elementor-element elementor-element-fb6fc89 e-flex e-con-boxed wpr-particle-no wpr-jarallax-no wpr-parallax-no wpr-sticky-section-no e-con e-parent\" data-id=\"fb6fc89\" data-element_type=\"container\" data-e-type=\"container\">\n\t\t\t\t\t<div class=\"e-con-inner\">\n\t\t\t\t<div class=\"elementor-element elementor-element-61eaa09 elementor-widget elementor-widget-heading\" data-id=\"61eaa09\" data-element_type=\"widget\" data-e-type=\"widget\" data-widget_type=\"heading.default\">\n\t\t\t\t<div class=\"elementor-widget-container\">\n\t\t\t\t\t<h2 class=\"elementor-heading-title elementor-size-default\">Maquillage<\/h2>\t\t\t\t<\/div>\n\t\t\t\t<\/div>\n\t\t\t\t<div class=\"elementor-element elementor-element-694d610 elementor-widget elementor-widget-spacer\" data-id=\"694d610\" data-element_type=\"widget\" data-e-type=\"widget\" data-widget_type=\"spacer.default\">\n\t\t\t\t<div class=\"elementor-widget-container\">\n\t\t\t\t\t\t\t<div class=\"elementor-spacer\">\n\t\t\t<div class=\"elementor-spacer-inner\"><\/div>\n\t\t<\/div>\n\t\t\t\t\t\t<\/div>\n\t\t\t\t<\/div>\n\t\t\t\t\t<\/div>\n\t\t\t\t<\/div>\n\t\t<div class=\"elementor-element elementor-element-201b576 e-flex e-con-boxed wpr-particle-no wpr-jarallax-no wpr-parallax-no wpr-sticky-section-no e-con e-parent\" data-id=\"201b576\" data-element_type=\"container\" data-e-type=\"container\">\n\t\t\t\t\t<div class=\"e-con-inner\">\n\t\t\t\t<div class=\"elementor-element elementor-element-e678699 elementor-widget elementor-widget-text-editor\" data-id=\"e678699\" data-element_type=\"widget\" data-e-type=\"widget\" data-widget_type=\"text-editor.default\">\n\t\t\t\t<div class=\"elementor-widget-container\">\n\t\t\t\t\t\t\t\t\t<p>Plongez dans l&rsquo;univers captivant du maquillage avec JB Cosmetics, o\u00f9 l&rsquo;art de la beaut\u00e9 rencontre l&rsquo;innovation. Notre collection offre une palette compl\u00e8te de produits, alliant \u00e9l\u00e9gance et qualit\u00e9. Des fonds de teint aux nuances parfaites aux eyeliners pr\u00e9cis, chaque produit est con\u00e7u pour sublimer votre beaut\u00e9 naturelle. Avec des formules avanc\u00e9es, nos produits offrent une application facile, une tenue longue dur\u00e9e et un confort exceptionnel.<\/p><p>JB Cosmetics c\u00e9l\u00e8bre la diversit\u00e9 de la beaut\u00e9 en proposant une gamme vari\u00e9e de couleurs et de textures pour convenir \u00e0 tous les styles. Que vous recherchiez un look naturel pour le quotidien ou un glamour audacieux pour les occasions sp\u00e9ciales, notre maquillage vous accompagne avec \u00e9l\u00e9gance.<\/p><p>La qualit\u00e9 est au c\u0153ur de notre mission, avec des produits formul\u00e9s pour prendre soin de votre peau tout en sublimant votre apparence. Nous sommes fiers de cr\u00e9er des produits qui allient la cr\u00e9ativit\u00e9 \u00e0 la performance, offrant une exp\u00e9rience beaut\u00e9 compl\u00e8te.<\/p><p>Explorez l&rsquo;expression de votre style avec JB Cosmetics, o\u00f9 chaque produit est une invitation \u00e0 embrasser votre beaut\u00e9 unique. C&rsquo;est pourquoi notre maquillage red\u00e9finit l&rsquo;exp\u00e9rience de la beaut\u00e9, vous permettant de vous sentir confiante et magnifique \u00e0 chaque application. Faites de chaque jour une \u0153uvre d&rsquo;art avec JB Cosmetics, la marque qui transforme votre routine beaut\u00e9 en une exp\u00e9rience exceptionnelle.<\/p>\t\t\t\t\t\t\t\t<\/div>\n\t\t\t\t<\/div>\n\t\t\t\t<div class=\"elementor-element elementor-element-e087bb2 elementor-widget elementor-widget-spacer\" data-id=\"e087bb2\" data-element_type=\"widget\" data-e-type=\"widget\" data-widget_type=\"spacer.default\">\n\t\t\t\t<div class=\"elementor-widget-container\">\n\t\t\t\t\t\t\t<div class=\"elementor-spacer\">\n\t\t\t<div class=\"elementor-spacer-inner\"><\/div>\n\t\t<\/div>\n\t\t\t\t\t\t<\/div>\n\t\t\t\t<\/div>\n\t\t\t\t\t<\/div>\n\t\t\t\t<\/div>\n\t\t<div class=\"elementor-element elementor-element-72ce7d6 e-flex e-con-boxed wpr-particle-no wpr-jarallax-no wpr-parallax-no wpr-sticky-section-no e-con e-parent\" data-id=\"72ce7d6\" data-element_type=\"container\" data-e-type=\"container\">\n\t\t\t\t\t<div class=\"e-con-inner\">\n\t\t\t\t<div class=\"elementor-element elementor-element-9c5bdf5 elementor-align-center elementor-widget elementor-widget-shopengine-product-list\" data-id=\"9c5bdf5\" data-element_type=\"widget\" data-e-type=\"widget\" data-settings=\"{&quot;show_product_hover_overlay&quot;:&quot;yes&quot;,&quot;product_hover_overlay_position&quot;:&quot;bottom&quot;}\" data-widget_type=\"shopengine-product-list.default\">\n\t\t\t\t<div class=\"elementor-widget-container\">\n\t\t\t\t\t<div class=\"shopengine shopengine-widget\"><\/div>\t\t\t\t<\/div>\n\t\t\t\t<\/div>\n\t\t\t\t<div class=\"elementor-element elementor-element-78cc775 elementor-widget elementor-widget-spacer\" data-id=\"78cc775\" data-element_type=\"widget\" data-e-type=\"widget\" data-widget_type=\"spacer.default\">\n\t\t\t\t<div class=\"elementor-widget-container\">\n\t\t\t\t\t\t\t<div class=\"elementor-spacer\">\n\t\t\t<div class=\"elementor-spacer-inner\"><\/div>\n\t\t<\/div>\n\t\t\t\t\t\t<\/div>\n\t\t\t\t<\/div>\n\t\t\t\t\t<\/div>\n\t\t\t\t<\/div>\n\t\t\t\t<\/div>\n\t\t","protected":false},"excerpt":{"rendered":"<p>Maquillage Plongez dans l&rsquo;univers captivant du maquillage avec JB Cosmetics, o\u00f9 l&rsquo;art de la beaut\u00e9 rencontre l&rsquo;innovation. Notre collection offre une palette compl\u00e8te de produits, alliant \u00e9l\u00e9gance et qualit\u00e9. Des fonds de teint aux nuances parfaites aux eyeliners pr\u00e9cis, chaque produit est con\u00e7u pour sublimer votre beaut\u00e9 naturelle. Avec des formules avanc\u00e9es, nos produits offrent une application facile, une tenue longue dur\u00e9e et un confort exceptionnel. JB Cosmetics c\u00e9l\u00e8bre la diversit\u00e9 de la beaut\u00e9 en proposant une gamme vari\u00e9e de couleurs et de textures pour convenir \u00e0 tous les styles. Que vous recherchiez un look naturel pour le quotidien ou un glamour audacieux pour les occasions sp\u00e9ciales, notre maquillage vous accompagne avec \u00e9l\u00e9gance. La qualit\u00e9 est au c\u0153ur de notre mission, avec des produits formul\u00e9s pour prendre soin de votre peau tout en sublimant votre apparence. Nous sommes fiers de cr\u00e9er des produits qui allient la cr\u00e9ativit\u00e9 \u00e0 la performance, offrant une exp\u00e9rience beaut\u00e9 compl\u00e8te. Explorez l&rsquo;expression de votre style avec JB Cosmetics, o\u00f9 chaque produit est une invitation \u00e0 embrasser votre beaut\u00e9 unique. C&rsquo;est pourquoi notre maquillage red\u00e9finit l&rsquo;exp\u00e9rience de la beaut\u00e9, vous permettant de vous sentir confiante et magnifique \u00e0 chaque application. Faites de chaque jour une \u0153uvre d&rsquo;art avec JB Cosmetics, la marque qui transforme votre routine beaut\u00e9 en une exp\u00e9rience exceptionnelle. Ajouter au panier Maquillage Dissolvant biphas\u00e9 doux pour les ongles Note 0 sur 5(0) 9,40&nbsp;&euro; Ajouter au panier Maquillage Vernis \u00e0 ongles Note 0 sur 5(0) 8,90&nbsp;&euro; Ajouter au panier Maquillage Gloss p\u00e9tales de rose Note 0 sur 5(0) 9,50&nbsp;&euro; Ajouter au panier Maquillage Brillant \u00e0 l\u00e8vres orang\u00e9 Note 0 sur 5(0) 10,20&nbsp;&euro; Ajouter au panier Maquillage Palette de fards \u00e0 paupi\u00e8re marron cuivr\u00e9 Note 0 sur 5(0) 13,50&nbsp;&euro; Ajouter au panier Maquillage Crayon noir intense Note 0 sur 5(0) 8,90&nbsp;&euro; Ajouter au panier Maquillage Fond de teint beige ros\u00e9 Note 0 sur 5(0) 16,70&nbsp;&euro; Ajouter au panier Maquillage Eye-liner noir intense Note 0 sur 5(0) 13,40&nbsp;&euro; Ajouter au panier Maquillage Mascara noir intense Note 0 sur 5(0) 15,90&nbsp;&euro; Ajouter au panier Maquillage Correcteur et estompeur de cernes \u00e0 la lavande Note 0 sur 5(0) 14,00&nbsp;&euro;<\/p>\n","protected":false},"author":1,"featured_media":2401,"parent":2449,"menu_order":0,"comment_status":"closed","ping_status":"closed","template":"elementor_header_footer","meta":{"footnotes":""},"class_list":["post-2469","page","type-page","status-publish","has-post-thumbnail","hentry","entry","has-media","owp-thumbs-layout-horizontal","owp-btn-normal","owp-tabs-layout-horizontal","has-no-thumbnails","has-product-nav"],"yoast_head":"<!-- This site is optimized with the Yoast SEO plugin v27.3 - https:\/\/yoast.com\/product\/yoast-seo-wordpress\/ -->\n<title>Maquillage - JB Cosmetics<\/title>\n<meta name=\"description\" content=\"D\u00e9couvrez l&#039;art du maquillage avec JB Cosmetics. Une alliance parfaite pour sublimer votre beaut\u00e9 avec sophistication et style.\" \/>\n<meta name=\"robots\" content=\"noindex, follow, max-snippet:-1, max-image-preview:large, max-video-preview:-1\" \/>\n<meta property=\"og:locale\" content=\"fr_FR\" \/>\n<meta property=\"og:type\" content=\"article\" \/>\n<meta property=\"og:title\" content=\"Maquillage - JB Cosmetics\" \/>\n<meta property=\"og:description\" content=\"D\u00e9couvrez l&#039;art du maquillage avec JB Cosmetics. Une alliance parfaite pour sublimer votre beaut\u00e9 avec sophistication et style.\" \/>\n<meta property=\"og:url\" content=\"https:\/\/jb-cosmetics.fr\/wordpress\/les-produits-jb-cosmetics\/maquillage\/\" \/>\n<meta property=\"og:site_name\" content=\"JB Cosmetics\" \/>\n<meta property=\"article:modified_time\" content=\"2025-01-11T09:31:41+00:00\" \/>\n<meta property=\"og:image\" content=\"https:\/\/jb-cosmetics.fr\/wordpress\/wp-content\/uploads\/2024\/02\/pexels-andrea-piacquadio-3764024-scaled.jpg\" \/>\n\t<meta property=\"og:image:width\" content=\"2560\" \/>\n\t<meta property=\"og:image:height\" content=\"1706\" \/>\n\t<meta property=\"og:image:type\" content=\"image\/jpeg\" \/>\n<meta name=\"twitter:card\" content=\"summary_large_image\" \/>\n<meta name=\"twitter:label1\" content=\"Dur\u00e9e de lecture estim\u00e9e\" \/>\n\t<meta name=\"twitter:data1\" content=\"4 minutes\" \/>\n<script type=\"application\/ld+json\" class=\"yoast-schema-graph\">{\"@context\":\"https:\\\/\\\/schema.org\",\"@graph\":[{\"@type\":\"WebPage\",\"@id\":\"https:\\\/\\\/jb-cosmetics.fr\\\/wordpress\\\/les-produits-jb-cosmetics\\\/maquillage\\\/\",\"url\":\"https:\\\/\\\/jb-cosmetics.fr\\\/wordpress\\\/les-produits-jb-cosmetics\\\/maquillage\\\/\",\"name\":\"Maquillage - JB Cosmetics\",\"isPartOf\":{\"@id\":\"https:\\\/\\\/jb-cosmetics.fr\\\/wordpress\\\/#website\"},\"primaryImageOfPage\":{\"@id\":\"https:\\\/\\\/jb-cosmetics.fr\\\/wordpress\\\/les-produits-jb-cosmetics\\\/maquillage\\\/#primaryimage\"},\"image\":{\"@id\":\"https:\\\/\\\/jb-cosmetics.fr\\\/wordpress\\\/les-produits-jb-cosmetics\\\/maquillage\\\/#primaryimage\"},\"thumbnailUrl\":\"https:\\\/\\\/jb-cosmetics.fr\\\/wordpress\\\/wp-content\\\/uploads\\\/2024\\\/02\\\/pexels-andrea-piacquadio-3764024-scaled.jpg\",\"datePublished\":\"2024-02-15T21:28:45+00:00\",\"dateModified\":\"2025-01-11T09:31:41+00:00\",\"description\":\"D\u00e9couvrez l'art du maquillage avec JB Cosmetics. Une alliance parfaite pour sublimer votre beaut\u00e9 avec sophistication et style.\",\"breadcrumb\":{\"@id\":\"https:\\\/\\\/jb-cosmetics.fr\\\/wordpress\\\/les-produits-jb-cosmetics\\\/maquillage\\\/#breadcrumb\"},\"inLanguage\":\"fr-FR\",\"potentialAction\":[{\"@type\":\"ReadAction\",\"target\":[\"https:\\\/\\\/jb-cosmetics.fr\\\/wordpress\\\/les-produits-jb-cosmetics\\\/maquillage\\\/\"]}]},{\"@type\":\"ImageObject\",\"inLanguage\":\"fr-FR\",\"@id\":\"https:\\\/\\\/jb-cosmetics.fr\\\/wordpress\\\/les-produits-jb-cosmetics\\\/maquillage\\\/#primaryimage\",\"url\":\"https:\\\/\\\/jb-cosmetics.fr\\\/wordpress\\\/wp-content\\\/uploads\\\/2024\\\/02\\\/pexels-andrea-piacquadio-3764024-scaled.jpg\",\"contentUrl\":\"https:\\\/\\\/jb-cosmetics.fr\\\/wordpress\\\/wp-content\\\/uploads\\\/2024\\\/02\\\/pexels-andrea-piacquadio-3764024-scaled.jpg\",\"width\":2560,\"height\":1706,\"caption\":\"maquillage - femme qui se passe un pinceau sur le visage\"},{\"@type\":\"BreadcrumbList\",\"@id\":\"https:\\\/\\\/jb-cosmetics.fr\\\/wordpress\\\/les-produits-jb-cosmetics\\\/maquillage\\\/#breadcrumb\",\"itemListElement\":[{\"@type\":\"ListItem\",\"position\":1,\"name\":\"Accueil\",\"item\":\"https:\\\/\\\/jb-cosmetics.fr\\\/wordpress\\\/\"},{\"@type\":\"ListItem\",\"position\":2,\"name\":\"Mes produits\",\"item\":\"https:\\\/\\\/jb-cosmetics.fr\\\/wordpress\\\/les-produits-jb-cosmetics\\\/\"},{\"@type\":\"ListItem\",\"position\":3,\"name\":\"Maquillage\"}]},{\"@type\":\"WebSite\",\"@id\":\"https:\\\/\\\/jb-cosmetics.fr\\\/wordpress\\\/#website\",\"url\":\"https:\\\/\\\/jb-cosmetics.fr\\\/wordpress\\\/\",\"name\":\"JB Cosmetics\",\"description\":\"\",\"publisher\":{\"@id\":\"https:\\\/\\\/jb-cosmetics.fr\\\/wordpress\\\/#organization\"},\"potentialAction\":[{\"@type\":\"SearchAction\",\"target\":{\"@type\":\"EntryPoint\",\"urlTemplate\":\"https:\\\/\\\/jb-cosmetics.fr\\\/wordpress\\\/?s={search_term_string}\"},\"query-input\":{\"@type\":\"PropertyValueSpecification\",\"valueRequired\":true,\"valueName\":\"search_term_string\"}}],\"inLanguage\":\"fr-FR\"},{\"@type\":\"Organization\",\"@id\":\"https:\\\/\\\/jb-cosmetics.fr\\\/wordpress\\\/#organization\",\"name\":\"JB Cosmetics\",\"url\":\"https:\\\/\\\/jb-cosmetics.fr\\\/wordpress\\\/\",\"logo\":{\"@type\":\"ImageObject\",\"inLanguage\":\"fr-FR\",\"@id\":\"https:\\\/\\\/jb-cosmetics.fr\\\/wordpress\\\/#\\\/schema\\\/logo\\\/image\\\/\",\"url\":\"https:\\\/\\\/jb-cosmetics.fr\\\/wordpress\\\/wp-content\\\/uploads\\\/2024\\\/02\\\/Logo.png\",\"contentUrl\":\"https:\\\/\\\/jb-cosmetics.fr\\\/wordpress\\\/wp-content\\\/uploads\\\/2024\\\/02\\\/Logo.png\",\"width\":225,\"height\":220,\"caption\":\"JB Cosmetics\"},\"image\":{\"@id\":\"https:\\\/\\\/jb-cosmetics.fr\\\/wordpress\\\/#\\\/schema\\\/logo\\\/image\\\/\"}}]}<\/script>\n<!-- \/ Yoast SEO plugin. -->","yoast_head_json":{"title":"Maquillage - JB Cosmetics","description":"D\u00e9couvrez l'art du maquillage avec JB Cosmetics. Une alliance parfaite pour sublimer votre beaut\u00e9 avec sophistication et style.","robots":{"index":"noindex","follow":"follow","max-snippet":"max-snippet:-1","max-image-preview":"max-image-preview:large","max-video-preview":"max-video-preview:-1"},"og_locale":"fr_FR","og_type":"article","og_title":"Maquillage - JB Cosmetics","og_description":"D\u00e9couvrez l'art du maquillage avec JB Cosmetics. Une alliance parfaite pour sublimer votre beaut\u00e9 avec sophistication et style.","og_url":"https:\/\/jb-cosmetics.fr\/wordpress\/les-produits-jb-cosmetics\/maquillage\/","og_site_name":"JB Cosmetics","article_modified_time":"2025-01-11T09:31:41+00:00","og_image":[{"width":2560,"height":1706,"url":"https:\/\/jb-cosmetics.fr\/wordpress\/wp-content\/uploads\/2024\/02\/pexels-andrea-piacquadio-3764024-scaled.jpg","type":"image\/jpeg"}],"twitter_card":"summary_large_image","twitter_misc":{"Dur\u00e9e de lecture estim\u00e9e":"4 minutes"},"schema":{"@context":"https:\/\/schema.org","@graph":[{"@type":"WebPage","@id":"https:\/\/jb-cosmetics.fr\/wordpress\/les-produits-jb-cosmetics\/maquillage\/","url":"https:\/\/jb-cosmetics.fr\/wordpress\/les-produits-jb-cosmetics\/maquillage\/","name":"Maquillage - JB Cosmetics","isPartOf":{"@id":"https:\/\/jb-cosmetics.fr\/wordpress\/#website"},"primaryImageOfPage":{"@id":"https:\/\/jb-cosmetics.fr\/wordpress\/les-produits-jb-cosmetics\/maquillage\/#primaryimage"},"image":{"@id":"https:\/\/jb-cosmetics.fr\/wordpress\/les-produits-jb-cosmetics\/maquillage\/#primaryimage"},"thumbnailUrl":"https:\/\/jb-cosmetics.fr\/wordpress\/wp-content\/uploads\/2024\/02\/pexels-andrea-piacquadio-3764024-scaled.jpg","datePublished":"2024-02-15T21:28:45+00:00","dateModified":"2025-01-11T09:31:41+00:00","description":"D\u00e9couvrez l'art du maquillage avec JB Cosmetics. Une alliance parfaite pour sublimer votre beaut\u00e9 avec sophistication et style.","breadcrumb":{"@id":"https:\/\/jb-cosmetics.fr\/wordpress\/les-produits-jb-cosmetics\/maquillage\/#breadcrumb"},"inLanguage":"fr-FR","potentialAction":[{"@type":"ReadAction","target":["https:\/\/jb-cosmetics.fr\/wordpress\/les-produits-jb-cosmetics\/maquillage\/"]}]},{"@type":"ImageObject","inLanguage":"fr-FR","@id":"https:\/\/jb-cosmetics.fr\/wordpress\/les-produits-jb-cosmetics\/maquillage\/#primaryimage","url":"https:\/\/jb-cosmetics.fr\/wordpress\/wp-content\/uploads\/2024\/02\/pexels-andrea-piacquadio-3764024-scaled.jpg","contentUrl":"https:\/\/jb-cosmetics.fr\/wordpress\/wp-content\/uploads\/2024\/02\/pexels-andrea-piacquadio-3764024-scaled.jpg","width":2560,"height":1706,"caption":"maquillage - femme qui se passe un pinceau sur le visage"},{"@type":"BreadcrumbList","@id":"https:\/\/jb-cosmetics.fr\/wordpress\/les-produits-jb-cosmetics\/maquillage\/#breadcrumb","itemListElement":[{"@type":"ListItem","position":1,"name":"Accueil","item":"https:\/\/jb-cosmetics.fr\/wordpress\/"},{"@type":"ListItem","position":2,"name":"Mes produits","item":"https:\/\/jb-cosmetics.fr\/wordpress\/les-produits-jb-cosmetics\/"},{"@type":"ListItem","position":3,"name":"Maquillage"}]},{"@type":"WebSite","@id":"https:\/\/jb-cosmetics.fr\/wordpress\/#website","url":"https:\/\/jb-cosmetics.fr\/wordpress\/","name":"JB Cosmetics","description":"","publisher":{"@id":"https:\/\/jb-cosmetics.fr\/wordpress\/#organization"},"potentialAction":[{"@type":"SearchAction","target":{"@type":"EntryPoint","urlTemplate":"https:\/\/jb-cosmetics.fr\/wordpress\/?s={search_term_string}"},"query-input":{"@type":"PropertyValueSpecification","valueRequired":true,"valueName":"search_term_string"}}],"inLanguage":"fr-FR"},{"@type":"Organization","@id":"https:\/\/jb-cosmetics.fr\/wordpress\/#organization","name":"JB Cosmetics","url":"https:\/\/jb-cosmetics.fr\/wordpress\/","logo":{"@type":"ImageObject","inLanguage":"fr-FR","@id":"https:\/\/jb-cosmetics.fr\/wordpress\/#\/schema\/logo\/image\/","url":"https:\/\/jb-cosmetics.fr\/wordpress\/wp-content\/uploads\/2024\/02\/Logo.png","contentUrl":"https:\/\/jb-cosmetics.fr\/wordpress\/wp-content\/uploads\/2024\/02\/Logo.png","width":225,"height":220,"caption":"JB Cosmetics"},"image":{"@id":"https:\/\/jb-cosmetics.fr\/wordpress\/#\/schema\/logo\/image\/"}}]}},"_links":{"self":[{"href":"https:\/\/jb-cosmetics.fr\/wordpress\/wp-json\/wp\/v2\/pages\/2469","targetHints":{"allow":["GET"]}}],"collection":[{"href":"https:\/\/jb-cosmetics.fr\/wordpress\/wp-json\/wp\/v2\/pages"}],"about":[{"href":"https:\/\/jb-cosmetics.fr\/wordpress\/wp-json\/wp\/v2\/types\/page"}],"author":[{"embeddable":true,"href":"https:\/\/jb-cosmetics.fr\/wordpress\/wp-json\/wp\/v2\/users\/1"}],"replies":[{"embeddable":true,"href":"https:\/\/jb-cosmetics.fr\/wordpress\/wp-json\/wp\/v2\/comments?post=2469"}],"version-history":[{"count":59,"href":"https:\/\/jb-cosmetics.fr\/wordpress\/wp-json\/wp\/v2\/pages\/2469\/revisions"}],"predecessor-version":[{"id":4630,"href":"https:\/\/jb-cosmetics.fr\/wordpress\/wp-json\/wp\/v2\/pages\/2469\/revisions\/4630"}],"up":[{"embeddable":true,"href":"https:\/\/jb-cosmetics.fr\/wordpress\/wp-json\/wp\/v2\/pages\/2449"}],"wp:featuredmedia":[{"embeddable":true,"href":"https:\/\/jb-cosmetics.fr\/wordpress\/wp-json\/wp\/v2\/media\/2401"}],"wp:attachment":[{"href":"https:\/\/jb-cosmetics.fr\/wordpress\/wp-json\/wp\/v2\/media?parent=2469"}],"curies":[{"name":"wp","href":"https:\/\/api.w.org\/{rel}","templated":true}]}}