{"id":2463,"date":"2024-02-15T22:27:29","date_gmt":"2024-02-15T21:27:29","guid":{"rendered":"https:\/\/jb-cosmetics.fr\/wordpress\/?page_id=2463"},"modified":"2025-01-11T10:29:46","modified_gmt":"2025-01-11T09:29:46","slug":"soins-pour-les-cheveux","status":"publish","type":"page","link":"https:\/\/jb-cosmetics.fr\/wordpress\/les-produits-jb-cosmetics\/soins-pour-les-cheveux\/","title":{"rendered":"Soins pour les cheveux"},"content":{"rendered":"\t\t<div data-elementor-type=\"wp-page\" data-elementor-id=\"2463\" class=\"elementor elementor-2463\">\n\t\t\t\t<div class=\"elementor-element elementor-element-451220a e-flex e-con-boxed wpr-particle-no wpr-jarallax-no wpr-parallax-no wpr-sticky-section-no e-con e-parent\" data-id=\"451220a\" data-element_type=\"container\" data-e-type=\"container\">\n\t\t\t\t\t<div class=\"e-con-inner\">\n\t\t\t\t<div class=\"elementor-element elementor-element-5282d5a elementor-widget elementor-widget-heading\" data-id=\"5282d5a\" data-element_type=\"widget\" data-e-type=\"widget\" data-widget_type=\"heading.default\">\n\t\t\t\t<div class=\"elementor-widget-container\">\n\t\t\t\t\t<h2 class=\"elementor-heading-title elementor-size-default\">Soins pour les cheveux<\/h2>\t\t\t\t<\/div>\n\t\t\t\t<\/div>\n\t\t\t\t\t<\/div>\n\t\t\t\t<\/div>\n\t\t<div class=\"elementor-element elementor-element-8b18458 e-flex e-con-boxed wpr-particle-no wpr-jarallax-no wpr-parallax-no wpr-sticky-section-no e-con e-parent\" data-id=\"8b18458\" data-element_type=\"container\" data-e-type=\"container\">\n\t\t\t\t\t<div class=\"e-con-inner\">\n\t\t\t\t<div class=\"elementor-element elementor-element-a675ae3 elementor-widget elementor-widget-spacer\" data-id=\"a675ae3\" data-element_type=\"widget\" data-e-type=\"widget\" data-widget_type=\"spacer.default\">\n\t\t\t\t<div class=\"elementor-widget-container\">\n\t\t\t\t\t\t\t<div class=\"elementor-spacer\">\n\t\t\t<div class=\"elementor-spacer-inner\"><\/div>\n\t\t<\/div>\n\t\t\t\t\t\t<\/div>\n\t\t\t\t<\/div>\n\t\t\t\t<div class=\"elementor-element elementor-element-bbd70e1 elementor-widget elementor-widget-text-editor\" data-id=\"bbd70e1\" data-element_type=\"widget\" data-e-type=\"widget\" data-widget_type=\"text-editor.default\">\n\t\t\t\t<div class=\"elementor-widget-container\">\n\t\t\t\t\t\t\t\t\t<p>Plongez dans l&rsquo;univers raffin\u00e9 des soins capillaires sign\u00e9s JB Cosmetics. Notre gamme d\u00e9di\u00e9e aux cheveux incarne l&rsquo;excellence \u00e0 chaque goutte, offrant une exp\u00e9rience de beaut\u00e9 capillaire in\u00e9gal\u00e9e. Avec des formules \u00e9labor\u00e9es avec soin, chaque produit est con\u00e7u pour r\u00e9pondre aux besoins vari\u00e9s de tous les types de cheveux. Des shampooings revitalisants aux masques nourrissants, JB Cosmetics s&rsquo;engage \u00e0 sublimer vos cheveux, les laissant sains, brillants et pleins de vitalit\u00e9.<\/p><p>Les soins de JB Cosmetics int\u00e8grent des ingr\u00e9dients de qualit\u00e9 sup\u00e9rieure et des avanc\u00e9es technologiques pour offrir des r\u00e9sultats exceptionnels. Que vous cherchiez \u00e0 hydrater, r\u00e9parer, ou simplement \u00e0 rehausser la brillance de vos cheveux, notre gamme compl\u00e8te r\u00e9pond \u00e0 toutes vos attentes. Faites l&rsquo;exp\u00e9rience du luxe capillaire avec JB Cosmetics et d\u00e9couvrez une routine de soins qui transforme vos cheveux, les laissant magnifiquement revitalis\u00e9s et pr\u00eats \u00e0 affronter chaque journ\u00e9e avec confiance.<\/p>\t\t\t\t\t\t\t\t<\/div>\n\t\t\t\t<\/div>\n\t\t\t\t<div class=\"elementor-element elementor-element-df70cd3 elementor-widget elementor-widget-spacer\" data-id=\"df70cd3\" data-element_type=\"widget\" data-e-type=\"widget\" data-widget_type=\"spacer.default\">\n\t\t\t\t<div class=\"elementor-widget-container\">\n\t\t\t\t\t\t\t<div class=\"elementor-spacer\">\n\t\t\t<div class=\"elementor-spacer-inner\"><\/div>\n\t\t<\/div>\n\t\t\t\t\t\t<\/div>\n\t\t\t\t<\/div>\n\t\t\t\t\t<\/div>\n\t\t\t\t<\/div>\n\t\t<div class=\"elementor-element elementor-element-aafcf3a e-flex e-con-boxed wpr-particle-no wpr-jarallax-no wpr-parallax-no wpr-sticky-section-no e-con e-parent\" data-id=\"aafcf3a\" data-element_type=\"container\" data-e-type=\"container\">\n\t\t\t\t\t<div class=\"e-con-inner\">\n\t\t\t\t<div class=\"elementor-element elementor-element-201e381 elementor-align-center elementor-widget elementor-widget-shopengine-product-list\" data-id=\"201e381\" data-element_type=\"widget\" data-e-type=\"widget\" data-settings=\"{&quot;show_product_hover_overlay&quot;:&quot;yes&quot;,&quot;product_hover_overlay_position&quot;:&quot;bottom&quot;}\" data-widget_type=\"shopengine-product-list.default\">\n\t\t\t\t<div class=\"elementor-widget-container\">\n\t\t\t\t\t<div class=\"shopengine shopengine-widget\"><\/div>\t\t\t\t<\/div>\n\t\t\t\t<\/div>\n\t\t\t\t<div class=\"elementor-element elementor-element-3ee99bb elementor-widget elementor-widget-spacer\" data-id=\"3ee99bb\" data-element_type=\"widget\" data-e-type=\"widget\" data-widget_type=\"spacer.default\">\n\t\t\t\t<div class=\"elementor-widget-container\">\n\t\t\t\t\t\t\t<div class=\"elementor-spacer\">\n\t\t\t<div class=\"elementor-spacer-inner\"><\/div>\n\t\t<\/div>\n\t\t\t\t\t\t<\/div>\n\t\t\t\t<\/div>\n\t\t\t\t\t<\/div>\n\t\t\t\t<\/div>\n\t\t\t\t<\/div>\n\t\t","protected":false},"excerpt":{"rendered":"<p>Soins pour les cheveux Plongez dans l&rsquo;univers raffin\u00e9 des soins capillaires sign\u00e9s JB Cosmetics. Notre gamme d\u00e9di\u00e9e aux cheveux incarne l&rsquo;excellence \u00e0 chaque goutte, offrant une exp\u00e9rience de beaut\u00e9 capillaire in\u00e9gal\u00e9e. Avec des formules \u00e9labor\u00e9es avec soin, chaque produit est con\u00e7u pour r\u00e9pondre aux besoins vari\u00e9s de tous les types de cheveux. Des shampooings revitalisants aux masques nourrissants, JB Cosmetics s&rsquo;engage \u00e0 sublimer vos cheveux, les laissant sains, brillants et pleins de vitalit\u00e9. Les soins de JB Cosmetics int\u00e8grent des ingr\u00e9dients de qualit\u00e9 sup\u00e9rieure et des avanc\u00e9es technologiques pour offrir des r\u00e9sultats exceptionnels. Que vous cherchiez \u00e0 hydrater, r\u00e9parer, ou simplement \u00e0 rehausser la brillance de vos cheveux, notre gamme compl\u00e8te r\u00e9pond \u00e0 toutes vos attentes. Faites l&rsquo;exp\u00e9rience du luxe capillaire avec JB Cosmetics et d\u00e9couvrez une routine de soins qui transforme vos cheveux, les laissant magnifiquement revitalis\u00e9s et pr\u00eats \u00e0 affronter chaque journ\u00e9e avec confiance. Ajouter au panier Soins pour les cheveux S\u00e9rum huileux aux huiles essentielles anti-chute Note 0 sur 5(0) 10,75&nbsp;&euro; Ajouter au panier Soins pour les cheveux S\u00e9rum capillaire Note 0 sur 5(0) 12,90&nbsp;&euro; Ajouter au panier Soins pour les cheveux Huile Merveilleuse Pointes Ab\u00eem\u00e9es Note 0 sur 5(0) 15,40&nbsp;&euro; Ajouter au panier Soins pour les cheveux Huile Lissante Anti Frisottis au Piqui Note 0 sur 5(0) 11,60&nbsp;&euro; Ajouter au panier Soins pour les cheveux Huile protectrice Cheveux \u00e0 la Vanille Note 0 sur 5(0) 17,90&nbsp;&euro; Ajouter au panier Soins pour les cheveux Huile protectrice pour cheveux Note 0 sur 5(0) 14,50&nbsp;&euro; Ajouter au panier Soins pour les cheveux S\u00e9rum SOS Pointes S\u00e8ches Note 0 sur 5(0) 10,50&nbsp;&euro; Ajouter au panier Soins pour les cheveux Elixir Pousse des Cheveux Note 0 sur 5(0) 9,60&nbsp;&euro; Ajouter au panier Soins pour les cheveux Lotion capillaire Anti-Chute Note 0 sur 5(0) 9,90&nbsp;&euro; Ajouter au panier Soins pour les cheveux Baume &#8220;Nutrition Intense&#8221; Longueurs &#038; Note 0 sur 5(0) 16,60&nbsp;&euro; Ajouter au panier Soins pour les cheveux Spray coiffant &#8220;Wavy Look&#8221; Note 0 sur 5(0) 9,50&nbsp;&euro; Ajouter au panier Soins pour les cheveux Bain d&#8217;huile Nourrissant &#8220;D\u00e9lice des \u00eele Note 0 sur 5(0) 21,90&nbsp;&euro; Ajouter au panier Soins pour les cheveux Pur\u00e9e de Mangue r\u00e9paratrice et nourrissante pour les Note 0 sur 5(0) 23,00&nbsp;&euro;<\/p>\n","protected":false},"author":1,"featured_media":2405,"parent":2449,"menu_order":0,"comment_status":"closed","ping_status":"closed","template":"elementor_header_footer","meta":{"footnotes":""},"class_list":["post-2463","page","type-page","status-publish","has-post-thumbnail","hentry","entry","has-media","owp-thumbs-layout-horizontal","owp-btn-normal","owp-tabs-layout-horizontal","has-no-thumbnails","has-product-nav"],"yoast_head":"<!-- This site is optimized with the Yoast SEO plugin v27.3 - https:\/\/yoast.com\/product\/yoast-seo-wordpress\/ -->\n<title>Soins pour les cheveux - JB Cosmetics<\/title>\n<meta name=\"description\" content=\"Sublimez vos cheveux avec les soins d&#039;exception JB Cosmetics. Des formules de pointe pour une beaut\u00e9 capillaire in\u00e9gal\u00e9e.\" \/>\n<meta name=\"robots\" content=\"noindex, follow, max-snippet:-1, max-image-preview:large, max-video-preview:-1\" \/>\n<meta property=\"og:locale\" content=\"fr_FR\" \/>\n<meta property=\"og:type\" content=\"article\" \/>\n<meta property=\"og:title\" content=\"Soins pour les cheveux - JB Cosmetics\" \/>\n<meta property=\"og:description\" content=\"Sublimez vos cheveux avec les soins d&#039;exception JB Cosmetics. Des formules de pointe pour une beaut\u00e9 capillaire in\u00e9gal\u00e9e.\" \/>\n<meta property=\"og:url\" content=\"https:\/\/jb-cosmetics.fr\/wordpress\/les-produits-jb-cosmetics\/soins-pour-les-cheveux\/\" \/>\n<meta property=\"og:site_name\" content=\"JB Cosmetics\" \/>\n<meta property=\"article:modified_time\" content=\"2025-01-11T09:29:46+00:00\" \/>\n<meta property=\"og:image\" content=\"https:\/\/jb-cosmetics.fr\/wordpress\/wp-content\/uploads\/2024\/02\/belle-femme-faisant-traitement-auto-soins-scaled.jpg\" \/>\n\t<meta property=\"og:image:width\" content=\"2560\" \/>\n\t<meta property=\"og:image:height\" content=\"1708\" \/>\n\t<meta property=\"og:image:type\" content=\"image\/jpeg\" \/>\n<meta name=\"twitter:card\" content=\"summary_large_image\" \/>\n<meta name=\"twitter:label1\" content=\"Dur\u00e9e de lecture estim\u00e9e\" \/>\n\t<meta name=\"twitter:data1\" content=\"5 minutes\" \/>\n<script type=\"application\/ld+json\" class=\"yoast-schema-graph\">{\"@context\":\"https:\\\/\\\/schema.org\",\"@graph\":[{\"@type\":\"WebPage\",\"@id\":\"https:\\\/\\\/jb-cosmetics.fr\\\/wordpress\\\/les-produits-jb-cosmetics\\\/soins-pour-les-cheveux\\\/\",\"url\":\"https:\\\/\\\/jb-cosmetics.fr\\\/wordpress\\\/les-produits-jb-cosmetics\\\/soins-pour-les-cheveux\\\/\",\"name\":\"Soins pour les cheveux - JB Cosmetics\",\"isPartOf\":{\"@id\":\"https:\\\/\\\/jb-cosmetics.fr\\\/wordpress\\\/#website\"},\"primaryImageOfPage\":{\"@id\":\"https:\\\/\\\/jb-cosmetics.fr\\\/wordpress\\\/les-produits-jb-cosmetics\\\/soins-pour-les-cheveux\\\/#primaryimage\"},\"image\":{\"@id\":\"https:\\\/\\\/jb-cosmetics.fr\\\/wordpress\\\/les-produits-jb-cosmetics\\\/soins-pour-les-cheveux\\\/#primaryimage\"},\"thumbnailUrl\":\"https:\\\/\\\/jb-cosmetics.fr\\\/wordpress\\\/wp-content\\\/uploads\\\/2024\\\/02\\\/belle-femme-faisant-traitement-auto-soins-scaled.jpg\",\"datePublished\":\"2024-02-15T21:27:29+00:00\",\"dateModified\":\"2025-01-11T09:29:46+00:00\",\"description\":\"Sublimez vos cheveux avec les soins d'exception JB Cosmetics. Des formules de pointe pour une beaut\u00e9 capillaire in\u00e9gal\u00e9e.\",\"breadcrumb\":{\"@id\":\"https:\\\/\\\/jb-cosmetics.fr\\\/wordpress\\\/les-produits-jb-cosmetics\\\/soins-pour-les-cheveux\\\/#breadcrumb\"},\"inLanguage\":\"fr-FR\",\"potentialAction\":[{\"@type\":\"ReadAction\",\"target\":[\"https:\\\/\\\/jb-cosmetics.fr\\\/wordpress\\\/les-produits-jb-cosmetics\\\/soins-pour-les-cheveux\\\/\"]}]},{\"@type\":\"ImageObject\",\"inLanguage\":\"fr-FR\",\"@id\":\"https:\\\/\\\/jb-cosmetics.fr\\\/wordpress\\\/les-produits-jb-cosmetics\\\/soins-pour-les-cheveux\\\/#primaryimage\",\"url\":\"https:\\\/\\\/jb-cosmetics.fr\\\/wordpress\\\/wp-content\\\/uploads\\\/2024\\\/02\\\/belle-femme-faisant-traitement-auto-soins-scaled.jpg\",\"contentUrl\":\"https:\\\/\\\/jb-cosmetics.fr\\\/wordpress\\\/wp-content\\\/uploads\\\/2024\\\/02\\\/belle-femme-faisant-traitement-auto-soins-scaled.jpg\",\"width\":2560,\"height\":1708,\"caption\":\"Soins pour les cheveux\"},{\"@type\":\"BreadcrumbList\",\"@id\":\"https:\\\/\\\/jb-cosmetics.fr\\\/wordpress\\\/les-produits-jb-cosmetics\\\/soins-pour-les-cheveux\\\/#breadcrumb\",\"itemListElement\":[{\"@type\":\"ListItem\",\"position\":1,\"name\":\"Accueil\",\"item\":\"https:\\\/\\\/jb-cosmetics.fr\\\/wordpress\\\/\"},{\"@type\":\"ListItem\",\"position\":2,\"name\":\"Mes produits\",\"item\":\"https:\\\/\\\/jb-cosmetics.fr\\\/wordpress\\\/les-produits-jb-cosmetics\\\/\"},{\"@type\":\"ListItem\",\"position\":3,\"name\":\"Soins pour les cheveux\"}]},{\"@type\":\"WebSite\",\"@id\":\"https:\\\/\\\/jb-cosmetics.fr\\\/wordpress\\\/#website\",\"url\":\"https:\\\/\\\/jb-cosmetics.fr\\\/wordpress\\\/\",\"name\":\"JB Cosmetics\",\"description\":\"\",\"publisher\":{\"@id\":\"https:\\\/\\\/jb-cosmetics.fr\\\/wordpress\\\/#organization\"},\"potentialAction\":[{\"@type\":\"SearchAction\",\"target\":{\"@type\":\"EntryPoint\",\"urlTemplate\":\"https:\\\/\\\/jb-cosmetics.fr\\\/wordpress\\\/?s={search_term_string}\"},\"query-input\":{\"@type\":\"PropertyValueSpecification\",\"valueRequired\":true,\"valueName\":\"search_term_string\"}}],\"inLanguage\":\"fr-FR\"},{\"@type\":\"Organization\",\"@id\":\"https:\\\/\\\/jb-cosmetics.fr\\\/wordpress\\\/#organization\",\"name\":\"JB Cosmetics\",\"url\":\"https:\\\/\\\/jb-cosmetics.fr\\\/wordpress\\\/\",\"logo\":{\"@type\":\"ImageObject\",\"inLanguage\":\"fr-FR\",\"@id\":\"https:\\\/\\\/jb-cosmetics.fr\\\/wordpress\\\/#\\\/schema\\\/logo\\\/image\\\/\",\"url\":\"https:\\\/\\\/jb-cosmetics.fr\\\/wordpress\\\/wp-content\\\/uploads\\\/2024\\\/02\\\/Logo.png\",\"contentUrl\":\"https:\\\/\\\/jb-cosmetics.fr\\\/wordpress\\\/wp-content\\\/uploads\\\/2024\\\/02\\\/Logo.png\",\"width\":225,\"height\":220,\"caption\":\"JB Cosmetics\"},\"image\":{\"@id\":\"https:\\\/\\\/jb-cosmetics.fr\\\/wordpress\\\/#\\\/schema\\\/logo\\\/image\\\/\"}}]}<\/script>\n<!-- \/ Yoast SEO plugin. -->","yoast_head_json":{"title":"Soins pour les cheveux - JB Cosmetics","description":"Sublimez vos cheveux avec les soins d'exception JB Cosmetics. Des formules de pointe pour une beaut\u00e9 capillaire in\u00e9gal\u00e9e.","robots":{"index":"noindex","follow":"follow","max-snippet":"max-snippet:-1","max-image-preview":"max-image-preview:large","max-video-preview":"max-video-preview:-1"},"og_locale":"fr_FR","og_type":"article","og_title":"Soins pour les cheveux - JB Cosmetics","og_description":"Sublimez vos cheveux avec les soins d'exception JB Cosmetics. Des formules de pointe pour une beaut\u00e9 capillaire in\u00e9gal\u00e9e.","og_url":"https:\/\/jb-cosmetics.fr\/wordpress\/les-produits-jb-cosmetics\/soins-pour-les-cheveux\/","og_site_name":"JB Cosmetics","article_modified_time":"2025-01-11T09:29:46+00:00","og_image":[{"width":2560,"height":1708,"url":"https:\/\/jb-cosmetics.fr\/wordpress\/wp-content\/uploads\/2024\/02\/belle-femme-faisant-traitement-auto-soins-scaled.jpg","type":"image\/jpeg"}],"twitter_card":"summary_large_image","twitter_misc":{"Dur\u00e9e de lecture estim\u00e9e":"5 minutes"},"schema":{"@context":"https:\/\/schema.org","@graph":[{"@type":"WebPage","@id":"https:\/\/jb-cosmetics.fr\/wordpress\/les-produits-jb-cosmetics\/soins-pour-les-cheveux\/","url":"https:\/\/jb-cosmetics.fr\/wordpress\/les-produits-jb-cosmetics\/soins-pour-les-cheveux\/","name":"Soins pour les cheveux - JB Cosmetics","isPartOf":{"@id":"https:\/\/jb-cosmetics.fr\/wordpress\/#website"},"primaryImageOfPage":{"@id":"https:\/\/jb-cosmetics.fr\/wordpress\/les-produits-jb-cosmetics\/soins-pour-les-cheveux\/#primaryimage"},"image":{"@id":"https:\/\/jb-cosmetics.fr\/wordpress\/les-produits-jb-cosmetics\/soins-pour-les-cheveux\/#primaryimage"},"thumbnailUrl":"https:\/\/jb-cosmetics.fr\/wordpress\/wp-content\/uploads\/2024\/02\/belle-femme-faisant-traitement-auto-soins-scaled.jpg","datePublished":"2024-02-15T21:27:29+00:00","dateModified":"2025-01-11T09:29:46+00:00","description":"Sublimez vos cheveux avec les soins d'exception JB Cosmetics. Des formules de pointe pour une beaut\u00e9 capillaire in\u00e9gal\u00e9e.","breadcrumb":{"@id":"https:\/\/jb-cosmetics.fr\/wordpress\/les-produits-jb-cosmetics\/soins-pour-les-cheveux\/#breadcrumb"},"inLanguage":"fr-FR","potentialAction":[{"@type":"ReadAction","target":["https:\/\/jb-cosmetics.fr\/wordpress\/les-produits-jb-cosmetics\/soins-pour-les-cheveux\/"]}]},{"@type":"ImageObject","inLanguage":"fr-FR","@id":"https:\/\/jb-cosmetics.fr\/wordpress\/les-produits-jb-cosmetics\/soins-pour-les-cheveux\/#primaryimage","url":"https:\/\/jb-cosmetics.fr\/wordpress\/wp-content\/uploads\/2024\/02\/belle-femme-faisant-traitement-auto-soins-scaled.jpg","contentUrl":"https:\/\/jb-cosmetics.fr\/wordpress\/wp-content\/uploads\/2024\/02\/belle-femme-faisant-traitement-auto-soins-scaled.jpg","width":2560,"height":1708,"caption":"Soins pour les cheveux"},{"@type":"BreadcrumbList","@id":"https:\/\/jb-cosmetics.fr\/wordpress\/les-produits-jb-cosmetics\/soins-pour-les-cheveux\/#breadcrumb","itemListElement":[{"@type":"ListItem","position":1,"name":"Accueil","item":"https:\/\/jb-cosmetics.fr\/wordpress\/"},{"@type":"ListItem","position":2,"name":"Mes produits","item":"https:\/\/jb-cosmetics.fr\/wordpress\/les-produits-jb-cosmetics\/"},{"@type":"ListItem","position":3,"name":"Soins pour les cheveux"}]},{"@type":"WebSite","@id":"https:\/\/jb-cosmetics.fr\/wordpress\/#website","url":"https:\/\/jb-cosmetics.fr\/wordpress\/","name":"JB Cosmetics","description":"","publisher":{"@id":"https:\/\/jb-cosmetics.fr\/wordpress\/#organization"},"potentialAction":[{"@type":"SearchAction","target":{"@type":"EntryPoint","urlTemplate":"https:\/\/jb-cosmetics.fr\/wordpress\/?s={search_term_string}"},"query-input":{"@type":"PropertyValueSpecification","valueRequired":true,"valueName":"search_term_string"}}],"inLanguage":"fr-FR"},{"@type":"Organization","@id":"https:\/\/jb-cosmetics.fr\/wordpress\/#organization","name":"JB Cosmetics","url":"https:\/\/jb-cosmetics.fr\/wordpress\/","logo":{"@type":"ImageObject","inLanguage":"fr-FR","@id":"https:\/\/jb-cosmetics.fr\/wordpress\/#\/schema\/logo\/image\/","url":"https:\/\/jb-cosmetics.fr\/wordpress\/wp-content\/uploads\/2024\/02\/Logo.png","contentUrl":"https:\/\/jb-cosmetics.fr\/wordpress\/wp-content\/uploads\/2024\/02\/Logo.png","width":225,"height":220,"caption":"JB Cosmetics"},"image":{"@id":"https:\/\/jb-cosmetics.fr\/wordpress\/#\/schema\/logo\/image\/"}}]}},"_links":{"self":[{"href":"https:\/\/jb-cosmetics.fr\/wordpress\/wp-json\/wp\/v2\/pages\/2463","targetHints":{"allow":["GET"]}}],"collection":[{"href":"https:\/\/jb-cosmetics.fr\/wordpress\/wp-json\/wp\/v2\/pages"}],"about":[{"href":"https:\/\/jb-cosmetics.fr\/wordpress\/wp-json\/wp\/v2\/types\/page"}],"author":[{"embeddable":true,"href":"https:\/\/jb-cosmetics.fr\/wordpress\/wp-json\/wp\/v2\/users\/1"}],"replies":[{"embeddable":true,"href":"https:\/\/jb-cosmetics.fr\/wordpress\/wp-json\/wp\/v2\/comments?post=2463"}],"version-history":[{"count":55,"href":"https:\/\/jb-cosmetics.fr\/wordpress\/wp-json\/wp\/v2\/pages\/2463\/revisions"}],"predecessor-version":[{"id":4627,"href":"https:\/\/jb-cosmetics.fr\/wordpress\/wp-json\/wp\/v2\/pages\/2463\/revisions\/4627"}],"up":[{"embeddable":true,"href":"https:\/\/jb-cosmetics.fr\/wordpress\/wp-json\/wp\/v2\/pages\/2449"}],"wp:featuredmedia":[{"embeddable":true,"href":"https:\/\/jb-cosmetics.fr\/wordpress\/wp-json\/wp\/v2\/media\/2405"}],"wp:attachment":[{"href":"https:\/\/jb-cosmetics.fr\/wordpress\/wp-json\/wp\/v2\/media?parent=2463"}],"curies":[{"name":"wp","href":"https:\/\/api.w.org\/{rel}","templated":true}]}}