{"id":2457,"date":"2024-02-15T22:26:22","date_gmt":"2024-02-15T21:26:22","guid":{"rendered":"https:\/\/jb-cosmetics.fr\/wordpress\/?page_id=2457"},"modified":"2025-01-11T10:29:00","modified_gmt":"2025-01-11T09:29:00","slug":"soins-pour-le-corps","status":"publish","type":"page","link":"https:\/\/jb-cosmetics.fr\/wordpress\/les-produits-jb-cosmetics\/soins-pour-le-corps\/","title":{"rendered":"Soins pour le corps"},"content":{"rendered":"\t\t<div data-elementor-type=\"wp-page\" data-elementor-id=\"2457\" class=\"elementor elementor-2457\">\n\t\t\t\t<div class=\"elementor-element elementor-element-cb9894a e-flex e-con-boxed wpr-particle-no wpr-jarallax-no wpr-parallax-no wpr-sticky-section-no e-con e-parent\" data-id=\"cb9894a\" data-element_type=\"container\" data-e-type=\"container\">\n\t\t\t\t\t<div class=\"e-con-inner\">\n\t\t\t\t<div class=\"elementor-element elementor-element-d002e50 elementor-widget elementor-widget-heading\" data-id=\"d002e50\" data-element_type=\"widget\" data-e-type=\"widget\" data-widget_type=\"heading.default\">\n\t\t\t\t<div class=\"elementor-widget-container\">\n\t\t\t\t\t<h2 class=\"elementor-heading-title elementor-size-default\">Soins pour le corps<\/h2>\t\t\t\t<\/div>\n\t\t\t\t<\/div>\n\t\t\t\t<div class=\"elementor-element elementor-element-b36adf4 elementor-widget elementor-widget-text-editor\" data-id=\"b36adf4\" data-element_type=\"widget\" data-e-type=\"widget\" data-widget_type=\"text-editor.default\">\n\t\t\t\t<div class=\"elementor-widget-container\">\n\t\t\t\t\t\t\t\t\t<p>JB Cosmetics incarne l&rsquo;excellence dans le domaine des soins corporels, offrant une exp\u00e9rience luxueuse et bienfaisante qui red\u00e9finit les normes de la beaut\u00e9 et du bien-\u00eatre. Cette marque prestigieuse s&rsquo;engage \u00e0 cr\u00e9er des produits innovants, \u00e9labor\u00e9s avec une expertise in\u00e9gal\u00e9e, pour r\u00e9pondre aux besoins vari\u00e9s de chaque individu soucieux de sa peau.<\/p><p>Les soins corporels de JB Cosmetics se distinguent par leur formule raffin\u00e9e, associant des ingr\u00e9dients naturels de haute qualit\u00e9 \u00e0 une technologie de pointe. Chaque produit est con\u00e7u avec une pr\u00e9cision artisanale pour offrir des r\u00e9sultats visibles et durables, procurant une sensation de douceur et d&rsquo;\u00e9clat \u00e0 la peau. Que ce soit des lotions hydratantes, des gommages exfoliants ou des huiles nourrissantes, la gamme compl\u00e8te de JB Cosmetics couvre tous les aspects des soins corporels.<\/p><p>La philosophie de la marque repose sur l&rsquo;id\u00e9e que prendre soin de son corps est une c\u00e9l\u00e9bration de soi-m\u00eame. Les produits JB Cosmetics ne se contentent pas d&#8217;embellir la peau, mais ils cr\u00e9ent \u00e9galement une exp\u00e9rience sensorielle enveloppante, \u00e9veillant les sens et apaisant l&rsquo;esprit. Chaque flacon incarne l&rsquo;alliance parfaite entre le luxe, l&rsquo;efficacit\u00e9 et le respect de l&rsquo;environnement, d\u00e9montrant l&rsquo;engagement de JB Cosmetics envers la durabilit\u00e9.<\/p><p>Plongez dans l&rsquo;univers envo\u00fbtant des soins corporels sign\u00e9s JB Cosmetics, o\u00f9 l&rsquo;\u00e9l\u00e9gance et l&rsquo;innovation se rencontrent pour sublimer votre routine beaut\u00e9 quotidienne.<\/p>\t\t\t\t\t\t\t\t<\/div>\n\t\t\t\t<\/div>\n\t\t\t\t<div class=\"elementor-element elementor-element-fb1ef97 elementor-align-center elementor-widget elementor-widget-shopengine-product-list\" data-id=\"fb1ef97\" data-element_type=\"widget\" data-e-type=\"widget\" data-settings=\"{&quot;show_product_hover_overlay&quot;:&quot;yes&quot;,&quot;product_hover_overlay_position&quot;:&quot;bottom&quot;}\" data-widget_type=\"shopengine-product-list.default\">\n\t\t\t\t<div class=\"elementor-widget-container\">\n\t\t\t\t\t<div class=\"shopengine shopengine-widget\"><\/div>\t\t\t\t<\/div>\n\t\t\t\t<\/div>\n\t\t\t\t\t<\/div>\n\t\t\t\t<\/div>\n\t\t\t\t<\/div>\n\t\t","protected":false},"excerpt":{"rendered":"<p>Soins pour le corps JB Cosmetics incarne l&rsquo;excellence dans le domaine des soins corporels, offrant une exp\u00e9rience luxueuse et bienfaisante qui red\u00e9finit les normes de la beaut\u00e9 et du bien-\u00eatre. Cette marque prestigieuse s&rsquo;engage \u00e0 cr\u00e9er des produits innovants, \u00e9labor\u00e9s avec une expertise in\u00e9gal\u00e9e, pour r\u00e9pondre aux besoins vari\u00e9s de chaque individu soucieux de sa peau. Les soins corporels de JB Cosmetics se distinguent par leur formule raffin\u00e9e, associant des ingr\u00e9dients naturels de haute qualit\u00e9 \u00e0 une technologie de pointe. Chaque produit est con\u00e7u avec une pr\u00e9cision artisanale pour offrir des r\u00e9sultats visibles et durables, procurant une sensation de douceur et d&rsquo;\u00e9clat \u00e0 la peau. Que ce soit des lotions hydratantes, des gommages exfoliants ou des huiles nourrissantes, la gamme compl\u00e8te de JB Cosmetics couvre tous les aspects des soins corporels. La philosophie de la marque repose sur l&rsquo;id\u00e9e que prendre soin de son corps est une c\u00e9l\u00e9bration de soi-m\u00eame. Les produits JB Cosmetics ne se contentent pas d&#8217;embellir la peau, mais ils cr\u00e9ent \u00e9galement une exp\u00e9rience sensorielle enveloppante, \u00e9veillant les sens et apaisant l&rsquo;esprit. Chaque flacon incarne l&rsquo;alliance parfaite entre le luxe, l&rsquo;efficacit\u00e9 et le respect de l&rsquo;environnement, d\u00e9montrant l&rsquo;engagement de JB Cosmetics envers la durabilit\u00e9. Plongez dans l&rsquo;univers envo\u00fbtant des soins corporels sign\u00e9s JB Cosmetics, o\u00f9 l&rsquo;\u00e9l\u00e9gance et l&rsquo;innovation se rencontrent pour sublimer votre routine beaut\u00e9 quotidienne. Ajouter au panier Soins pour le corps Gel apr\u00e8s-soleil Note 0 sur 5(0) 11,70&nbsp;&euro; Ajouter au panier Soins pour le corps Parfum &#8220;L&#8217;eau d&#8217;\u00e9pices&#8221; Note 0 sur 5(0) 19,50&nbsp;&euro; Ajouter au panier Soins pour le corps Eau de soin rafraichissante Note 0 sur 5(0) 11,40&nbsp;&euro; Ajouter au panier Soins pour le corps Spray anti-moustiques Note 0 sur 5(0) 13,20&nbsp;&euro; Ajouter au panier Soins pour le corps Beurre tropical aux fruits exotiques Note 0 sur 5(0) 14,90&nbsp;&euro; Ajouter au panier Soins pour le corps Huile sublimatrice de Bronzage Carotte &#038; Abricot Note 0 sur 5(0) 17,30&nbsp;&euro; Ajouter au panier Soins pour le corps Huile Bronzante Mono\u00ef &#038; Vanille Note 0 sur 5(0) 22,50&nbsp;&euro; Ajouter au panier Soins pour le corps Lait apr\u00e8s-soleil Note 0 sur 5(0) 13,00&nbsp;&euro; Ajouter au panier Soins pour le corps Huile douche nutritive biphas\u00e9 Amande Douce &#038; Germes de Bl\u00e9 Note 0 sur 5(0) 16,60&nbsp;&euro; Ajouter au panier Soins pour le corps Huile S\u00e8che Sublimatrice Corps et Cheveux \u00e0 la Noisette Note 0 sur 5(0) 13,50&nbsp;&euro; Ajouter au panier Soins pour le corps Cr\u00e8me lavante pour les mains \u00e0 la Cerise Exquise Note 0 sur 5(0) 16,20&nbsp;&euro; Ajouter au panier Soins pour le corps Gommage pour les pieds Note 0 sur 5(0) 12,70&nbsp;&euro; Ajouter au panier Soins pour le corps Soin des ongles Note 0 sur 5(0) 6,70&nbsp;&euro; Ajouter au panier Soins pour le corps Gel fraicheur pour pieds l\u00e9gers Note 0 sur 5(0) 19,20&nbsp;&euro;<\/p>\n","protected":false},"author":1,"featured_media":0,"parent":2449,"menu_order":0,"comment_status":"closed","ping_status":"closed","template":"elementor_header_footer","meta":{"footnotes":""},"class_list":["post-2457","page","type-page","status-publish","hentry","entry","owp-thumbs-layout-horizontal","owp-btn-normal","owp-tabs-layout-horizontal","has-no-thumbnails","has-product-nav"],"yoast_head":"<!-- This site is optimized with the Yoast SEO plugin v27.3 - https:\/\/yoast.com\/product\/yoast-seo-wordpress\/ -->\n<title>Soins pour le corps - JB Cosmetics<\/title>\n<meta name=\"description\" content=\"D\u00e9couvrez l&#039;excellence des soins pour le corps avec JB Cosmetics. Des r\u00e9sultats visibles, une exp\u00e9rience sensorielle in\u00e9gal\u00e9e.\" \/>\n<meta name=\"robots\" content=\"noindex, follow, max-snippet:-1, max-image-preview:large, max-video-preview:-1\" \/>\n<meta property=\"og:locale\" content=\"fr_FR\" \/>\n<meta property=\"og:type\" content=\"article\" \/>\n<meta property=\"og:title\" content=\"Soins pour le corps - JB Cosmetics\" \/>\n<meta property=\"og:description\" content=\"D\u00e9couvrez l&#039;excellence des soins pour le corps avec JB Cosmetics. Des r\u00e9sultats visibles, une exp\u00e9rience sensorielle in\u00e9gal\u00e9e.\" \/>\n<meta property=\"og:url\" content=\"https:\/\/jb-cosmetics.fr\/wordpress\/les-produits-jb-cosmetics\/soins-pour-le-corps\/\" \/>\n<meta property=\"og:site_name\" content=\"JB Cosmetics\" \/>\n<meta property=\"article:modified_time\" content=\"2025-01-11T09:29:00+00:00\" \/>\n<meta property=\"og:image\" content=\"https:\/\/jb-cosmetics.fr\/wordpress\/wp-content\/uploads\/2025\/01\/Gel-apres-soleil-1.png\" \/>\n<meta name=\"twitter:card\" content=\"summary_large_image\" \/>\n<meta name=\"twitter:label1\" content=\"Dur\u00e9e de lecture estim\u00e9e\" \/>\n\t<meta name=\"twitter:data1\" content=\"6 minutes\" \/>\n<script type=\"application\/ld+json\" class=\"yoast-schema-graph\">{\"@context\":\"https:\\\/\\\/schema.org\",\"@graph\":[{\"@type\":\"WebPage\",\"@id\":\"https:\\\/\\\/jb-cosmetics.fr\\\/wordpress\\\/les-produits-jb-cosmetics\\\/soins-pour-le-corps\\\/\",\"url\":\"https:\\\/\\\/jb-cosmetics.fr\\\/wordpress\\\/les-produits-jb-cosmetics\\\/soins-pour-le-corps\\\/\",\"name\":\"Soins pour le corps - JB Cosmetics\",\"isPartOf\":{\"@id\":\"https:\\\/\\\/jb-cosmetics.fr\\\/wordpress\\\/#website\"},\"primaryImageOfPage\":{\"@id\":\"https:\\\/\\\/jb-cosmetics.fr\\\/wordpress\\\/les-produits-jb-cosmetics\\\/soins-pour-le-corps\\\/#primaryimage\"},\"image\":{\"@id\":\"https:\\\/\\\/jb-cosmetics.fr\\\/wordpress\\\/les-produits-jb-cosmetics\\\/soins-pour-le-corps\\\/#primaryimage\"},\"thumbnailUrl\":\"https:\\\/\\\/jb-cosmetics.fr\\\/wordpress\\\/wp-content\\\/uploads\\\/2025\\\/01\\\/Gel-apres-soleil-1.png\",\"datePublished\":\"2024-02-15T21:26:22+00:00\",\"dateModified\":\"2025-01-11T09:29:00+00:00\",\"description\":\"D\u00e9couvrez l'excellence des soins pour le corps avec JB Cosmetics. Des r\u00e9sultats visibles, une exp\u00e9rience sensorielle in\u00e9gal\u00e9e.\",\"breadcrumb\":{\"@id\":\"https:\\\/\\\/jb-cosmetics.fr\\\/wordpress\\\/les-produits-jb-cosmetics\\\/soins-pour-le-corps\\\/#breadcrumb\"},\"inLanguage\":\"fr-FR\",\"potentialAction\":[{\"@type\":\"ReadAction\",\"target\":[\"https:\\\/\\\/jb-cosmetics.fr\\\/wordpress\\\/les-produits-jb-cosmetics\\\/soins-pour-le-corps\\\/\"]}]},{\"@type\":\"ImageObject\",\"inLanguage\":\"fr-FR\",\"@id\":\"https:\\\/\\\/jb-cosmetics.fr\\\/wordpress\\\/les-produits-jb-cosmetics\\\/soins-pour-le-corps\\\/#primaryimage\",\"url\":\"https:\\\/\\\/jb-cosmetics.fr\\\/wordpress\\\/wp-content\\\/uploads\\\/2025\\\/01\\\/Gel-apres-soleil-1.png\",\"contentUrl\":\"https:\\\/\\\/jb-cosmetics.fr\\\/wordpress\\\/wp-content\\\/uploads\\\/2025\\\/01\\\/Gel-apres-soleil-1.png\",\"width\":1000,\"height\":666},{\"@type\":\"BreadcrumbList\",\"@id\":\"https:\\\/\\\/jb-cosmetics.fr\\\/wordpress\\\/les-produits-jb-cosmetics\\\/soins-pour-le-corps\\\/#breadcrumb\",\"itemListElement\":[{\"@type\":\"ListItem\",\"position\":1,\"name\":\"Accueil\",\"item\":\"https:\\\/\\\/jb-cosmetics.fr\\\/wordpress\\\/\"},{\"@type\":\"ListItem\",\"position\":2,\"name\":\"Mes produits\",\"item\":\"https:\\\/\\\/jb-cosmetics.fr\\\/wordpress\\\/les-produits-jb-cosmetics\\\/\"},{\"@type\":\"ListItem\",\"position\":3,\"name\":\"Soins pour le corps\"}]},{\"@type\":\"WebSite\",\"@id\":\"https:\\\/\\\/jb-cosmetics.fr\\\/wordpress\\\/#website\",\"url\":\"https:\\\/\\\/jb-cosmetics.fr\\\/wordpress\\\/\",\"name\":\"JB Cosmetics\",\"description\":\"\",\"publisher\":{\"@id\":\"https:\\\/\\\/jb-cosmetics.fr\\\/wordpress\\\/#organization\"},\"potentialAction\":[{\"@type\":\"SearchAction\",\"target\":{\"@type\":\"EntryPoint\",\"urlTemplate\":\"https:\\\/\\\/jb-cosmetics.fr\\\/wordpress\\\/?s={search_term_string}\"},\"query-input\":{\"@type\":\"PropertyValueSpecification\",\"valueRequired\":true,\"valueName\":\"search_term_string\"}}],\"inLanguage\":\"fr-FR\"},{\"@type\":\"Organization\",\"@id\":\"https:\\\/\\\/jb-cosmetics.fr\\\/wordpress\\\/#organization\",\"name\":\"JB Cosmetics\",\"url\":\"https:\\\/\\\/jb-cosmetics.fr\\\/wordpress\\\/\",\"logo\":{\"@type\":\"ImageObject\",\"inLanguage\":\"fr-FR\",\"@id\":\"https:\\\/\\\/jb-cosmetics.fr\\\/wordpress\\\/#\\\/schema\\\/logo\\\/image\\\/\",\"url\":\"https:\\\/\\\/jb-cosmetics.fr\\\/wordpress\\\/wp-content\\\/uploads\\\/2024\\\/02\\\/Logo.png\",\"contentUrl\":\"https:\\\/\\\/jb-cosmetics.fr\\\/wordpress\\\/wp-content\\\/uploads\\\/2024\\\/02\\\/Logo.png\",\"width\":225,\"height\":220,\"caption\":\"JB Cosmetics\"},\"image\":{\"@id\":\"https:\\\/\\\/jb-cosmetics.fr\\\/wordpress\\\/#\\\/schema\\\/logo\\\/image\\\/\"}}]}<\/script>\n<!-- \/ Yoast SEO plugin. -->","yoast_head_json":{"title":"Soins pour le corps - JB Cosmetics","description":"D\u00e9couvrez l'excellence des soins pour le corps avec JB Cosmetics. Des r\u00e9sultats visibles, une exp\u00e9rience sensorielle in\u00e9gal\u00e9e.","robots":{"index":"noindex","follow":"follow","max-snippet":"max-snippet:-1","max-image-preview":"max-image-preview:large","max-video-preview":"max-video-preview:-1"},"og_locale":"fr_FR","og_type":"article","og_title":"Soins pour le corps - JB Cosmetics","og_description":"D\u00e9couvrez l'excellence des soins pour le corps avec JB Cosmetics. Des r\u00e9sultats visibles, une exp\u00e9rience sensorielle in\u00e9gal\u00e9e.","og_url":"https:\/\/jb-cosmetics.fr\/wordpress\/les-produits-jb-cosmetics\/soins-pour-le-corps\/","og_site_name":"JB Cosmetics","article_modified_time":"2025-01-11T09:29:00+00:00","og_image":[{"url":"https:\/\/jb-cosmetics.fr\/wordpress\/wp-content\/uploads\/2025\/01\/Gel-apres-soleil-1.png","type":"","width":"","height":""}],"twitter_card":"summary_large_image","twitter_misc":{"Dur\u00e9e de lecture estim\u00e9e":"6 minutes"},"schema":{"@context":"https:\/\/schema.org","@graph":[{"@type":"WebPage","@id":"https:\/\/jb-cosmetics.fr\/wordpress\/les-produits-jb-cosmetics\/soins-pour-le-corps\/","url":"https:\/\/jb-cosmetics.fr\/wordpress\/les-produits-jb-cosmetics\/soins-pour-le-corps\/","name":"Soins pour le corps - JB Cosmetics","isPartOf":{"@id":"https:\/\/jb-cosmetics.fr\/wordpress\/#website"},"primaryImageOfPage":{"@id":"https:\/\/jb-cosmetics.fr\/wordpress\/les-produits-jb-cosmetics\/soins-pour-le-corps\/#primaryimage"},"image":{"@id":"https:\/\/jb-cosmetics.fr\/wordpress\/les-produits-jb-cosmetics\/soins-pour-le-corps\/#primaryimage"},"thumbnailUrl":"https:\/\/jb-cosmetics.fr\/wordpress\/wp-content\/uploads\/2025\/01\/Gel-apres-soleil-1.png","datePublished":"2024-02-15T21:26:22+00:00","dateModified":"2025-01-11T09:29:00+00:00","description":"D\u00e9couvrez l'excellence des soins pour le corps avec JB Cosmetics. Des r\u00e9sultats visibles, une exp\u00e9rience sensorielle in\u00e9gal\u00e9e.","breadcrumb":{"@id":"https:\/\/jb-cosmetics.fr\/wordpress\/les-produits-jb-cosmetics\/soins-pour-le-corps\/#breadcrumb"},"inLanguage":"fr-FR","potentialAction":[{"@type":"ReadAction","target":["https:\/\/jb-cosmetics.fr\/wordpress\/les-produits-jb-cosmetics\/soins-pour-le-corps\/"]}]},{"@type":"ImageObject","inLanguage":"fr-FR","@id":"https:\/\/jb-cosmetics.fr\/wordpress\/les-produits-jb-cosmetics\/soins-pour-le-corps\/#primaryimage","url":"https:\/\/jb-cosmetics.fr\/wordpress\/wp-content\/uploads\/2025\/01\/Gel-apres-soleil-1.png","contentUrl":"https:\/\/jb-cosmetics.fr\/wordpress\/wp-content\/uploads\/2025\/01\/Gel-apres-soleil-1.png","width":1000,"height":666},{"@type":"BreadcrumbList","@id":"https:\/\/jb-cosmetics.fr\/wordpress\/les-produits-jb-cosmetics\/soins-pour-le-corps\/#breadcrumb","itemListElement":[{"@type":"ListItem","position":1,"name":"Accueil","item":"https:\/\/jb-cosmetics.fr\/wordpress\/"},{"@type":"ListItem","position":2,"name":"Mes produits","item":"https:\/\/jb-cosmetics.fr\/wordpress\/les-produits-jb-cosmetics\/"},{"@type":"ListItem","position":3,"name":"Soins pour le corps"}]},{"@type":"WebSite","@id":"https:\/\/jb-cosmetics.fr\/wordpress\/#website","url":"https:\/\/jb-cosmetics.fr\/wordpress\/","name":"JB Cosmetics","description":"","publisher":{"@id":"https:\/\/jb-cosmetics.fr\/wordpress\/#organization"},"potentialAction":[{"@type":"SearchAction","target":{"@type":"EntryPoint","urlTemplate":"https:\/\/jb-cosmetics.fr\/wordpress\/?s={search_term_string}"},"query-input":{"@type":"PropertyValueSpecification","valueRequired":true,"valueName":"search_term_string"}}],"inLanguage":"fr-FR"},{"@type":"Organization","@id":"https:\/\/jb-cosmetics.fr\/wordpress\/#organization","name":"JB Cosmetics","url":"https:\/\/jb-cosmetics.fr\/wordpress\/","logo":{"@type":"ImageObject","inLanguage":"fr-FR","@id":"https:\/\/jb-cosmetics.fr\/wordpress\/#\/schema\/logo\/image\/","url":"https:\/\/jb-cosmetics.fr\/wordpress\/wp-content\/uploads\/2024\/02\/Logo.png","contentUrl":"https:\/\/jb-cosmetics.fr\/wordpress\/wp-content\/uploads\/2024\/02\/Logo.png","width":225,"height":220,"caption":"JB Cosmetics"},"image":{"@id":"https:\/\/jb-cosmetics.fr\/wordpress\/#\/schema\/logo\/image\/"}}]}},"_links":{"self":[{"href":"https:\/\/jb-cosmetics.fr\/wordpress\/wp-json\/wp\/v2\/pages\/2457","targetHints":{"allow":["GET"]}}],"collection":[{"href":"https:\/\/jb-cosmetics.fr\/wordpress\/wp-json\/wp\/v2\/pages"}],"about":[{"href":"https:\/\/jb-cosmetics.fr\/wordpress\/wp-json\/wp\/v2\/types\/page"}],"author":[{"embeddable":true,"href":"https:\/\/jb-cosmetics.fr\/wordpress\/wp-json\/wp\/v2\/users\/1"}],"replies":[{"embeddable":true,"href":"https:\/\/jb-cosmetics.fr\/wordpress\/wp-json\/wp\/v2\/comments?post=2457"}],"version-history":[{"count":40,"href":"https:\/\/jb-cosmetics.fr\/wordpress\/wp-json\/wp\/v2\/pages\/2457\/revisions"}],"predecessor-version":[{"id":4621,"href":"https:\/\/jb-cosmetics.fr\/wordpress\/wp-json\/wp\/v2\/pages\/2457\/revisions\/4621"}],"up":[{"embeddable":true,"href":"https:\/\/jb-cosmetics.fr\/wordpress\/wp-json\/wp\/v2\/pages\/2449"}],"wp:attachment":[{"href":"https:\/\/jb-cosmetics.fr\/wordpress\/wp-json\/wp\/v2\/media?parent=2457"}],"curies":[{"name":"wp","href":"https:\/\/api.w.org\/{rel}","templated":true}]}}