{"id":2451,"date":"2024-02-15T22:25:25","date_gmt":"2024-02-15T21:25:25","guid":{"rendered":"https:\/\/jb-cosmetics.fr\/wordpress\/?page_id=2451"},"modified":"2025-01-11T10:29:21","modified_gmt":"2025-01-11T09:29:21","slug":"soins-pour-le-visage","status":"publish","type":"page","link":"https:\/\/jb-cosmetics.fr\/wordpress\/les-produits-jb-cosmetics\/soins-pour-le-visage\/","title":{"rendered":"Soins pour le visage"},"content":{"rendered":"\t\t<div data-elementor-type=\"wp-page\" data-elementor-id=\"2451\" class=\"elementor elementor-2451\">\n\t\t\t\t<div class=\"elementor-element elementor-element-7ad294a e-flex e-con-boxed wpr-particle-no wpr-jarallax-no wpr-parallax-no wpr-sticky-section-no e-con e-parent\" data-id=\"7ad294a\" data-element_type=\"container\" data-e-type=\"container\">\n\t\t\t\t\t<div class=\"e-con-inner\">\n\t\t\t\t<div class=\"elementor-element elementor-element-f31b3e9 elementor-widget elementor-widget-spacer\" data-id=\"f31b3e9\" data-element_type=\"widget\" data-e-type=\"widget\" data-widget_type=\"spacer.default\">\n\t\t\t\t<div class=\"elementor-widget-container\">\n\t\t\t\t\t\t\t<div class=\"elementor-spacer\">\n\t\t\t<div class=\"elementor-spacer-inner\"><\/div>\n\t\t<\/div>\n\t\t\t\t\t\t<\/div>\n\t\t\t\t<\/div>\n\t\t\t\t<div class=\"elementor-element elementor-element-5060645 elementor-widget elementor-widget-heading\" data-id=\"5060645\" data-element_type=\"widget\" data-e-type=\"widget\" data-widget_type=\"heading.default\">\n\t\t\t\t<div class=\"elementor-widget-container\">\n\t\t\t\t\t<h2 class=\"elementor-heading-title elementor-size-default\">Soins pour le visage<\/h2>\t\t\t\t<\/div>\n\t\t\t\t<\/div>\n\t\t\t\t<div class=\"elementor-element elementor-element-a1293f8 elementor-widget elementor-widget-spacer\" data-id=\"a1293f8\" data-element_type=\"widget\" data-e-type=\"widget\" data-widget_type=\"spacer.default\">\n\t\t\t\t<div class=\"elementor-widget-container\">\n\t\t\t\t\t\t\t<div class=\"elementor-spacer\">\n\t\t\t<div class=\"elementor-spacer-inner\"><\/div>\n\t\t<\/div>\n\t\t\t\t\t\t<\/div>\n\t\t\t\t<\/div>\n\t\t\t\t<div class=\"elementor-element elementor-element-78e55cd elementor-widget elementor-widget-text-editor\" data-id=\"78e55cd\" data-element_type=\"widget\" data-e-type=\"widget\" data-widget_type=\"text-editor.default\">\n\t\t\t\t<div class=\"elementor-widget-container\">\n\t\t\t\t\t\t\t\t\t<p>JB Cosmetics se distingue dans l&rsquo;univers des soins pour le visage en offrant une gamme raffin\u00e9e qui allie expertise et luxe. Sp\u00e9cialement con\u00e7us pour sublimer la peau, les produits de JB Cosmetics repr\u00e9sentent l&rsquo;harmonie parfaite entre la science avanc\u00e9e et les ingr\u00e9dients naturels.<\/p><p>La gamme de soins pour le visage de JB Cosmetics propose des solutions compl\u00e8tes, des nettoyants d\u00e9licats aux s\u00e9rums anti-\u00e2ge, tous formul\u00e9s pour r\u00e9pondre aux besoins sp\u00e9cifiques de la peau. Chaque produit est enrichi d&rsquo;ingr\u00e9dients de haute qualit\u00e9 qui hydratent, r\u00e9g\u00e9n\u00e8rent et pr\u00e9servent la jeunesse de la peau, procurant une \u00e9clatante fra\u00eecheur.<\/p><p>L&rsquo;engagement de JB Cosmetics envers l&rsquo;excellence cutan\u00e9e transcende la fonctionnalit\u00e9 des produits pour offrir une exp\u00e9rience holistique. Les formules sont \u00e9labor\u00e9es avec soin pour cr\u00e9er une routine de soins pour le visage qui va au-del\u00e0 de l&rsquo;esth\u00e9tique, c\u00e9l\u00e9brant la beaut\u00e9 naturelle avec une attention particuli\u00e8re.<\/p><p>Plongez dans l&rsquo;univers captivant des soins pour le visage sign\u00e9s JB Cosmetics, o\u00f9 chaque produit incarne le mariage parfait entre le raffinement et l&rsquo;efficacit\u00e9. Faites de votre routine de soins un moment de luxe avec les produits de JB Cosmetics, qui r\u00e9v\u00e8lent la splendeur naturelle de votre peau.<\/p>\t\t\t\t\t\t\t\t<\/div>\n\t\t\t\t<\/div>\n\t\t\t\t<div class=\"elementor-element elementor-element-e323584 elementor-widget elementor-widget-spacer\" data-id=\"e323584\" data-element_type=\"widget\" data-e-type=\"widget\" data-widget_type=\"spacer.default\">\n\t\t\t\t<div class=\"elementor-widget-container\">\n\t\t\t\t\t\t\t<div class=\"elementor-spacer\">\n\t\t\t<div class=\"elementor-spacer-inner\"><\/div>\n\t\t<\/div>\n\t\t\t\t\t\t<\/div>\n\t\t\t\t<\/div>\n\t\t\t\t\t<\/div>\n\t\t\t\t<\/div>\n\t\t<div class=\"elementor-element elementor-element-64ddf31 e-flex e-con-boxed wpr-particle-no wpr-jarallax-no wpr-parallax-no wpr-sticky-section-no e-con e-parent\" data-id=\"64ddf31\" data-element_type=\"container\" data-e-type=\"container\">\n\t\t\t\t\t<div class=\"e-con-inner\">\n\t\t\t\t<div class=\"elementor-element elementor-element-e6d45f7 elementor-align-center elementor-widget elementor-widget-shopengine-product-list\" data-id=\"e6d45f7\" data-element_type=\"widget\" data-e-type=\"widget\" data-settings=\"{&quot;show_product_hover_overlay&quot;:&quot;yes&quot;,&quot;product_hover_overlay_position&quot;:&quot;bottom&quot;}\" data-widget_type=\"shopengine-product-list.default\">\n\t\t\t\t<div class=\"elementor-widget-container\">\n\t\t\t\t\t<div class=\"shopengine shopengine-widget\"><\/div>\t\t\t\t<\/div>\n\t\t\t\t<\/div>\n\t\t\t\t<div class=\"elementor-element elementor-element-07e328b elementor-widget elementor-widget-spacer\" data-id=\"07e328b\" data-element_type=\"widget\" data-e-type=\"widget\" data-widget_type=\"spacer.default\">\n\t\t\t\t<div class=\"elementor-widget-container\">\n\t\t\t\t\t\t\t<div class=\"elementor-spacer\">\n\t\t\t<div class=\"elementor-spacer-inner\"><\/div>\n\t\t<\/div>\n\t\t\t\t\t\t<\/div>\n\t\t\t\t<\/div>\n\t\t\t\t\t<\/div>\n\t\t\t\t<\/div>\n\t\t\t\t<\/div>\n\t\t","protected":false},"excerpt":{"rendered":"<p>Soins pour le visage JB Cosmetics se distingue dans l&rsquo;univers des soins pour le visage en offrant une gamme raffin\u00e9e qui allie expertise et luxe. Sp\u00e9cialement con\u00e7us pour sublimer la peau, les produits de JB Cosmetics repr\u00e9sentent l&rsquo;harmonie parfaite entre la science avanc\u00e9e et les ingr\u00e9dients naturels. La gamme de soins pour le visage de JB Cosmetics propose des solutions compl\u00e8tes, des nettoyants d\u00e9licats aux s\u00e9rums anti-\u00e2ge, tous formul\u00e9s pour r\u00e9pondre aux besoins sp\u00e9cifiques de la peau. Chaque produit est enrichi d&rsquo;ingr\u00e9dients de haute qualit\u00e9 qui hydratent, r\u00e9g\u00e9n\u00e8rent et pr\u00e9servent la jeunesse de la peau, procurant une \u00e9clatante fra\u00eecheur. L&rsquo;engagement de JB Cosmetics envers l&rsquo;excellence cutan\u00e9e transcende la fonctionnalit\u00e9 des produits pour offrir une exp\u00e9rience holistique. Les formules sont \u00e9labor\u00e9es avec soin pour cr\u00e9er une routine de soins pour le visage qui va au-del\u00e0 de l&rsquo;esth\u00e9tique, c\u00e9l\u00e9brant la beaut\u00e9 naturelle avec une attention particuli\u00e8re. Plongez dans l&rsquo;univers captivant des soins pour le visage sign\u00e9s JB Cosmetics, o\u00f9 chaque produit incarne le mariage parfait entre le raffinement et l&rsquo;efficacit\u00e9. Faites de votre routine de soins un moment de luxe avec les produits de JB Cosmetics, qui r\u00e9v\u00e8lent la splendeur naturelle de votre peau. Ajouter au panier Soins pour le visage D\u00e9maquillant Velout\u00e9 Rose &#038; Cerise Note 0 sur 5(0) 14,50&nbsp;&euro; Ajouter au panier Soins pour le visage Ros\u00e9e Micellaire D\u00e9maquillante Visage &#038; Yeux Note 0 sur 5(0) 8,50&nbsp;&euro; Ajouter au panier Soins pour le visage \u00c9mulsion d\u00e9maquillante et rafra\u00eechissante Note 0 sur 5(0) 18,90&nbsp;&euro; Ajouter au panier Soins pour le corps Cr\u00e8me Visage &#038; Corps Argousier &#038; Oxyde de Z Note 0 sur 5(0) 17,60&nbsp;&euro; Ajouter au panier Soins pour le visage Tonique Floral Note 0 sur 5(0) 12,90&nbsp;&euro; Ajouter au panier Soins pour le visage Gel\u00e9e Nettoyante d\u00e9licate Miel et Fleur d&#8217;Oran Note 0 sur 5(0) 9,80&nbsp;&euro; Ajouter au panier Soins pour le visage Brume rafra\u00eechissante et hydratante Note 0 sur 5(0) 11,80&nbsp;&euro; Ajouter au panier Soins pour le visage Roll-on contour des yeux \u00e0 la rose Note 0 sur 5(0) 8,80&nbsp;&euro; Ajouter au panier Soins pour le visage Huile d\u00e9maquillante Visage &#038; Yeux Note 0 sur 5(0) 15,60&nbsp;&euro; Ajouter au panier Soins pour le visage Cr\u00e8me Visage Protectrice &#038; R\u00e9g\u00e9n\u00e9rante Note 0 sur 5(0) 15,50&nbsp;&euro; Ajouter au panier Soins pour le visage Cr\u00e8me Visage Riz &#038; Karit\u00e9 Note 0 sur 5(0) 15,20&nbsp;&euro; Ajouter au panier Soins pour le visage Sorbet Exfoliant \u00c9clat Visage Note 0 sur 5(0) 12,50&nbsp;&euro; Ajouter au panier Soins pour le visage Cr\u00e8me Bonne Mine P\u00eache &#038; Carotte Note 0 sur 5(0) 7,70&nbsp;&euro; Ajouter au panier Soins pour le visage Cr\u00e8me Visage Bonne Mine \u00e0 l&#8217;Huile de Carotte Note 0 sur 5(0) 15,60&nbsp;&euro; Ajouter au panier Soins pour le visage Huile Visage Bonne Mine Slow Note 0 sur 5(0) 14,70&nbsp;&euro; Ajouter au panier Soins pour le visage S\u00e9rum Visage Z\u00e9ro D\u00e9faut Note 0 sur 5(0) 15,30&nbsp;&euro; Ajouter au panier Soins pour le visage Gel purifiant Visage Peaux \u00e0 Probl\u00e8mes Note 0 sur 5(0) 11,30&nbsp;&euro; Ajouter au panier Soins pour le visage S\u00e9rum Jour &#038; Nuit aux actifs r\u00e9gulateurs Note 0 sur 5(0) 11,80&nbsp;&euro; Ajouter au panier Soins pour le visage Mousse nettoyante Visage Mangue &#038; Citron Vert Note 0 sur 5(0) 11,90&nbsp;&euro; Ajouter au panier Soins pour le visage Lotion V\u00e9g\u00e9tale Purifiante &#038; \u00c9quilibrante Note 0 sur 5(0) 8,00&nbsp;&euro; Ajouter au panier Soins pour le visage Lotion sp\u00e9ciale zone t Note 0 sur 5(0) 8,50&nbsp;&euro; Ajouter au panier Soins pour le visage Huile pr\u00e9cieuse sp\u00e9ciale peau s\u00e8che Note 0 sur 5(0) 15,00&nbsp;&euro;<\/p>\n","protected":false},"author":1,"featured_media":2412,"parent":2449,"menu_order":0,"comment_status":"closed","ping_status":"closed","template":"elementor_header_footer","meta":{"footnotes":""},"class_list":["post-2451","page","type-page","status-publish","has-post-thumbnail","hentry","entry","has-media","owp-thumbs-layout-horizontal","owp-btn-normal","owp-tabs-layout-horizontal","has-no-thumbnails","has-product-nav"],"yoast_head":"<!-- This site is optimized with the Yoast SEO plugin v27.3 - https:\/\/yoast.com\/product\/yoast-seo-wordpress\/ -->\n<title>Soins pour le visage - JB Cosmetics<\/title>\n<meta name=\"description\" content=\"Sublimez votre peau avec JB Cosmetics. Des soins pour le visage d&#039;exception, alliant expertise et luxe pour une beaut\u00e9 naturelle \u00e9clatante.\" \/>\n<meta name=\"robots\" content=\"noindex, follow, max-snippet:-1, max-image-preview:large, max-video-preview:-1\" \/>\n<meta property=\"og:locale\" content=\"fr_FR\" \/>\n<meta property=\"og:type\" content=\"article\" \/>\n<meta property=\"og:title\" content=\"Soins pour le visage - JB Cosmetics\" \/>\n<meta property=\"og:description\" content=\"Sublimez votre peau avec JB Cosmetics. Des soins pour le visage d&#039;exception, alliant expertise et luxe pour une beaut\u00e9 naturelle \u00e9clatante.\" \/>\n<meta property=\"og:url\" content=\"https:\/\/jb-cosmetics.fr\/wordpress\/les-produits-jb-cosmetics\/soins-pour-le-visage\/\" \/>\n<meta property=\"og:site_name\" content=\"JB Cosmetics\" \/>\n<meta property=\"article:modified_time\" content=\"2025-01-11T09:29:21+00:00\" \/>\n<meta property=\"og:image\" content=\"https:\/\/jb-cosmetics.fr\/wordpress\/wp-content\/uploads\/2024\/02\/femme-appliquant-traitement-maison-son-visage-scaled.jpg\" \/>\n\t<meta property=\"og:image:width\" content=\"2560\" \/>\n\t<meta property=\"og:image:height\" content=\"1440\" \/>\n\t<meta property=\"og:image:type\" content=\"image\/jpeg\" \/>\n<meta name=\"twitter:card\" content=\"summary_large_image\" \/>\n<meta name=\"twitter:label1\" content=\"Dur\u00e9e de lecture estim\u00e9e\" \/>\n\t<meta name=\"twitter:data1\" content=\"8 minutes\" \/>\n<script type=\"application\/ld+json\" class=\"yoast-schema-graph\">{\"@context\":\"https:\\\/\\\/schema.org\",\"@graph\":[{\"@type\":\"WebPage\",\"@id\":\"https:\\\/\\\/jb-cosmetics.fr\\\/wordpress\\\/les-produits-jb-cosmetics\\\/soins-pour-le-visage\\\/\",\"url\":\"https:\\\/\\\/jb-cosmetics.fr\\\/wordpress\\\/les-produits-jb-cosmetics\\\/soins-pour-le-visage\\\/\",\"name\":\"Soins pour le visage - JB Cosmetics\",\"isPartOf\":{\"@id\":\"https:\\\/\\\/jb-cosmetics.fr\\\/wordpress\\\/#website\"},\"primaryImageOfPage\":{\"@id\":\"https:\\\/\\\/jb-cosmetics.fr\\\/wordpress\\\/les-produits-jb-cosmetics\\\/soins-pour-le-visage\\\/#primaryimage\"},\"image\":{\"@id\":\"https:\\\/\\\/jb-cosmetics.fr\\\/wordpress\\\/les-produits-jb-cosmetics\\\/soins-pour-le-visage\\\/#primaryimage\"},\"thumbnailUrl\":\"https:\\\/\\\/jb-cosmetics.fr\\\/wordpress\\\/wp-content\\\/uploads\\\/2024\\\/02\\\/femme-appliquant-traitement-maison-son-visage-scaled.jpg\",\"datePublished\":\"2024-02-15T21:25:25+00:00\",\"dateModified\":\"2025-01-11T09:29:21+00:00\",\"description\":\"Sublimez votre peau avec JB Cosmetics. Des soins pour le visage d'exception, alliant expertise et luxe pour une beaut\u00e9 naturelle \u00e9clatante.\",\"breadcrumb\":{\"@id\":\"https:\\\/\\\/jb-cosmetics.fr\\\/wordpress\\\/les-produits-jb-cosmetics\\\/soins-pour-le-visage\\\/#breadcrumb\"},\"inLanguage\":\"fr-FR\",\"potentialAction\":[{\"@type\":\"ReadAction\",\"target\":[\"https:\\\/\\\/jb-cosmetics.fr\\\/wordpress\\\/les-produits-jb-cosmetics\\\/soins-pour-le-visage\\\/\"]}]},{\"@type\":\"ImageObject\",\"inLanguage\":\"fr-FR\",\"@id\":\"https:\\\/\\\/jb-cosmetics.fr\\\/wordpress\\\/les-produits-jb-cosmetics\\\/soins-pour-le-visage\\\/#primaryimage\",\"url\":\"https:\\\/\\\/jb-cosmetics.fr\\\/wordpress\\\/wp-content\\\/uploads\\\/2024\\\/02\\\/femme-appliquant-traitement-maison-son-visage-scaled.jpg\",\"contentUrl\":\"https:\\\/\\\/jb-cosmetics.fr\\\/wordpress\\\/wp-content\\\/uploads\\\/2024\\\/02\\\/femme-appliquant-traitement-maison-son-visage-scaled.jpg\",\"width\":2560,\"height\":1440,\"caption\":\"Soins pour le visage\"},{\"@type\":\"BreadcrumbList\",\"@id\":\"https:\\\/\\\/jb-cosmetics.fr\\\/wordpress\\\/les-produits-jb-cosmetics\\\/soins-pour-le-visage\\\/#breadcrumb\",\"itemListElement\":[{\"@type\":\"ListItem\",\"position\":1,\"name\":\"Accueil\",\"item\":\"https:\\\/\\\/jb-cosmetics.fr\\\/wordpress\\\/\"},{\"@type\":\"ListItem\",\"position\":2,\"name\":\"Mes produits\",\"item\":\"https:\\\/\\\/jb-cosmetics.fr\\\/wordpress\\\/les-produits-jb-cosmetics\\\/\"},{\"@type\":\"ListItem\",\"position\":3,\"name\":\"Soins pour le visage\"}]},{\"@type\":\"WebSite\",\"@id\":\"https:\\\/\\\/jb-cosmetics.fr\\\/wordpress\\\/#website\",\"url\":\"https:\\\/\\\/jb-cosmetics.fr\\\/wordpress\\\/\",\"name\":\"JB Cosmetics\",\"description\":\"\",\"publisher\":{\"@id\":\"https:\\\/\\\/jb-cosmetics.fr\\\/wordpress\\\/#organization\"},\"potentialAction\":[{\"@type\":\"SearchAction\",\"target\":{\"@type\":\"EntryPoint\",\"urlTemplate\":\"https:\\\/\\\/jb-cosmetics.fr\\\/wordpress\\\/?s={search_term_string}\"},\"query-input\":{\"@type\":\"PropertyValueSpecification\",\"valueRequired\":true,\"valueName\":\"search_term_string\"}}],\"inLanguage\":\"fr-FR\"},{\"@type\":\"Organization\",\"@id\":\"https:\\\/\\\/jb-cosmetics.fr\\\/wordpress\\\/#organization\",\"name\":\"JB Cosmetics\",\"url\":\"https:\\\/\\\/jb-cosmetics.fr\\\/wordpress\\\/\",\"logo\":{\"@type\":\"ImageObject\",\"inLanguage\":\"fr-FR\",\"@id\":\"https:\\\/\\\/jb-cosmetics.fr\\\/wordpress\\\/#\\\/schema\\\/logo\\\/image\\\/\",\"url\":\"https:\\\/\\\/jb-cosmetics.fr\\\/wordpress\\\/wp-content\\\/uploads\\\/2024\\\/02\\\/Logo.png\",\"contentUrl\":\"https:\\\/\\\/jb-cosmetics.fr\\\/wordpress\\\/wp-content\\\/uploads\\\/2024\\\/02\\\/Logo.png\",\"width\":225,\"height\":220,\"caption\":\"JB Cosmetics\"},\"image\":{\"@id\":\"https:\\\/\\\/jb-cosmetics.fr\\\/wordpress\\\/#\\\/schema\\\/logo\\\/image\\\/\"}}]}<\/script>\n<!-- \/ Yoast SEO plugin. -->","yoast_head_json":{"title":"Soins pour le visage - JB Cosmetics","description":"Sublimez votre peau avec JB Cosmetics. Des soins pour le visage d'exception, alliant expertise et luxe pour une beaut\u00e9 naturelle \u00e9clatante.","robots":{"index":"noindex","follow":"follow","max-snippet":"max-snippet:-1","max-image-preview":"max-image-preview:large","max-video-preview":"max-video-preview:-1"},"og_locale":"fr_FR","og_type":"article","og_title":"Soins pour le visage - JB Cosmetics","og_description":"Sublimez votre peau avec JB Cosmetics. Des soins pour le visage d'exception, alliant expertise et luxe pour une beaut\u00e9 naturelle \u00e9clatante.","og_url":"https:\/\/jb-cosmetics.fr\/wordpress\/les-produits-jb-cosmetics\/soins-pour-le-visage\/","og_site_name":"JB Cosmetics","article_modified_time":"2025-01-11T09:29:21+00:00","og_image":[{"width":2560,"height":1440,"url":"https:\/\/jb-cosmetics.fr\/wordpress\/wp-content\/uploads\/2024\/02\/femme-appliquant-traitement-maison-son-visage-scaled.jpg","type":"image\/jpeg"}],"twitter_card":"summary_large_image","twitter_misc":{"Dur\u00e9e de lecture estim\u00e9e":"8 minutes"},"schema":{"@context":"https:\/\/schema.org","@graph":[{"@type":"WebPage","@id":"https:\/\/jb-cosmetics.fr\/wordpress\/les-produits-jb-cosmetics\/soins-pour-le-visage\/","url":"https:\/\/jb-cosmetics.fr\/wordpress\/les-produits-jb-cosmetics\/soins-pour-le-visage\/","name":"Soins pour le visage - JB Cosmetics","isPartOf":{"@id":"https:\/\/jb-cosmetics.fr\/wordpress\/#website"},"primaryImageOfPage":{"@id":"https:\/\/jb-cosmetics.fr\/wordpress\/les-produits-jb-cosmetics\/soins-pour-le-visage\/#primaryimage"},"image":{"@id":"https:\/\/jb-cosmetics.fr\/wordpress\/les-produits-jb-cosmetics\/soins-pour-le-visage\/#primaryimage"},"thumbnailUrl":"https:\/\/jb-cosmetics.fr\/wordpress\/wp-content\/uploads\/2024\/02\/femme-appliquant-traitement-maison-son-visage-scaled.jpg","datePublished":"2024-02-15T21:25:25+00:00","dateModified":"2025-01-11T09:29:21+00:00","description":"Sublimez votre peau avec JB Cosmetics. Des soins pour le visage d'exception, alliant expertise et luxe pour une beaut\u00e9 naturelle \u00e9clatante.","breadcrumb":{"@id":"https:\/\/jb-cosmetics.fr\/wordpress\/les-produits-jb-cosmetics\/soins-pour-le-visage\/#breadcrumb"},"inLanguage":"fr-FR","potentialAction":[{"@type":"ReadAction","target":["https:\/\/jb-cosmetics.fr\/wordpress\/les-produits-jb-cosmetics\/soins-pour-le-visage\/"]}]},{"@type":"ImageObject","inLanguage":"fr-FR","@id":"https:\/\/jb-cosmetics.fr\/wordpress\/les-produits-jb-cosmetics\/soins-pour-le-visage\/#primaryimage","url":"https:\/\/jb-cosmetics.fr\/wordpress\/wp-content\/uploads\/2024\/02\/femme-appliquant-traitement-maison-son-visage-scaled.jpg","contentUrl":"https:\/\/jb-cosmetics.fr\/wordpress\/wp-content\/uploads\/2024\/02\/femme-appliquant-traitement-maison-son-visage-scaled.jpg","width":2560,"height":1440,"caption":"Soins pour le visage"},{"@type":"BreadcrumbList","@id":"https:\/\/jb-cosmetics.fr\/wordpress\/les-produits-jb-cosmetics\/soins-pour-le-visage\/#breadcrumb","itemListElement":[{"@type":"ListItem","position":1,"name":"Accueil","item":"https:\/\/jb-cosmetics.fr\/wordpress\/"},{"@type":"ListItem","position":2,"name":"Mes produits","item":"https:\/\/jb-cosmetics.fr\/wordpress\/les-produits-jb-cosmetics\/"},{"@type":"ListItem","position":3,"name":"Soins pour le visage"}]},{"@type":"WebSite","@id":"https:\/\/jb-cosmetics.fr\/wordpress\/#website","url":"https:\/\/jb-cosmetics.fr\/wordpress\/","name":"JB Cosmetics","description":"","publisher":{"@id":"https:\/\/jb-cosmetics.fr\/wordpress\/#organization"},"potentialAction":[{"@type":"SearchAction","target":{"@type":"EntryPoint","urlTemplate":"https:\/\/jb-cosmetics.fr\/wordpress\/?s={search_term_string}"},"query-input":{"@type":"PropertyValueSpecification","valueRequired":true,"valueName":"search_term_string"}}],"inLanguage":"fr-FR"},{"@type":"Organization","@id":"https:\/\/jb-cosmetics.fr\/wordpress\/#organization","name":"JB Cosmetics","url":"https:\/\/jb-cosmetics.fr\/wordpress\/","logo":{"@type":"ImageObject","inLanguage":"fr-FR","@id":"https:\/\/jb-cosmetics.fr\/wordpress\/#\/schema\/logo\/image\/","url":"https:\/\/jb-cosmetics.fr\/wordpress\/wp-content\/uploads\/2024\/02\/Logo.png","contentUrl":"https:\/\/jb-cosmetics.fr\/wordpress\/wp-content\/uploads\/2024\/02\/Logo.png","width":225,"height":220,"caption":"JB Cosmetics"},"image":{"@id":"https:\/\/jb-cosmetics.fr\/wordpress\/#\/schema\/logo\/image\/"}}]}},"_links":{"self":[{"href":"https:\/\/jb-cosmetics.fr\/wordpress\/wp-json\/wp\/v2\/pages\/2451","targetHints":{"allow":["GET"]}}],"collection":[{"href":"https:\/\/jb-cosmetics.fr\/wordpress\/wp-json\/wp\/v2\/pages"}],"about":[{"href":"https:\/\/jb-cosmetics.fr\/wordpress\/wp-json\/wp\/v2\/types\/page"}],"author":[{"embeddable":true,"href":"https:\/\/jb-cosmetics.fr\/wordpress\/wp-json\/wp\/v2\/users\/1"}],"replies":[{"embeddable":true,"href":"https:\/\/jb-cosmetics.fr\/wordpress\/wp-json\/wp\/v2\/comments?post=2451"}],"version-history":[{"count":42,"href":"https:\/\/jb-cosmetics.fr\/wordpress\/wp-json\/wp\/v2\/pages\/2451\/revisions"}],"predecessor-version":[{"id":4624,"href":"https:\/\/jb-cosmetics.fr\/wordpress\/wp-json\/wp\/v2\/pages\/2451\/revisions\/4624"}],"up":[{"embeddable":true,"href":"https:\/\/jb-cosmetics.fr\/wordpress\/wp-json\/wp\/v2\/pages\/2449"}],"wp:featuredmedia":[{"embeddable":true,"href":"https:\/\/jb-cosmetics.fr\/wordpress\/wp-json\/wp\/v2\/media\/2412"}],"wp:attachment":[{"href":"https:\/\/jb-cosmetics.fr\/wordpress\/wp-json\/wp\/v2\/media?parent=2451"}],"curies":[{"name":"wp","href":"https:\/\/api.w.org\/{rel}","templated":true}]}}