{"id":2443,"date":"2024-02-15T22:23:45","date_gmt":"2024-02-15T21:23:45","guid":{"rendered":"https:\/\/jb-cosmetics.fr\/wordpress\/?page_id=2443"},"modified":"2024-03-02T22:07:59","modified_gmt":"2024-03-02T21:07:59","slug":"histoire-maquillage","status":"publish","type":"page","link":"https:\/\/jb-cosmetics.fr\/wordpress\/histoire-maquillage\/","title":{"rendered":"Maquillage"},"content":{"rendered":"\t\t<div data-elementor-type=\"wp-page\" data-elementor-id=\"2443\" class=\"elementor elementor-2443\">\n\t\t\t\t<div class=\"elementor-element elementor-element-24284f1 e-flex e-con-boxed wpr-particle-no wpr-jarallax-no wpr-parallax-no wpr-sticky-section-no e-con e-parent\" data-id=\"24284f1\" data-element_type=\"container\" data-e-type=\"container\">\n\t\t\t\t\t<div class=\"e-con-inner\">\n\t\t\t\t<div class=\"elementor-element elementor-element-7fed8f9 elementor-widget elementor-widget-spacer\" data-id=\"7fed8f9\" data-element_type=\"widget\" data-e-type=\"widget\" data-widget_type=\"spacer.default\">\n\t\t\t\t<div class=\"elementor-widget-container\">\n\t\t\t\t\t\t\t<div class=\"elementor-spacer\">\n\t\t\t<div class=\"elementor-spacer-inner\"><\/div>\n\t\t<\/div>\n\t\t\t\t\t\t<\/div>\n\t\t\t\t<\/div>\n\t\t\t\t<div class=\"elementor-element elementor-element-e8e8721 elementor-widget elementor-widget-heading\" data-id=\"e8e8721\" data-element_type=\"widget\" data-e-type=\"widget\" data-widget_type=\"heading.default\">\n\t\t\t\t<div class=\"elementor-widget-container\">\n\t\t\t\t\t<h1 class=\"elementor-heading-title elementor-size-default\">Maquillage<\/h1>\t\t\t\t<\/div>\n\t\t\t\t<\/div>\n\t\t\t\t\t<\/div>\n\t\t\t\t<\/div>\n\t\t<div class=\"elementor-element elementor-element-045bde8 e-flex e-con-boxed wpr-particle-no wpr-jarallax-no wpr-parallax-no wpr-sticky-section-no e-con e-parent\" data-id=\"045bde8\" data-element_type=\"container\" data-e-type=\"container\">\n\t\t\t\t\t<div class=\"e-con-inner\">\n\t\t\t\t<div class=\"elementor-element elementor-element-8b81d2b elementor-widget elementor-widget-text-editor\" data-id=\"8b81d2b\" data-element_type=\"widget\" data-e-type=\"widget\" data-widget_type=\"text-editor.default\">\n\t\t\t\t<div class=\"elementor-widget-container\">\n\t\t\t\t\t\t\t\t\t<p>Le maquillage, au-del\u00e0 de ses simples traits esth\u00e9tiques, incarne une forme d&rsquo;art et d&rsquo;expression personnelle. De ses modestes origines dans l&rsquo;Antiquit\u00e9 \u00e0 son essor moderne, il t\u00e9moigne d&rsquo;une \u00e9volution culturelle constante.<\/p><p>Le maquillage transcende les \u00e9poques, passant d&rsquo;un simple rituel \u00e0 une toile cr\u00e9ative permettant d&rsquo;exprimer l&rsquo;identit\u00e9 individuelle. Des looks subtils du pass\u00e9 aux tendances audacieuses contemporaines, chaque \u00e9poque a laiss\u00e9 son empreinte sur cette pratique mill\u00e9naire. Aujourd&rsquo;hui, il repr\u00e9sente bien plus qu&rsquo;une simple parure ; il symbolise l&rsquo;autonomisation, l&rsquo;inclusion et la c\u00e9l\u00e9bration de la diversit\u00e9, offrant \u00e0 chacun l&rsquo;opportunit\u00e9 d&rsquo;affirmer sa beaut\u00e9 unique.<\/p>\t\t\t\t\t\t\t\t<\/div>\n\t\t\t\t<\/div>\n\t\t\t\t\t<\/div>\n\t\t\t\t<\/div>\n\t\t<div class=\"elementor-element elementor-element-24a92db e-flex e-con-boxed wpr-particle-no wpr-jarallax-no wpr-parallax-no wpr-sticky-section-no e-con e-parent\" data-id=\"24a92db\" data-element_type=\"container\" data-e-type=\"container\">\n\t\t\t\t\t<div class=\"e-con-inner\">\n\t\t\t\t<div class=\"elementor-element elementor-element-0b70ac4 elementor-widget elementor-widget-heading\" data-id=\"0b70ac4\" data-element_type=\"widget\" data-e-type=\"widget\" data-widget_type=\"heading.default\">\n\t\t\t\t<div class=\"elementor-widget-container\">\n\t\t\t\t\t<h2 class=\"elementor-heading-title elementor-size-default\">Les origines<\/h2>\t\t\t\t<\/div>\n\t\t\t\t<\/div>\n\t\t\t\t<div class=\"elementor-element elementor-element-01525ab elementor-widget elementor-widget-text-editor\" data-id=\"01525ab\" data-element_type=\"widget\" data-e-type=\"widget\" data-widget_type=\"text-editor.default\">\n\t\t\t\t<div class=\"elementor-widget-container\">\n\t\t\t\t\t\t\t\t\t<p>Le maquillage trouve ses origines dans l&rsquo;Antiquit\u00e9, avec les \u00c9gyptiens utilisant le kohl et les Grecs des teintures naturelles. \u00c9voluant au Moyen \u00c2ge, il \u00e9tait teint\u00e9 de connotations religieuses.<\/p><p>\u00c0 l&rsquo;\u00e8re moderne, il devient une forme d&rsquo;expression artistique, symbolisant la cr\u00e9ativit\u00e9 et la diversit\u00e9.<\/p>\t\t\t\t\t\t\t\t<\/div>\n\t\t\t\t<\/div>\n\t\t\t\t<div class=\"elementor-element elementor-element-2ad53c5 elementor-widget elementor-widget-image\" data-id=\"2ad53c5\" data-element_type=\"widget\" data-e-type=\"widget\" data-widget_type=\"image.default\">\n\t\t\t\t<div class=\"elementor-widget-container\">\n\t\t\t\t\t\t\t\t\t\t\t\t\t\t\t<img fetchpriority=\"high\" decoding=\"async\" width=\"600\" height=\"600\" src=\"https:\/\/jb-cosmetics.fr\/wordpress\/wp-content\/uploads\/2024\/02\/palette-de-fards-a-paupieres-JB-Cosmetics-600x600.jpg\" class=\"attachment-ocean-thumb-m size-ocean-thumb-m wp-image-2667\" alt=\"palette de fards \u00e0 paupi\u00e8res JB Cosmetics\" srcset=\"https:\/\/jb-cosmetics.fr\/wordpress\/wp-content\/uploads\/2024\/02\/palette-de-fards-a-paupieres-JB-Cosmetics-600x600.jpg 600w, https:\/\/jb-cosmetics.fr\/wordpress\/wp-content\/uploads\/2024\/02\/palette-de-fards-a-paupieres-JB-Cosmetics-100x100.jpg 100w, https:\/\/jb-cosmetics.fr\/wordpress\/wp-content\/uploads\/2024\/02\/palette-de-fards-a-paupieres-JB-Cosmetics-150x150.jpg 150w\" sizes=\"(max-width: 600px) 100vw, 600px\" \/>\t\t\t\t\t\t\t\t\t\t\t\t\t\t\t<\/div>\n\t\t\t\t<\/div>\n\t\t\t\t<div class=\"elementor-element elementor-element-cc5c39e elementor-align-center elementor-button-info elementor-widget elementor-widget-button\" data-id=\"cc5c39e\" data-element_type=\"widget\" data-e-type=\"widget\" data-widget_type=\"button.default\">\n\t\t\t\t<div class=\"elementor-widget-container\">\n\t\t\t\t\t\t\t\t\t<div class=\"elementor-button-wrapper\">\n\t\t\t\t\t<a class=\"elementor-button elementor-button-link elementor-size-xs\" href=\"https:\/\/jb-cosmetics.fr\/wordpress\/les-origines-du-maquillage\/\">\n\t\t\t\t\t\t<span class=\"elementor-button-content-wrapper\">\n\t\t\t\t\t\t\t\t\t<span class=\"elementor-button-text\">En savoir plus<\/span>\n\t\t\t\t\t<\/span>\n\t\t\t\t\t<\/a>\n\t\t\t\t<\/div>\n\t\t\t\t\t\t\t\t<\/div>\n\t\t\t\t<\/div>\n\t\t\t\t\t<\/div>\n\t\t\t\t<\/div>\n\t\t<div class=\"elementor-element elementor-element-0fca484 e-flex e-con-boxed wpr-particle-no wpr-jarallax-no wpr-parallax-no wpr-sticky-section-no e-con e-parent\" data-id=\"0fca484\" data-element_type=\"container\" data-e-type=\"container\">\n\t\t\t\t\t<div class=\"e-con-inner\">\n\t\t\t\t<div class=\"elementor-element elementor-element-d99eda3 elementor-widget elementor-widget-heading\" data-id=\"d99eda3\" data-element_type=\"widget\" data-e-type=\"widget\" data-widget_type=\"heading.default\">\n\t\t\t\t<div class=\"elementor-widget-container\">\n\t\t\t\t\t<h2 class=\"elementor-heading-title elementor-size-default\">Les diff\u00e9rents types<\/h2>\t\t\t\t<\/div>\n\t\t\t\t<\/div>\n\t\t\t\t<div class=\"elementor-element elementor-element-9691c79 elementor-widget elementor-widget-text-editor\" data-id=\"9691c79\" data-element_type=\"widget\" data-e-type=\"widget\" data-widget_type=\"text-editor.default\">\n\t\t\t\t<div class=\"elementor-widget-container\">\n\t\t\t\t\t\t\t\t\t<p>Les diff\u00e9rents types de maquillage offrent une palette vari\u00e9e d&rsquo;expressions artistiques. Du maquillage naturel (nude) soulignant la simplicit\u00e9 \u00e0 celui de soir\u00e9e captivant avec des couleurs audacieuses, chaque style permet de cr\u00e9er des looks uniques.<\/p><p>Le maquillage de mari\u00e9e privil\u00e9gie l&rsquo;\u00e9l\u00e9gance intemporelle, tandis que le maquillage libanais se caract\u00e9rise par sa sophistication dramatique. Des teintes subtiles du quotidien aux cr\u00e9ations artistiques, le maquillage offre une diversit\u00e9 infinie pour sublimer la beaut\u00e9 individuelle.<\/p>\t\t\t\t\t\t\t\t<\/div>\n\t\t\t\t<\/div>\n\t\t\t\t<div class=\"elementor-element elementor-element-ac36a4a elementor-widget elementor-widget-image\" data-id=\"ac36a4a\" data-element_type=\"widget\" data-e-type=\"widget\" data-widget_type=\"image.default\">\n\t\t\t\t<div class=\"elementor-widget-container\">\n\t\t\t\t\t\t\t\t\t\t\t\t\t\t\t<img decoding=\"async\" width=\"600\" height=\"600\" src=\"https:\/\/jb-cosmetics.fr\/wordpress\/wp-content\/uploads\/2024\/02\/differents-types-de-maquillage-600x600.jpg\" class=\"attachment-ocean-thumb-m size-ocean-thumb-m wp-image-2737\" alt=\"miroir montrant une personne se faisant maquiller\" srcset=\"https:\/\/jb-cosmetics.fr\/wordpress\/wp-content\/uploads\/2024\/02\/differents-types-de-maquillage-600x600.jpg 600w, https:\/\/jb-cosmetics.fr\/wordpress\/wp-content\/uploads\/2024\/02\/differents-types-de-maquillage-scaled-100x100.jpg 100w, https:\/\/jb-cosmetics.fr\/wordpress\/wp-content\/uploads\/2024\/02\/differents-types-de-maquillage-150x150.jpg 150w\" sizes=\"(max-width: 600px) 100vw, 600px\" \/>\t\t\t\t\t\t\t\t\t\t\t\t\t\t\t<\/div>\n\t\t\t\t<\/div>\n\t\t\t\t<div class=\"elementor-element elementor-element-b38679f elementor-align-center elementor-widget elementor-widget-button\" data-id=\"b38679f\" data-element_type=\"widget\" data-e-type=\"widget\" data-widget_type=\"button.default\">\n\t\t\t\t<div class=\"elementor-widget-container\">\n\t\t\t\t\t\t\t\t\t<div class=\"elementor-button-wrapper\">\n\t\t\t\t\t<a class=\"elementor-button elementor-button-link elementor-size-xs\" href=\"https:\/\/jb-cosmetics.fr\/wordpress\/les-differents-types-de-maquillage\/\">\n\t\t\t\t\t\t<span class=\"elementor-button-content-wrapper\">\n\t\t\t\t\t\t\t\t\t<span class=\"elementor-button-text\">En savoir plus<\/span>\n\t\t\t\t\t<\/span>\n\t\t\t\t\t<\/a>\n\t\t\t\t<\/div>\n\t\t\t\t\t\t\t\t<\/div>\n\t\t\t\t<\/div>\n\t\t\t\t\t<\/div>\n\t\t\t\t<\/div>\n\t\t<div class=\"elementor-element elementor-element-0e45458 e-flex e-con-boxed wpr-particle-no wpr-jarallax-no wpr-parallax-no wpr-sticky-section-no e-con e-parent\" data-id=\"0e45458\" data-element_type=\"container\" data-e-type=\"container\">\n\t\t\t\t\t<div class=\"e-con-inner\">\n\t\t\t\t<div class=\"elementor-element elementor-element-4fc3863 elementor-widget elementor-widget-spacer\" data-id=\"4fc3863\" data-element_type=\"widget\" data-e-type=\"widget\" data-widget_type=\"spacer.default\">\n\t\t\t\t<div class=\"elementor-widget-container\">\n\t\t\t\t\t\t\t<div class=\"elementor-spacer\">\n\t\t\t<div class=\"elementor-spacer-inner\"><\/div>\n\t\t<\/div>\n\t\t\t\t\t\t<\/div>\n\t\t\t\t<\/div>\n\t\t\t\t\t<\/div>\n\t\t\t\t<\/div>\n\t\t\t\t<\/div>\n\t\t","protected":false},"excerpt":{"rendered":"<p>Maquillage Le maquillage, au-del\u00e0 de ses simples traits esth\u00e9tiques, incarne une forme d&rsquo;art et d&rsquo;expression personnelle. De ses modestes origines dans l&rsquo;Antiquit\u00e9 \u00e0 son essor moderne, il t\u00e9moigne d&rsquo;une \u00e9volution culturelle constante. Le maquillage transcende les \u00e9poques, passant d&rsquo;un simple rituel \u00e0 une toile cr\u00e9ative permettant d&rsquo;exprimer l&rsquo;identit\u00e9 individuelle. Des looks subtils du pass\u00e9 aux tendances audacieuses contemporaines, chaque \u00e9poque a laiss\u00e9 son empreinte sur cette pratique mill\u00e9naire. Aujourd&rsquo;hui, il repr\u00e9sente bien plus qu&rsquo;une simple parure ; il symbolise l&rsquo;autonomisation, l&rsquo;inclusion et la c\u00e9l\u00e9bration de la diversit\u00e9, offrant \u00e0 chacun l&rsquo;opportunit\u00e9 d&rsquo;affirmer sa beaut\u00e9 unique. Les origines Le maquillage trouve ses origines dans l&rsquo;Antiquit\u00e9, avec les \u00c9gyptiens utilisant le kohl et les Grecs des teintures naturelles. \u00c9voluant au Moyen \u00c2ge, il \u00e9tait teint\u00e9 de connotations religieuses. \u00c0 l&rsquo;\u00e8re moderne, il devient une forme d&rsquo;expression artistique, symbolisant la cr\u00e9ativit\u00e9 et la diversit\u00e9. En savoir plus Les diff\u00e9rents types Les diff\u00e9rents types de maquillage offrent une palette vari\u00e9e d&rsquo;expressions artistiques. Du maquillage naturel (nude) soulignant la simplicit\u00e9 \u00e0 celui de soir\u00e9e captivant avec des couleurs audacieuses, chaque style permet de cr\u00e9er des looks uniques. Le maquillage de mari\u00e9e privil\u00e9gie l&rsquo;\u00e9l\u00e9gance intemporelle, tandis que le maquillage libanais se caract\u00e9rise par sa sophistication dramatique. Des teintes subtiles du quotidien aux cr\u00e9ations artistiques, le maquillage offre une diversit\u00e9 infinie pour sublimer la beaut\u00e9 individuelle. En savoir plus<\/p>\n","protected":false},"author":1,"featured_media":0,"parent":0,"menu_order":0,"comment_status":"closed","ping_status":"closed","template":"elementor_header_footer","meta":{"footnotes":""},"class_list":["post-2443","page","type-page","status-publish","hentry","entry","owp-thumbs-layout-horizontal","owp-btn-normal","owp-tabs-layout-horizontal","has-no-thumbnails","has-product-nav"],"yoast_head":"<!-- This site is optimized with the Yoast SEO plugin v27.3 - https:\/\/yoast.com\/product\/yoast-seo-wordpress\/ -->\n<title>Maquillage - JB Cosmetics<\/title>\n<meta name=\"description\" content=\"D\u00e9couvrez l&#039;histoire du maquillage et explorez ses divers types pour une beaut\u00e9 \u00e9volutive et intemporelle.\" \/>\n<meta name=\"robots\" content=\"noindex, follow, max-snippet:-1, max-image-preview:large, max-video-preview:-1\" \/>\n<meta property=\"og:locale\" content=\"fr_FR\" \/>\n<meta property=\"og:type\" content=\"article\" \/>\n<meta property=\"og:title\" content=\"Maquillage - JB Cosmetics\" \/>\n<meta property=\"og:description\" content=\"D\u00e9couvrez l&#039;histoire du maquillage et explorez ses divers types pour une beaut\u00e9 \u00e9volutive et intemporelle.\" \/>\n<meta property=\"og:url\" content=\"https:\/\/jb-cosmetics.fr\/wordpress\/histoire-maquillage\/\" \/>\n<meta property=\"og:site_name\" content=\"JB Cosmetics\" \/>\n<meta property=\"article:modified_time\" content=\"2024-03-02T21:07:59+00:00\" \/>\n<meta property=\"og:image\" content=\"https:\/\/jb-cosmetics.fr\/wordpress\/wp-content\/uploads\/2024\/02\/palette-de-fards-a-paupieres-JB-Cosmetics-600x600.jpg\" \/>\n<meta name=\"twitter:card\" content=\"summary_large_image\" \/>\n<meta name=\"twitter:label1\" content=\"Dur\u00e9e de lecture estim\u00e9e\" \/>\n\t<meta name=\"twitter:data1\" content=\"2 minutes\" \/>\n<script type=\"application\/ld+json\" class=\"yoast-schema-graph\">{\"@context\":\"https:\\\/\\\/schema.org\",\"@graph\":[{\"@type\":\"WebPage\",\"@id\":\"https:\\\/\\\/jb-cosmetics.fr\\\/wordpress\\\/histoire-maquillage\\\/\",\"url\":\"https:\\\/\\\/jb-cosmetics.fr\\\/wordpress\\\/histoire-maquillage\\\/\",\"name\":\"Maquillage - JB Cosmetics\",\"isPartOf\":{\"@id\":\"https:\\\/\\\/jb-cosmetics.fr\\\/wordpress\\\/#website\"},\"primaryImageOfPage\":{\"@id\":\"https:\\\/\\\/jb-cosmetics.fr\\\/wordpress\\\/histoire-maquillage\\\/#primaryimage\"},\"image\":{\"@id\":\"https:\\\/\\\/jb-cosmetics.fr\\\/wordpress\\\/histoire-maquillage\\\/#primaryimage\"},\"thumbnailUrl\":\"https:\\\/\\\/jb-cosmetics.fr\\\/wordpress\\\/wp-content\\\/uploads\\\/2024\\\/02\\\/palette-de-fards-a-paupieres-JB-Cosmetics-600x600.jpg\",\"datePublished\":\"2024-02-15T21:23:45+00:00\",\"dateModified\":\"2024-03-02T21:07:59+00:00\",\"description\":\"D\u00e9couvrez l'histoire du maquillage et explorez ses divers types pour une beaut\u00e9 \u00e9volutive et intemporelle.\",\"breadcrumb\":{\"@id\":\"https:\\\/\\\/jb-cosmetics.fr\\\/wordpress\\\/histoire-maquillage\\\/#breadcrumb\"},\"inLanguage\":\"fr-FR\",\"potentialAction\":[{\"@type\":\"ReadAction\",\"target\":[\"https:\\\/\\\/jb-cosmetics.fr\\\/wordpress\\\/histoire-maquillage\\\/\"]}]},{\"@type\":\"ImageObject\",\"inLanguage\":\"fr-FR\",\"@id\":\"https:\\\/\\\/jb-cosmetics.fr\\\/wordpress\\\/histoire-maquillage\\\/#primaryimage\",\"url\":\"https:\\\/\\\/jb-cosmetics.fr\\\/wordpress\\\/wp-content\\\/uploads\\\/2024\\\/02\\\/palette-de-fards-a-paupieres-JB-Cosmetics.jpg\",\"contentUrl\":\"https:\\\/\\\/jb-cosmetics.fr\\\/wordpress\\\/wp-content\\\/uploads\\\/2024\\\/02\\\/palette-de-fards-a-paupieres-JB-Cosmetics.jpg\",\"width\":1200,\"height\":800,\"caption\":\"palette de fards \u00e0 paupi\u00e8res JB Cosmetics\"},{\"@type\":\"BreadcrumbList\",\"@id\":\"https:\\\/\\\/jb-cosmetics.fr\\\/wordpress\\\/histoire-maquillage\\\/#breadcrumb\",\"itemListElement\":[{\"@type\":\"ListItem\",\"position\":1,\"name\":\"Accueil\",\"item\":\"https:\\\/\\\/jb-cosmetics.fr\\\/wordpress\\\/\"},{\"@type\":\"ListItem\",\"position\":2,\"name\":\"Maquillage\"}]},{\"@type\":\"WebSite\",\"@id\":\"https:\\\/\\\/jb-cosmetics.fr\\\/wordpress\\\/#website\",\"url\":\"https:\\\/\\\/jb-cosmetics.fr\\\/wordpress\\\/\",\"name\":\"JB Cosmetics\",\"description\":\"\",\"publisher\":{\"@id\":\"https:\\\/\\\/jb-cosmetics.fr\\\/wordpress\\\/#organization\"},\"potentialAction\":[{\"@type\":\"SearchAction\",\"target\":{\"@type\":\"EntryPoint\",\"urlTemplate\":\"https:\\\/\\\/jb-cosmetics.fr\\\/wordpress\\\/?s={search_term_string}\"},\"query-input\":{\"@type\":\"PropertyValueSpecification\",\"valueRequired\":true,\"valueName\":\"search_term_string\"}}],\"inLanguage\":\"fr-FR\"},{\"@type\":\"Organization\",\"@id\":\"https:\\\/\\\/jb-cosmetics.fr\\\/wordpress\\\/#organization\",\"name\":\"JB Cosmetics\",\"url\":\"https:\\\/\\\/jb-cosmetics.fr\\\/wordpress\\\/\",\"logo\":{\"@type\":\"ImageObject\",\"inLanguage\":\"fr-FR\",\"@id\":\"https:\\\/\\\/jb-cosmetics.fr\\\/wordpress\\\/#\\\/schema\\\/logo\\\/image\\\/\",\"url\":\"https:\\\/\\\/jb-cosmetics.fr\\\/wordpress\\\/wp-content\\\/uploads\\\/2024\\\/02\\\/Logo.png\",\"contentUrl\":\"https:\\\/\\\/jb-cosmetics.fr\\\/wordpress\\\/wp-content\\\/uploads\\\/2024\\\/02\\\/Logo.png\",\"width\":225,\"height\":220,\"caption\":\"JB Cosmetics\"},\"image\":{\"@id\":\"https:\\\/\\\/jb-cosmetics.fr\\\/wordpress\\\/#\\\/schema\\\/logo\\\/image\\\/\"}}]}<\/script>\n<!-- \/ Yoast SEO plugin. -->","yoast_head_json":{"title":"Maquillage - JB Cosmetics","description":"D\u00e9couvrez l'histoire du maquillage et explorez ses divers types pour une beaut\u00e9 \u00e9volutive et intemporelle.","robots":{"index":"noindex","follow":"follow","max-snippet":"max-snippet:-1","max-image-preview":"max-image-preview:large","max-video-preview":"max-video-preview:-1"},"og_locale":"fr_FR","og_type":"article","og_title":"Maquillage - JB Cosmetics","og_description":"D\u00e9couvrez l'histoire du maquillage et explorez ses divers types pour une beaut\u00e9 \u00e9volutive et intemporelle.","og_url":"https:\/\/jb-cosmetics.fr\/wordpress\/histoire-maquillage\/","og_site_name":"JB Cosmetics","article_modified_time":"2024-03-02T21:07:59+00:00","og_image":[{"url":"https:\/\/jb-cosmetics.fr\/wordpress\/wp-content\/uploads\/2024\/02\/palette-de-fards-a-paupieres-JB-Cosmetics-600x600.jpg","type":"","width":"","height":""}],"twitter_card":"summary_large_image","twitter_misc":{"Dur\u00e9e de lecture estim\u00e9e":"2 minutes"},"schema":{"@context":"https:\/\/schema.org","@graph":[{"@type":"WebPage","@id":"https:\/\/jb-cosmetics.fr\/wordpress\/histoire-maquillage\/","url":"https:\/\/jb-cosmetics.fr\/wordpress\/histoire-maquillage\/","name":"Maquillage - JB Cosmetics","isPartOf":{"@id":"https:\/\/jb-cosmetics.fr\/wordpress\/#website"},"primaryImageOfPage":{"@id":"https:\/\/jb-cosmetics.fr\/wordpress\/histoire-maquillage\/#primaryimage"},"image":{"@id":"https:\/\/jb-cosmetics.fr\/wordpress\/histoire-maquillage\/#primaryimage"},"thumbnailUrl":"https:\/\/jb-cosmetics.fr\/wordpress\/wp-content\/uploads\/2024\/02\/palette-de-fards-a-paupieres-JB-Cosmetics-600x600.jpg","datePublished":"2024-02-15T21:23:45+00:00","dateModified":"2024-03-02T21:07:59+00:00","description":"D\u00e9couvrez l'histoire du maquillage et explorez ses divers types pour une beaut\u00e9 \u00e9volutive et intemporelle.","breadcrumb":{"@id":"https:\/\/jb-cosmetics.fr\/wordpress\/histoire-maquillage\/#breadcrumb"},"inLanguage":"fr-FR","potentialAction":[{"@type":"ReadAction","target":["https:\/\/jb-cosmetics.fr\/wordpress\/histoire-maquillage\/"]}]},{"@type":"ImageObject","inLanguage":"fr-FR","@id":"https:\/\/jb-cosmetics.fr\/wordpress\/histoire-maquillage\/#primaryimage","url":"https:\/\/jb-cosmetics.fr\/wordpress\/wp-content\/uploads\/2024\/02\/palette-de-fards-a-paupieres-JB-Cosmetics.jpg","contentUrl":"https:\/\/jb-cosmetics.fr\/wordpress\/wp-content\/uploads\/2024\/02\/palette-de-fards-a-paupieres-JB-Cosmetics.jpg","width":1200,"height":800,"caption":"palette de fards \u00e0 paupi\u00e8res JB Cosmetics"},{"@type":"BreadcrumbList","@id":"https:\/\/jb-cosmetics.fr\/wordpress\/histoire-maquillage\/#breadcrumb","itemListElement":[{"@type":"ListItem","position":1,"name":"Accueil","item":"https:\/\/jb-cosmetics.fr\/wordpress\/"},{"@type":"ListItem","position":2,"name":"Maquillage"}]},{"@type":"WebSite","@id":"https:\/\/jb-cosmetics.fr\/wordpress\/#website","url":"https:\/\/jb-cosmetics.fr\/wordpress\/","name":"JB Cosmetics","description":"","publisher":{"@id":"https:\/\/jb-cosmetics.fr\/wordpress\/#organization"},"potentialAction":[{"@type":"SearchAction","target":{"@type":"EntryPoint","urlTemplate":"https:\/\/jb-cosmetics.fr\/wordpress\/?s={search_term_string}"},"query-input":{"@type":"PropertyValueSpecification","valueRequired":true,"valueName":"search_term_string"}}],"inLanguage":"fr-FR"},{"@type":"Organization","@id":"https:\/\/jb-cosmetics.fr\/wordpress\/#organization","name":"JB Cosmetics","url":"https:\/\/jb-cosmetics.fr\/wordpress\/","logo":{"@type":"ImageObject","inLanguage":"fr-FR","@id":"https:\/\/jb-cosmetics.fr\/wordpress\/#\/schema\/logo\/image\/","url":"https:\/\/jb-cosmetics.fr\/wordpress\/wp-content\/uploads\/2024\/02\/Logo.png","contentUrl":"https:\/\/jb-cosmetics.fr\/wordpress\/wp-content\/uploads\/2024\/02\/Logo.png","width":225,"height":220,"caption":"JB Cosmetics"},"image":{"@id":"https:\/\/jb-cosmetics.fr\/wordpress\/#\/schema\/logo\/image\/"}}]}},"_links":{"self":[{"href":"https:\/\/jb-cosmetics.fr\/wordpress\/wp-json\/wp\/v2\/pages\/2443","targetHints":{"allow":["GET"]}}],"collection":[{"href":"https:\/\/jb-cosmetics.fr\/wordpress\/wp-json\/wp\/v2\/pages"}],"about":[{"href":"https:\/\/jb-cosmetics.fr\/wordpress\/wp-json\/wp\/v2\/types\/page"}],"author":[{"embeddable":true,"href":"https:\/\/jb-cosmetics.fr\/wordpress\/wp-json\/wp\/v2\/users\/1"}],"replies":[{"embeddable":true,"href":"https:\/\/jb-cosmetics.fr\/wordpress\/wp-json\/wp\/v2\/comments?post=2443"}],"version-history":[{"count":34,"href":"https:\/\/jb-cosmetics.fr\/wordpress\/wp-json\/wp\/v2\/pages\/2443\/revisions"}],"predecessor-version":[{"id":4064,"href":"https:\/\/jb-cosmetics.fr\/wordpress\/wp-json\/wp\/v2\/pages\/2443\/revisions\/4064"}],"wp:attachment":[{"href":"https:\/\/jb-cosmetics.fr\/wordpress\/wp-json\/wp\/v2\/media?parent=2443"}],"curies":[{"name":"wp","href":"https:\/\/api.w.org\/{rel}","templated":true}]}}