{"id":2437,"date":"2024-02-15T22:23:01","date_gmt":"2024-02-15T21:23:01","guid":{"rendered":"https:\/\/jb-cosmetics.fr\/wordpress\/?page_id=2437"},"modified":"2025-01-11T10:25:24","modified_gmt":"2025-01-11T09:25:24","slug":"ma-gamme-de-produits","status":"publish","type":"page","link":"https:\/\/jb-cosmetics.fr\/wordpress\/qui-suis-je\/ma-gamme-de-produits\/","title":{"rendered":"La gamme de produits"},"content":{"rendered":"\t\t<div data-elementor-type=\"wp-page\" data-elementor-id=\"2437\" class=\"elementor elementor-2437\">\n\t\t\t\t<div class=\"elementor-element elementor-element-2d6164a e-flex e-con-boxed wpr-particle-no wpr-jarallax-no wpr-parallax-no wpr-sticky-section-no e-con e-parent\" data-id=\"2d6164a\" data-element_type=\"container\" data-e-type=\"container\">\n\t\t\t\t\t<div class=\"e-con-inner\">\n\t\t\t\t<div class=\"elementor-element elementor-element-ff28b31 elementor-widget elementor-widget-heading\" data-id=\"ff28b31\" data-element_type=\"widget\" data-e-type=\"widget\" data-widget_type=\"heading.default\">\n\t\t\t\t<div class=\"elementor-widget-container\">\n\t\t\t\t\t<h2 class=\"elementor-heading-title elementor-size-default\">Ma gamme de produits<\/h2>\t\t\t\t<\/div>\n\t\t\t\t<\/div>\n\t\t\t\t<div class=\"elementor-element elementor-element-7c7516a elementor-widget elementor-widget-spacer\" data-id=\"7c7516a\" data-element_type=\"widget\" data-e-type=\"widget\" data-widget_type=\"spacer.default\">\n\t\t\t\t<div class=\"elementor-widget-container\">\n\t\t\t\t\t\t\t<div class=\"elementor-spacer\">\n\t\t\t<div class=\"elementor-spacer-inner\"><\/div>\n\t\t<\/div>\n\t\t\t\t\t\t<\/div>\n\t\t\t\t<\/div>\n\t\t\t\t<div class=\"elementor-element elementor-element-4f71056 elementor-widget elementor-widget-text-editor\" data-id=\"4f71056\" data-element_type=\"widget\" data-e-type=\"widget\" data-widget_type=\"text-editor.default\">\n\t\t\t\t<div class=\"elementor-widget-container\">\n\t\t\t\t\t\t\t\t\t<p>Apr\u00e8s avoir fait un bac Scientifique et m&rsquo;\u00eatre toujours int\u00e9ress\u00e9e \u00e0 la cosm\u00e9tologie, je d\u00e9cide de cr\u00e9er des produits cosm\u00e9tiques adapt\u00e9s \u00e0 mon type de peau, par cons\u00e9quent une peau mixte.<\/p><p>Ensuite apr\u00e8s un petit moment, je d\u00e9cid\u00e9 de proposer de faire un diagnostic aupr\u00e8s de mes proches pour leur fabriquer des produits adapt\u00e9s \u00e0 leur type de peau soit une peau s\u00e8che pour ma m\u00e8re et une peau plut\u00f4t normale pour mon p\u00e8re.<\/p><p>Un an apr\u00e8s cela, je me suis lanc\u00e9e dans l&rsquo;aventure en cr\u00e9ant ma propre micro-entreprise dans le domaine de la cosm\u00e9tologie et la fabrication de produits cosm\u00e9tiques naturels.<\/p>\t\t\t\t\t\t\t\t<\/div>\n\t\t\t\t<\/div>\n\t\t\t\t\t<\/div>\n\t\t\t\t<\/div>\n\t\t<div class=\"elementor-element elementor-element-5e49e51 e-flex e-con-boxed wpr-particle-no wpr-jarallax-no wpr-parallax-no wpr-sticky-section-no e-con e-parent\" data-id=\"5e49e51\" data-element_type=\"container\" data-e-type=\"container\">\n\t\t\t\t\t<div class=\"e-con-inner\">\n\t\t<div class=\"elementor-element elementor-element-245e488 e-con-full e-flex wpr-particle-no wpr-jarallax-no wpr-parallax-no wpr-sticky-section-no e-con e-child\" data-id=\"245e488\" data-element_type=\"container\" data-e-type=\"container\">\n\t\t\t\t<div class=\"elementor-element elementor-element-046150c elementor-widget elementor-widget-image\" data-id=\"046150c\" data-element_type=\"widget\" data-e-type=\"widget\" data-widget_type=\"image.default\">\n\t\t\t\t<div class=\"elementor-widget-container\">\n\t\t\t\t\t\t\t\t\t\t\t\t\t\t\t<img decoding=\"async\" src=\"https:\/\/jb-cosmetics.fr\/wordpress\/wp-content\/uploads\/elementor\/thumbs\/pexels-monstera-production-6621225-scaled-qzoyjg738f8da8eiqphee9f433tx0crpommruvx95s.jpg\" title=\"\" alt=\"fleurs dans une baignoire rempli de lait d&#039;\u00e2nesse avec 2 mains\" loading=\"lazy\" \/>\t\t\t\t\t\t\t\t\t\t\t\t\t\t\t<\/div>\n\t\t\t\t<\/div>\n\t\t\t\t<div class=\"elementor-element elementor-element-641af54 elementor-widget elementor-widget-heading\" data-id=\"641af54\" data-element_type=\"widget\" data-e-type=\"widget\" data-widget_type=\"heading.default\">\n\t\t\t\t<div class=\"elementor-widget-container\">\n\t\t\t\t\t<h2 class=\"elementor-heading-title elementor-size-default\">Fabrication des produits 100 % naturels<\/h2>\t\t\t\t<\/div>\n\t\t\t\t<\/div>\n\t\t\t\t<div class=\"elementor-element elementor-element-57a5aeb elementor-widget elementor-widget-text-editor\" data-id=\"57a5aeb\" data-element_type=\"widget\" data-e-type=\"widget\" data-widget_type=\"text-editor.default\">\n\t\t\t\t<div class=\"elementor-widget-container\">\n\t\t\t\t\t\t\t\t\t<p>Je souhaite utiliser des mati\u00e8res premi\u00e8res naturelles afin d&rsquo;avoir la meilleure qualit\u00e9 pour fabriquer les produits que propose la marque.\u00a0<\/p>\t\t\t\t\t\t\t\t<\/div>\n\t\t\t\t<\/div>\n\t\t\t\t<\/div>\n\t\t<div class=\"elementor-element elementor-element-cb35257 e-con-full e-flex wpr-particle-no wpr-jarallax-no wpr-parallax-no wpr-sticky-section-no e-con e-child\" data-id=\"cb35257\" data-element_type=\"container\" data-e-type=\"container\">\n\t\t\t\t<div class=\"elementor-element elementor-element-7181db4 elementor-widget elementor-widget-image\" data-id=\"7181db4\" data-element_type=\"widget\" data-e-type=\"widget\" data-widget_type=\"image.default\">\n\t\t\t\t<div class=\"elementor-widget-container\">\n\t\t\t\t\t\t\t\t\t\t\t\t\t\t\t<img decoding=\"async\" src=\"https:\/\/jb-cosmetics.fr\/wordpress\/wp-content\/uploads\/elementor\/thumbs\/pexels-pixabay-414090-scaled-qzoyk3p1za4jchgdxhn2mlhmxqm3csd03uxwusyeu8.jpg\" title=\"bulles d&rsquo;eau pos\u00e9es sur un brin d&rsquo;herbe\" alt=\"bulles d&#039;eau pos\u00e9es sur un brin d&#039;herbe\" loading=\"lazy\" \/>\t\t\t\t\t\t\t\t\t\t\t\t\t\t\t<\/div>\n\t\t\t\t<\/div>\n\t\t\t\t<div class=\"elementor-element elementor-element-eb18f20 elementor-widget elementor-widget-heading\" data-id=\"eb18f20\" data-element_type=\"widget\" data-e-type=\"widget\" data-widget_type=\"heading.default\">\n\t\t\t\t<div class=\"elementor-widget-container\">\n\t\t\t\t\t<h2 class=\"elementor-heading-title elementor-size-default\">Respectueux de l'environnement<\/h2>\t\t\t\t<\/div>\n\t\t\t\t<\/div>\n\t\t\t\t<div class=\"elementor-element elementor-element-6ab36c7 elementor-widget elementor-widget-text-editor\" data-id=\"6ab36c7\" data-element_type=\"widget\" data-e-type=\"widget\" data-widget_type=\"text-editor.default\">\n\t\t\t\t<div class=\"elementor-widget-container\">\n\t\t\t\t\t\t\t\t\t<p>Ayant deux petites ni\u00e8ces, je souhaite leur laisser un environnement propre et riche de mati\u00e8res premi\u00e8res naturels afin qu&rsquo;elles puissent se d\u00e9velopper sur une plan\u00e8te \u00ab\u00a0clean\u00a0\u00bb.<\/p>\t\t\t\t\t\t\t\t<\/div>\n\t\t\t\t<\/div>\n\t\t\t\t<\/div>\n\t\t\t\t\t<\/div>\n\t\t\t\t<\/div>\n\t\t<div class=\"elementor-element elementor-element-28e6baa e-flex e-con-boxed wpr-particle-no wpr-jarallax-no wpr-parallax-no wpr-sticky-section-no e-con e-parent\" data-id=\"28e6baa\" data-element_type=\"container\" data-e-type=\"container\">\n\t\t\t\t\t<div class=\"e-con-inner\">\n\t\t\t\t<div class=\"elementor-element elementor-element-70d8e8f elementor-widget elementor-widget-spacer\" data-id=\"70d8e8f\" data-element_type=\"widget\" data-e-type=\"widget\" data-widget_type=\"spacer.default\">\n\t\t\t\t<div class=\"elementor-widget-container\">\n\t\t\t\t\t\t\t<div class=\"elementor-spacer\">\n\t\t\t<div class=\"elementor-spacer-inner\"><\/div>\n\t\t<\/div>\n\t\t\t\t\t\t<\/div>\n\t\t\t\t<\/div>\n\t\t\t\t\t<\/div>\n\t\t\t\t<\/div>\n\t\t\t\t<\/div>\n\t\t","protected":false},"excerpt":{"rendered":"<p>Ma gamme de produits Apr\u00e8s avoir fait un bac Scientifique et m&rsquo;\u00eatre toujours int\u00e9ress\u00e9e \u00e0 la cosm\u00e9tologie, je d\u00e9cide de cr\u00e9er des produits cosm\u00e9tiques adapt\u00e9s \u00e0 mon type de peau, par cons\u00e9quent une peau mixte. Ensuite apr\u00e8s un petit moment, je d\u00e9cid\u00e9 de proposer de faire un diagnostic aupr\u00e8s de mes proches pour leur fabriquer des produits adapt\u00e9s \u00e0 leur type de peau soit une peau s\u00e8che pour ma m\u00e8re et une peau plut\u00f4t normale pour mon p\u00e8re. Un an apr\u00e8s cela, je me suis lanc\u00e9e dans l&rsquo;aventure en cr\u00e9ant ma propre micro-entreprise dans le domaine de la cosm\u00e9tologie et la fabrication de produits cosm\u00e9tiques naturels. Fabrication des produits 100 % naturels Je souhaite utiliser des mati\u00e8res premi\u00e8res naturelles afin d&rsquo;avoir la meilleure qualit\u00e9 pour fabriquer les produits que propose la marque.\u00a0 Respectueux de l&rsquo;environnement Ayant deux petites ni\u00e8ces, je souhaite leur laisser un environnement propre et riche de mati\u00e8res premi\u00e8res naturels afin qu&rsquo;elles puissent se d\u00e9velopper sur une plan\u00e8te \u00ab\u00a0clean\u00a0\u00bb.<\/p>\n","protected":false},"author":1,"featured_media":0,"parent":2431,"menu_order":0,"comment_status":"closed","ping_status":"closed","template":"elementor_header_footer","meta":{"footnotes":""},"class_list":["post-2437","page","type-page","status-publish","hentry","entry","owp-thumbs-layout-horizontal","owp-btn-normal","owp-tabs-layout-horizontal","has-no-thumbnails","has-product-nav"],"yoast_head":"<!-- This site is optimized with the Yoast SEO plugin v27.3 - https:\/\/yoast.com\/product\/yoast-seo-wordpress\/ -->\n<title>La gamme de produits - JB Cosmetics<\/title>\n<meta name=\"description\" content=\"Venez d\u00e9couvrir la gamme de produits que propose JB Cosmetics afin de vous apporter une solution adapt\u00e9e \u00e0 votre peau.\" \/>\n<meta name=\"robots\" content=\"noindex, follow, max-snippet:-1, max-image-preview:large, max-video-preview:-1\" \/>\n<meta property=\"og:locale\" content=\"fr_FR\" \/>\n<meta property=\"og:type\" content=\"article\" \/>\n<meta property=\"og:title\" content=\"La gamme de produits - JB Cosmetics\" \/>\n<meta property=\"og:description\" content=\"Venez d\u00e9couvrir la gamme de produits que propose JB Cosmetics afin de vous apporter une solution adapt\u00e9e \u00e0 votre peau.\" \/>\n<meta property=\"og:url\" content=\"https:\/\/jb-cosmetics.fr\/wordpress\/qui-suis-je\/ma-gamme-de-produits\/\" \/>\n<meta property=\"og:site_name\" content=\"JB Cosmetics\" \/>\n<meta property=\"article:modified_time\" content=\"2025-01-11T09:25:24+00:00\" \/>\n<meta property=\"og:image\" content=\"https:\/\/jb-cosmetics.fr\/wordpress\/wp-content\/uploads\/elementor\/thumbs\/pexels-monstera-production-6621225-scaled-qzoyjg738f8da8eiqphee9f433tx0crpommruvx95s.jpg\" \/>\n<meta name=\"twitter:card\" content=\"summary_large_image\" \/>\n<meta name=\"twitter:label1\" content=\"Dur\u00e9e de lecture estim\u00e9e\" \/>\n\t<meta name=\"twitter:data1\" content=\"2 minutes\" \/>\n<script type=\"application\/ld+json\" class=\"yoast-schema-graph\">{\"@context\":\"https:\\\/\\\/schema.org\",\"@graph\":[{\"@type\":\"WebPage\",\"@id\":\"https:\\\/\\\/jb-cosmetics.fr\\\/wordpress\\\/qui-suis-je\\\/ma-gamme-de-produits\\\/\",\"url\":\"https:\\\/\\\/jb-cosmetics.fr\\\/wordpress\\\/qui-suis-je\\\/ma-gamme-de-produits\\\/\",\"name\":\"La gamme de produits - JB Cosmetics\",\"isPartOf\":{\"@id\":\"https:\\\/\\\/jb-cosmetics.fr\\\/wordpress\\\/#website\"},\"primaryImageOfPage\":{\"@id\":\"https:\\\/\\\/jb-cosmetics.fr\\\/wordpress\\\/qui-suis-je\\\/ma-gamme-de-produits\\\/#primaryimage\"},\"image\":{\"@id\":\"https:\\\/\\\/jb-cosmetics.fr\\\/wordpress\\\/qui-suis-je\\\/ma-gamme-de-produits\\\/#primaryimage\"},\"thumbnailUrl\":\"https:\\\/\\\/jb-cosmetics.fr\\\/wordpress\\\/wp-content\\\/uploads\\\/elementor\\\/thumbs\\\/pexels-monstera-production-6621225-scaled-qzoyjg738f8da8eiqphee9f433tx0crpommruvx95s.jpg\",\"datePublished\":\"2024-02-15T21:23:01+00:00\",\"dateModified\":\"2025-01-11T09:25:24+00:00\",\"description\":\"Venez d\u00e9couvrir la gamme de produits que propose JB Cosmetics afin de vous apporter une solution adapt\u00e9e \u00e0 votre peau.\",\"breadcrumb\":{\"@id\":\"https:\\\/\\\/jb-cosmetics.fr\\\/wordpress\\\/qui-suis-je\\\/ma-gamme-de-produits\\\/#breadcrumb\"},\"inLanguage\":\"fr-FR\",\"potentialAction\":[{\"@type\":\"ReadAction\",\"target\":[\"https:\\\/\\\/jb-cosmetics.fr\\\/wordpress\\\/qui-suis-je\\\/ma-gamme-de-produits\\\/\"]}]},{\"@type\":\"ImageObject\",\"inLanguage\":\"fr-FR\",\"@id\":\"https:\\\/\\\/jb-cosmetics.fr\\\/wordpress\\\/qui-suis-je\\\/ma-gamme-de-produits\\\/#primaryimage\",\"url\":\"https:\\\/\\\/jb-cosmetics.fr\\\/wordpress\\\/wp-content\\\/uploads\\\/elementor\\\/thumbs\\\/pexels-monstera-production-6621225-scaled-qzoyjg738f8da8eiqphee9f433tx0crpommruvx95s.jpg\",\"contentUrl\":\"https:\\\/\\\/jb-cosmetics.fr\\\/wordpress\\\/wp-content\\\/uploads\\\/elementor\\\/thumbs\\\/pexels-monstera-production-6621225-scaled-qzoyjg738f8da8eiqphee9f433tx0crpommruvx95s.jpg\"},{\"@type\":\"BreadcrumbList\",\"@id\":\"https:\\\/\\\/jb-cosmetics.fr\\\/wordpress\\\/qui-suis-je\\\/ma-gamme-de-produits\\\/#breadcrumb\",\"itemListElement\":[{\"@type\":\"ListItem\",\"position\":1,\"name\":\"Accueil\",\"item\":\"https:\\\/\\\/jb-cosmetics.fr\\\/wordpress\\\/\"},{\"@type\":\"ListItem\",\"position\":2,\"name\":\"Qui suis-je ?\",\"item\":\"https:\\\/\\\/jb-cosmetics.fr\\\/wordpress\\\/qui-suis-je\\\/\"},{\"@type\":\"ListItem\",\"position\":3,\"name\":\"La gamme de produits\"}]},{\"@type\":\"WebSite\",\"@id\":\"https:\\\/\\\/jb-cosmetics.fr\\\/wordpress\\\/#website\",\"url\":\"https:\\\/\\\/jb-cosmetics.fr\\\/wordpress\\\/\",\"name\":\"JB Cosmetics\",\"description\":\"\",\"publisher\":{\"@id\":\"https:\\\/\\\/jb-cosmetics.fr\\\/wordpress\\\/#organization\"},\"potentialAction\":[{\"@type\":\"SearchAction\",\"target\":{\"@type\":\"EntryPoint\",\"urlTemplate\":\"https:\\\/\\\/jb-cosmetics.fr\\\/wordpress\\\/?s={search_term_string}\"},\"query-input\":{\"@type\":\"PropertyValueSpecification\",\"valueRequired\":true,\"valueName\":\"search_term_string\"}}],\"inLanguage\":\"fr-FR\"},{\"@type\":\"Organization\",\"@id\":\"https:\\\/\\\/jb-cosmetics.fr\\\/wordpress\\\/#organization\",\"name\":\"JB Cosmetics\",\"url\":\"https:\\\/\\\/jb-cosmetics.fr\\\/wordpress\\\/\",\"logo\":{\"@type\":\"ImageObject\",\"inLanguage\":\"fr-FR\",\"@id\":\"https:\\\/\\\/jb-cosmetics.fr\\\/wordpress\\\/#\\\/schema\\\/logo\\\/image\\\/\",\"url\":\"https:\\\/\\\/jb-cosmetics.fr\\\/wordpress\\\/wp-content\\\/uploads\\\/2024\\\/02\\\/Logo.png\",\"contentUrl\":\"https:\\\/\\\/jb-cosmetics.fr\\\/wordpress\\\/wp-content\\\/uploads\\\/2024\\\/02\\\/Logo.png\",\"width\":225,\"height\":220,\"caption\":\"JB Cosmetics\"},\"image\":{\"@id\":\"https:\\\/\\\/jb-cosmetics.fr\\\/wordpress\\\/#\\\/schema\\\/logo\\\/image\\\/\"}}]}<\/script>\n<!-- \/ Yoast SEO plugin. -->","yoast_head_json":{"title":"La gamme de produits - JB Cosmetics","description":"Venez d\u00e9couvrir la gamme de produits que propose JB Cosmetics afin de vous apporter une solution adapt\u00e9e \u00e0 votre peau.","robots":{"index":"noindex","follow":"follow","max-snippet":"max-snippet:-1","max-image-preview":"max-image-preview:large","max-video-preview":"max-video-preview:-1"},"og_locale":"fr_FR","og_type":"article","og_title":"La gamme de produits - JB Cosmetics","og_description":"Venez d\u00e9couvrir la gamme de produits que propose JB Cosmetics afin de vous apporter une solution adapt\u00e9e \u00e0 votre peau.","og_url":"https:\/\/jb-cosmetics.fr\/wordpress\/qui-suis-je\/ma-gamme-de-produits\/","og_site_name":"JB Cosmetics","article_modified_time":"2025-01-11T09:25:24+00:00","og_image":[{"url":"https:\/\/jb-cosmetics.fr\/wordpress\/wp-content\/uploads\/elementor\/thumbs\/pexels-monstera-production-6621225-scaled-qzoyjg738f8da8eiqphee9f433tx0crpommruvx95s.jpg","type":"","width":"","height":""}],"twitter_card":"summary_large_image","twitter_misc":{"Dur\u00e9e de lecture estim\u00e9e":"2 minutes"},"schema":{"@context":"https:\/\/schema.org","@graph":[{"@type":"WebPage","@id":"https:\/\/jb-cosmetics.fr\/wordpress\/qui-suis-je\/ma-gamme-de-produits\/","url":"https:\/\/jb-cosmetics.fr\/wordpress\/qui-suis-je\/ma-gamme-de-produits\/","name":"La gamme de produits - JB Cosmetics","isPartOf":{"@id":"https:\/\/jb-cosmetics.fr\/wordpress\/#website"},"primaryImageOfPage":{"@id":"https:\/\/jb-cosmetics.fr\/wordpress\/qui-suis-je\/ma-gamme-de-produits\/#primaryimage"},"image":{"@id":"https:\/\/jb-cosmetics.fr\/wordpress\/qui-suis-je\/ma-gamme-de-produits\/#primaryimage"},"thumbnailUrl":"https:\/\/jb-cosmetics.fr\/wordpress\/wp-content\/uploads\/elementor\/thumbs\/pexels-monstera-production-6621225-scaled-qzoyjg738f8da8eiqphee9f433tx0crpommruvx95s.jpg","datePublished":"2024-02-15T21:23:01+00:00","dateModified":"2025-01-11T09:25:24+00:00","description":"Venez d\u00e9couvrir la gamme de produits que propose JB Cosmetics afin de vous apporter une solution adapt\u00e9e \u00e0 votre peau.","breadcrumb":{"@id":"https:\/\/jb-cosmetics.fr\/wordpress\/qui-suis-je\/ma-gamme-de-produits\/#breadcrumb"},"inLanguage":"fr-FR","potentialAction":[{"@type":"ReadAction","target":["https:\/\/jb-cosmetics.fr\/wordpress\/qui-suis-je\/ma-gamme-de-produits\/"]}]},{"@type":"ImageObject","inLanguage":"fr-FR","@id":"https:\/\/jb-cosmetics.fr\/wordpress\/qui-suis-je\/ma-gamme-de-produits\/#primaryimage","url":"https:\/\/jb-cosmetics.fr\/wordpress\/wp-content\/uploads\/elementor\/thumbs\/pexels-monstera-production-6621225-scaled-qzoyjg738f8da8eiqphee9f433tx0crpommruvx95s.jpg","contentUrl":"https:\/\/jb-cosmetics.fr\/wordpress\/wp-content\/uploads\/elementor\/thumbs\/pexels-monstera-production-6621225-scaled-qzoyjg738f8da8eiqphee9f433tx0crpommruvx95s.jpg"},{"@type":"BreadcrumbList","@id":"https:\/\/jb-cosmetics.fr\/wordpress\/qui-suis-je\/ma-gamme-de-produits\/#breadcrumb","itemListElement":[{"@type":"ListItem","position":1,"name":"Accueil","item":"https:\/\/jb-cosmetics.fr\/wordpress\/"},{"@type":"ListItem","position":2,"name":"Qui suis-je ?","item":"https:\/\/jb-cosmetics.fr\/wordpress\/qui-suis-je\/"},{"@type":"ListItem","position":3,"name":"La gamme de produits"}]},{"@type":"WebSite","@id":"https:\/\/jb-cosmetics.fr\/wordpress\/#website","url":"https:\/\/jb-cosmetics.fr\/wordpress\/","name":"JB Cosmetics","description":"","publisher":{"@id":"https:\/\/jb-cosmetics.fr\/wordpress\/#organization"},"potentialAction":[{"@type":"SearchAction","target":{"@type":"EntryPoint","urlTemplate":"https:\/\/jb-cosmetics.fr\/wordpress\/?s={search_term_string}"},"query-input":{"@type":"PropertyValueSpecification","valueRequired":true,"valueName":"search_term_string"}}],"inLanguage":"fr-FR"},{"@type":"Organization","@id":"https:\/\/jb-cosmetics.fr\/wordpress\/#organization","name":"JB Cosmetics","url":"https:\/\/jb-cosmetics.fr\/wordpress\/","logo":{"@type":"ImageObject","inLanguage":"fr-FR","@id":"https:\/\/jb-cosmetics.fr\/wordpress\/#\/schema\/logo\/image\/","url":"https:\/\/jb-cosmetics.fr\/wordpress\/wp-content\/uploads\/2024\/02\/Logo.png","contentUrl":"https:\/\/jb-cosmetics.fr\/wordpress\/wp-content\/uploads\/2024\/02\/Logo.png","width":225,"height":220,"caption":"JB Cosmetics"},"image":{"@id":"https:\/\/jb-cosmetics.fr\/wordpress\/#\/schema\/logo\/image\/"}}]}},"_links":{"self":[{"href":"https:\/\/jb-cosmetics.fr\/wordpress\/wp-json\/wp\/v2\/pages\/2437","targetHints":{"allow":["GET"]}}],"collection":[{"href":"https:\/\/jb-cosmetics.fr\/wordpress\/wp-json\/wp\/v2\/pages"}],"about":[{"href":"https:\/\/jb-cosmetics.fr\/wordpress\/wp-json\/wp\/v2\/types\/page"}],"author":[{"embeddable":true,"href":"https:\/\/jb-cosmetics.fr\/wordpress\/wp-json\/wp\/v2\/users\/1"}],"replies":[{"embeddable":true,"href":"https:\/\/jb-cosmetics.fr\/wordpress\/wp-json\/wp\/v2\/comments?post=2437"}],"version-history":[{"count":32,"href":"https:\/\/jb-cosmetics.fr\/wordpress\/wp-json\/wp\/v2\/pages\/2437\/revisions"}],"predecessor-version":[{"id":4606,"href":"https:\/\/jb-cosmetics.fr\/wordpress\/wp-json\/wp\/v2\/pages\/2437\/revisions\/4606"}],"up":[{"embeddable":true,"href":"https:\/\/jb-cosmetics.fr\/wordpress\/wp-json\/wp\/v2\/pages\/2431"}],"wp:attachment":[{"href":"https:\/\/jb-cosmetics.fr\/wordpress\/wp-json\/wp\/v2\/media?parent=2437"}],"curies":[{"name":"wp","href":"https:\/\/api.w.org\/{rel}","templated":true}]}}